{"id":13,"date":"2023-10-25T00:37:38","date_gmt":"2023-10-25T00:37:38","guid":{"rendered":"https:\/\/host-harbor.io\/?page_id=13"},"modified":"2023-11-09T14:20:17","modified_gmt":"2023-11-09T14:20:17","slug":"privacy-policy","status":"publish","type":"page","link":"https:\/\/host-harbor.io\/de\/privacy-policy\/","title":{"rendered":"Datenschutzbestimmungen"},"content":{"rendered":"<p>Die Datenschutzrichtlinie beschreibt, wie die Activanta Group Kft. die von den Nutzern (jeweils ein \"Nutzer\") der Webseite gesammelten Informationen sammelt, verwendet, verwaltet und offenlegt. <a href=\"http:\/\/host-harbor.io\/de\/\">host-harbor.io<\/a> Website (\"Website\"). Diese Datenschutzrichtlinie gilt f\u00fcr die Website und alle von der Activanta Group Kft. angebotenen Produkte und Dienstleistungen. Wenn Sie irgendwelche Fragen haben, schreiben Sie uns bitte an <a href=\"http:\/\/host-harbor.io\/de\/\">support@host-harbor.io<\/a> oder rufen Sie +3615507312 an. Sie k\u00f6nnen uns auch an diese Adresse schreiben: Cs\u00e1nyi L\u00e1szl\u00f3 utca 34, 1043, Budapest.<\/p>\n\n\n\n<h2 class=\"wp-block-heading\">Informationen zur pers\u00f6nlichen Identifizierung<\/h2>\n\n\n\n<p>Wir k\u00f6nnen pers\u00f6nliche Identifikationsdaten von Nutzern auf verschiedene Weise erfassen, unter anderem, wenn Nutzer unsere Website besuchen, den Newsletter abonnieren, ein Formular ausf\u00fcllen und in Verbindung mit anderen Aktivit\u00e4ten, Dienstleistungen, Funktionen oder Ressourcen, die wir auf unserer Website zur Verf\u00fcgung stellen. Die Benutzer k\u00f6nnen gegebenenfalls nach ihrem Namen, ihrer E-Mail-Adresse und ihrer Telefonnummer gefragt werden. Wir sammeln pers\u00f6nliche Identifikationsdaten von Benutzern nur dann, wenn sie uns diese Informationen freiwillig zur Verf\u00fcgung stellen. Die Benutzer k\u00f6nnen die Angabe pers\u00f6nlicher Identifikationsdaten jederzeit verweigern, es sei denn, dies kann sie daran hindern, an bestimmten mit der Website verbundenen Aktivit\u00e4ten teilzunehmen.<\/p>\n\n\n\n<h2 class=\"wp-block-heading\">Gesch\u00e4ftsinformationen und beigef\u00fcgte Materialien<\/h2>\n\n\n\n<p>Alle gemeinsam genutzten Informationen werden streng vertraulich behandelt. Host Harbor stellt sicher, dass alle Technologien, Codes, Informationen oder Materialien, die der Kunde Host Harbor in Verbindung mit der Ausf\u00fchrung der Arbeit durch Host Harbor zur Verf\u00fcgung stellt, einschlie\u00dflich, aber nicht beschr\u00e4nkt auf Produktmaterialien, Produkt- und Gesch\u00e4ftsinformationen des Kunden und Softwareprogramme (zusammenfassend \"Kundenmaterialien\"), zusammen mit allen geistigen Eigentumsrechten darin, Eigentum des Kunden sind und bleiben und das alleinige und exklusive Eigentum des Kunden sind. Host Harbor wird sich nach besten Kr\u00e4ften bem\u00fchen, keine Informationen \u00fcber den Kunden an Dritte weiterzugeben, ohne die schriftliche Erlaubnis des Kunden erhalten zu haben. Alle Verst\u00f6\u00dfe haben angemessene disziplinarische Ma\u00dfnahmen gegen die Verantwortlichen zur Folge, einschlie\u00dflich m\u00f6glicher K\u00fcndigung des Arbeitsverh\u00e4ltnisses und zivil-, straf- und verwaltungsrechtlicher Strafen.<\/p>\n\n\n\n<h2 class=\"wp-block-heading\">Nicht-personenbezogene Identifizierungsinformationen<\/h2>\n\n\n\n<p>Wir k\u00f6nnen nicht-personenbezogene Daten zur Identifizierung von Benutzern sammeln, wenn diese mit unserer Website interagieren. Zu den nicht personenbezogenen Daten geh\u00f6ren der Name des Browsers, die Art des Computers und technische Informationen \u00fcber die Art der Verbindung des Nutzers zu unserer Website, wie z. B. das Betriebssystem und die verwendeten Internetdienstanbieter sowie andere \u00e4hnliche Informationen.<\/p>\n\n\n\n<h2 class=\"wp-block-heading\">Webbrowser-Cookies<\/h2>\n\n\n\n<p>Ein Cookie ist ein kleiner Datensatz, der von einem Webserver an Ihren Browser gesendet und auf dessen Festplatte gespeichert wird, um Daten zu speichern und manchmal auch, um Informationen \u00fcber Sie zu verfolgen. Die Nutzer k\u00f6nnen ihren Webbrowser so einstellen, dass er Cookies ablehnt oder sie warnt, wenn Cookies gesendet werden. Standardm\u00e4\u00dfig verwendet die Website keine Cookies, bis der Nutzer dies \u00fcber das Popup-Fenster zur Cookie-Zustimmung, das beim ersten Besuch der Website erscheint, erlaubt. Wenn der Nutzer die Option \"nicht zulassen\" w\u00e4hlt, funktionieren einige Teile der Website m\u00f6glicherweise nicht ordnungsgem\u00e4\u00df, und einige Funktionen funktionieren nicht wie vorgesehen.<\/p>\n\n\n\n<h2 class=\"wp-block-heading\">Google Analytics<\/h2>\n\n\n\n<p>Wir verwenden ein Tool namens \"Google Analytics\", um Informationen \u00fcber die Nutzung dieser Website zu sammeln. Google Analytics sammelt Informationen dar\u00fcber, wie oft Nutzer diese Website besuchen, welche Seiten sie dabei besuchen und welche anderen Websites sie besucht haben, bevor sie auf diese Website kamen. Wir verwenden die Informationen, die wir von Google Analytics erhalten, nur zur Verbesserung dieser Website. Google Analytics sammelt nur die IP-Adresse, die Ihnen an dem Tag, an dem Sie diese Website besuchen, zugewiesen wurde, und nicht Ihren Namen oder andere identifizierende Informationen. Wir kombinieren die mit Google Analytics gesammelten Daten nicht mit pers\u00f6nlich identifizierbaren Informationen. Obwohl Google Analytics einen permanenten Cookie in Ihrem Webbrowser platziert, um Sie bei Ihrem n\u00e4chsten Besuch dieser Website als eindeutigen Nutzer zu identifizieren, kann der Cookie nur von Google verwendet werden. Die M\u00f6glichkeit von Google, die von Google Analytics \u00fcber Ihre Besuche auf dieser Website gesammelten Informationen zu nutzen und weiterzugeben, wird durch die Nutzungsbedingungen von Google Analytics (in der f\u00fcr staatliche Websites ge\u00e4nderten Fassung) und die Google-Datenschutzbestimmungen eingeschr\u00e4nkt. Sie k\u00f6nnen verhindern, dass Google Analytics Sie bei einem erneuten Besuch dieser Website wiedererkennt, indem Sie Cookies in Ihrem Browser deaktivieren.<\/p>\n\n\n\n<h2 class=\"wp-block-heading\">Wie wir gesammelte Informationen verwenden<\/h2>\n\n\n\n<p>Activanta Group Kft. kann pers\u00f6nliche Daten der Benutzer f\u00fcr die folgenden Zwecke sammeln und verwenden:<\/p>\n\n\n\n<h4 class=\"wp-block-heading\">Verbesserung der Benutzerfreundlichkeit<\/h4>\n\n\n\n<p>Wir k\u00f6nnen Informationen in der Gesamtheit verwenden, um zu verstehen, wie unsere Nutzer als Gruppe die auf unserer Website angebotenen Dienste und Ressourcen nutzen.<\/p>\n\n\n\n<h4 class=\"wp-block-heading\">Zur Verbesserung unserer Website<\/h4>\n\n\n\n<p>Wir sind st\u00e4ndig bestrebt, unser Website-Angebot auf der Grundlage der Informationen und R\u00fcckmeldungen, die wir von Ihnen erhalten, zu verbessern.<\/p>\n\n\n\n<h4 class=\"wp-block-heading\">Verbesserung des Kundendienstes<\/h4>\n\n\n\n<p>Ihre Informationen helfen uns, effektiver auf Kundendienstanfragen und Supportbedarf zu reagieren.<\/p>\n\n\n\n<h4 class=\"wp-block-heading\">Um einen Inhalt, eine Werbeaktion, eine Umfrage oder eine andere Funktion der Website zu verwalten<\/h4>\n\n\n\n<p>Um den Nutzern Informationen \u00fcber Themen zu senden, von denen wir glauben, dass sie sie interessieren.<\/p>\n\n\n\n<h4 class=\"wp-block-heading\">So senden Sie regelm\u00e4\u00dfig E-Mails<\/h4>\n\n\n\n<p>Die von den Nutzern angegebene E-Mail-Adresse wird nur zur Beantwortung ihrer Anfragen und\/oder anderer W\u00fcnsche oder Fragen verwendet. Wenn der Nutzer sich f\u00fcr die Aufnahme in unsere Mailingliste entscheidet, erh\u00e4lt er E-Mails mit Unternehmensnachrichten, Aktualisierungen, Informationen zu Produkten oder Dienstleistungen usw. Falls der Benutzer den Erhalt zuk\u00fcnftiger E-Mails abbestellen m\u00f6chte, finden Sie am Ende jeder E-Mail detaillierte Anweisungen zur Abbestellung.<\/p>\n\n\n\n<h2 class=\"wp-block-heading\">Wie wir Ihre Informationen sch\u00fctzen<\/h2>\n\n\n\n<p>Wir wenden angemessene Verfahren zur Datenerfassung, -speicherung und -verarbeitung sowie Sicherheitsma\u00dfnahmen an, um Ihre pers\u00f6nlichen Daten, Ihren Benutzernamen, Ihr Passwort, Ihre Transaktionsdaten und die auf unserer Website gespeicherten Daten vor unbefugtem Zugriff, Ver\u00e4nderung, Offenlegung oder Zerst\u00f6rung zu sch\u00fctzen.<\/p>\n\n\n\n<h2 class=\"wp-block-heading\">Weitergabe Ihrer pers\u00f6nlichen Informationen<\/h2>\n\n\n\n<p>Wir verkaufen, handeln oder vermieten die pers\u00f6nlichen Identifikationsdaten der Benutzer nicht an andere.<\/p>\n\n\n\n<h2 class=\"wp-block-heading\">\u00c4nderungen an dieser Datenschutzrichtlinie<\/h2>\n\n\n\n<p>Activanta Group Kft. kann diese Datenschutzrichtlinie jederzeit aktualisieren. Wir empfehlen Ihnen dringend, diese Seite auf \u00c4nderungen zu \u00fcberpr\u00fcfen, um dar\u00fcber informiert zu bleiben, wie wir die von uns gesammelten pers\u00f6nlichen Daten sch\u00fctzen. Sie erkennen an und stimmen zu, dass es in Ihrer Verantwortung liegt, diese Datenschutzrichtlinie regelm\u00e4\u00dfig zu \u00fcberpr\u00fcfen und sich \u00fcber \u00c4nderungen zu informieren. Bei wesentlichen \u00c4nderungen werden wir alle registrierten Benutzer per E-Mail \u00fcber die neuen Details informieren.<\/p>\n\n\n\n<h2 class=\"wp-block-heading\">Ihr Inhalt<\/h2>\n\n\n\n<p>Durch die Nutzung unserer Website akzeptieren Sie unsere Datenschutzrichtlinie. Wenn Sie mit dieser Politik nicht einverstanden sind, nutzen Sie bitte unsere Website nicht. Ihre fortgesetzte Nutzung der Website nach der Ver\u00f6ffentlichung von \u00c4nderungen an dieser Politik wird als Ihre Zustimmung zu diesen \u00c4nderungen angesehen. Der Nutzer kann verschiedene Ma\u00dfnahmen bez\u00fcglich der Behandlung seiner pers\u00f6nlichen und gesch\u00e4ftlichen Daten beantragen, indem er eine E-Mail an folgende Adresse sendet <a href=\"http:\/\/host-harbor.io\/de\/\">support@host-harbor.io<\/a> mit dem Namen der Anfrage in der Betreffzeile. Wir melden uns innerhalb von 30 Tagen nach Erhalt der E-Mail bei dem Nutzer zur\u00fcck, um entweder zu best\u00e4tigen, dass die Anfrage erf\u00fcllt wurde, oder um zu erkl\u00e4ren, warum sie nicht erf\u00fcllt werden konnte. Die Anfragen lauten wie folgt:<\/p>\n\n\n\n<h2 class=\"wp-block-heading\">Recht auf Zugang zu Dokumenten<\/h2>\n\n\n\n<p>Der Nutzer kann von der Website einen Bericht \u00fcber alle Orte anfordern, an denen seine pers\u00f6nlichen und gesch\u00e4ftlichen Daten gespeichert sind.<\/p>\n\n\n\n<h3 class=\"wp-block-heading\">Recht auf Berichtigung<\/h3>\n\n\n\n<p>Der Nutzer kann die Aktualisierung unzutreffender Daten beantragen.<\/p>\n\n\n\n<h3 class=\"wp-block-heading\">Recht auf L\u00f6schung<\/h3>\n\n\n\n<p>Der Nutzer kann die L\u00f6schung aller seiner pers\u00f6nlichen und gesch\u00e4ftlichen Daten auf der Website beantragen.<\/p>\n\n\n\n<h3 class=\"wp-block-heading\">Recht auf Einschr\u00e4nkung von Verfahren<\/h3>\n\n\n\n<p>Der Nutzer kann verlangen, dass die Website seine pers\u00f6nlichen und gesch\u00e4ftlichen Daten nicht verarbeitet.<\/p>\n\n\n\n<h3 class=\"wp-block-heading\">Recht auf Zugang zu pers\u00f6nlichen und gesch\u00e4ftlichen Daten<\/h3>\n\n\n\n<p>Der Nutzer kann verlangen, dass seine Daten in einem strukturierten, allgemein gebr\u00e4uchlichen und maschinenlesbaren Format zur Verf\u00fcgung gestellt werden, um sie an ein anderes Unternehmen zu \u00fcbermitteln oder auf andere Weise zu verwenden.<\/p>\n\n\n\n<h2 class=\"wp-block-heading\">Kontaktinformationen<\/h2>\n\n\n\n<p>Wenn Sie Fragen oder Bedenken zu unserer Datenschutzrichtlinie haben oder wenn Sie Probleme mit der Website oder einer ihrer Komponenten haben, wenden Sie sich bitte an uns unter <a href=\"http:\/\/host-harbor.io\/de\/\">support@host-harbor.io<\/a> oder <a href=\"https:\/\/host-harbor.io\/de\/contact-us\/\">https:\/\/host-harbor.io\/contact-us\/<\/a>.<\/p>","protected":false},"excerpt":{"rendered":"<p>Die Datenschutzrichtlinie beschreibt, wie Activanta Group Kft. Informationen von Nutzern (jeder ein \"Nutzer\") der host-harbor.io Webseite (\"Seite\") sammelt, verwendet, pflegt und offenlegt. Diese Datenschutzrichtlinie gilt f\u00fcr die Website und alle von Activanta Group Kft. angebotenen Produkte und Dienstleistungen. Wenn Sie Fragen haben, schreiben Sie uns bitte an support@host-harbor.io oder rufen Sie +3615507312 an. [...]<\/p>","protected":false},"author":1,"featured_media":0,"parent":0,"menu_order":0,"comment_status":"closed","ping_status":"closed","template":"template-pages\/policy.php","meta":{"inline_featured_image":false,"footnotes":""},"yoast_head":"<!-- This site is optimized with the Yoast SEO plugin v21.5 - https:\/\/yoast.com\/wordpress\/plugins\/seo\/ -->\n<title>Privacy policy - Host Harbor<\/title>\n<meta name=\"robots\" content=\"index, follow, max-snippet:-1, max-image-preview:large, max-video-preview:-1\" \/>\n<link rel=\"canonical\" href=\"https:\/\/host-harbor.io\/de\/privacy-policy\/\" \/>\n<meta property=\"og:locale\" content=\"de_DE\" \/>\n<meta property=\"og:type\" content=\"article\" \/>\n<meta property=\"og:title\" content=\"Privacy policy - Host Harbor\" \/>\n<meta property=\"og:description\" content=\"Privacy Policy describes how Activanta Group Kft. collects, uses, maintains, and discloses information collected from users (each, a \u201cUser\u201d) of the host-harbor.io website (\u201cSite\u201d). This privacy policy applies to the Site and all products and services offered by Activanta Group Kft. If you have any questions, please write to us by support@host-harbor.io or call +3615507312. [&hellip;]\" \/>\n<meta property=\"og:url\" content=\"https:\/\/host-harbor.io\/de\/privacy-policy\/\" \/>\n<meta property=\"og:site_name\" content=\"Host Harbor\" \/>\n<meta property=\"article:modified_time\" content=\"2023-11-09T14:20:17+00:00\" \/>\n<meta name=\"twitter:card\" content=\"summary_large_image\" \/>\n<script type=\"application\/ld+json\" class=\"yoast-schema-graph\">{\"@context\":\"https:\/\/schema.org\",\"@graph\":[{\"@type\":\"WebPage\",\"@id\":\"https:\/\/host-harbor.io\/privacy-policy\/\",\"url\":\"https:\/\/host-harbor.io\/privacy-policy\/\",\"name\":\"Privacy policy - Host Harbor\",\"isPartOf\":{\"@id\":\"https:\/\/host-harbor.io\/#website\"},\"datePublished\":\"2023-10-25T00:37:38+00:00\",\"dateModified\":\"2023-11-09T14:20:17+00:00\",\"breadcrumb\":{\"@id\":\"https:\/\/host-harbor.io\/privacy-policy\/#breadcrumb\"},\"inLanguage\":\"de\",\"potentialAction\":[{\"@type\":\"ReadAction\",\"target\":[\"https:\/\/host-harbor.io\/privacy-policy\/\"]}]},{\"@type\":\"BreadcrumbList\",\"@id\":\"https:\/\/host-harbor.io\/privacy-policy\/#breadcrumb\",\"itemListElement\":[{\"@type\":\"ListItem\",\"position\":1,\"name\":\"Home\",\"item\":\"https:\/\/host-harbor.io\/\"},{\"@type\":\"ListItem\",\"position\":2,\"name\":\"Privacy policy\"}]},{\"@type\":\"WebSite\",\"@id\":\"https:\/\/host-harbor.io\/#website\",\"url\":\"https:\/\/host-harbor.io\/\",\"name\":\"Host Harbor\",\"description\":\"\",\"publisher\":{\"@id\":\"https:\/\/host-harbor.io\/#organization\"},\"potentialAction\":[{\"@type\":\"SearchAction\",\"target\":{\"@type\":\"EntryPoint\",\"urlTemplate\":\"https:\/\/host-harbor.io\/?s={search_term_string}\"},\"query-input\":\"required name=search_term_string\"}],\"inLanguage\":\"de\"},{\"@type\":\"Organization\",\"@id\":\"https:\/\/host-harbor.io\/#organization\",\"name\":\"Host Harbor\",\"url\":\"https:\/\/host-harbor.io\/\",\"logo\":{\"@type\":\"ImageObject\",\"inLanguage\":\"de\",\"@id\":\"https:\/\/host-harbor.io\/#\/schema\/logo\/image\/\",\"url\":\"https:\/\/host-harbor.io\/wp-content\/uploads\/2023\/10\/Group-81048.svg\",\"contentUrl\":\"https:\/\/host-harbor.io\/wp-content\/uploads\/2023\/10\/Group-81048.svg\",\"width\":162,\"height\":22,\"caption\":\"Host Harbor\"},\"image\":{\"@id\":\"https:\/\/host-harbor.io\/#\/schema\/logo\/image\/\"}}]}<\/script>\n<!-- \/ Yoast SEO plugin. -->","yoast_head_json":{"title":"Privacy policy - Host Harbor","robots":{"index":"index","follow":"follow","max-snippet":"max-snippet:-1","max-image-preview":"max-image-preview:large","max-video-preview":"max-video-preview:-1"},"canonical":"https:\/\/host-harbor.io\/de\/privacy-policy\/","og_locale":"de_DE","og_type":"article","og_title":"Privacy policy - Host Harbor","og_description":"Privacy Policy describes how Activanta Group Kft. collects, uses, maintains, and discloses information collected from users (each, a \u201cUser\u201d) of the host-harbor.io website (\u201cSite\u201d). This privacy policy applies to the Site and all products and services offered by Activanta Group Kft. If you have any questions, please write to us by support@host-harbor.io or call +3615507312. [&hellip;]","og_url":"https:\/\/host-harbor.io\/de\/privacy-policy\/","og_site_name":"Host Harbor","article_modified_time":"2023-11-09T14:20:17+00:00","twitter_card":"summary_large_image","schema":{"@context":"https:\/\/schema.org","@graph":[{"@type":"WebPage","@id":"https:\/\/host-harbor.io\/privacy-policy\/","url":"https:\/\/host-harbor.io\/privacy-policy\/","name":"Privacy policy - Host Harbor","isPartOf":{"@id":"https:\/\/host-harbor.io\/#website"},"datePublished":"2023-10-25T00:37:38+00:00","dateModified":"2023-11-09T14:20:17+00:00","breadcrumb":{"@id":"https:\/\/host-harbor.io\/privacy-policy\/#breadcrumb"},"inLanguage":"de","potentialAction":[{"@type":"ReadAction","target":["https:\/\/host-harbor.io\/privacy-policy\/"]}]},{"@type":"BreadcrumbList","@id":"https:\/\/host-harbor.io\/privacy-policy\/#breadcrumb","itemListElement":[{"@type":"ListItem","position":1,"name":"Home","item":"https:\/\/host-harbor.io\/"},{"@type":"ListItem","position":2,"name":"Privacy policy"}]},{"@type":"WebSite","@id":"https:\/\/host-harbor.io\/#website","url":"https:\/\/host-harbor.io\/","name":"Host Harbor","description":"","publisher":{"@id":"https:\/\/host-harbor.io\/#organization"},"potentialAction":[{"@type":"SearchAction","target":{"@type":"EntryPoint","urlTemplate":"https:\/\/host-harbor.io\/?s={search_term_string}"},"query-input":"required name=search_term_string"}],"inLanguage":"de"},{"@type":"Organization","@id":"https:\/\/host-harbor.io\/#organization","name":"Host Harbor","url":"https:\/\/host-harbor.io\/","logo":{"@type":"ImageObject","inLanguage":"de","@id":"https:\/\/host-harbor.io\/#\/schema\/logo\/image\/","url":"https:\/\/host-harbor.io\/wp-content\/uploads\/2023\/10\/Group-81048.svg","contentUrl":"https:\/\/host-harbor.io\/wp-content\/uploads\/2023\/10\/Group-81048.svg","width":162,"height":22,"caption":"Host Harbor"},"image":{"@id":"https:\/\/host-harbor.io\/#\/schema\/logo\/image\/"}}]}},"_links":{"self":[{"href":"https:\/\/host-harbor.io\/de\/wp-json\/wp\/v2\/pages\/13"}],"collection":[{"href":"https:\/\/host-harbor.io\/de\/wp-json\/wp\/v2\/pages"}],"about":[{"href":"https:\/\/host-harbor.io\/de\/wp-json\/wp\/v2\/types\/page"}],"author":[{"embeddable":true,"href":"https:\/\/host-harbor.io\/de\/wp-json\/wp\/v2\/users\/1"}],"replies":[{"embeddable":true,"href":"https:\/\/host-harbor.io\/de\/wp-json\/wp\/v2\/comments?post=13"}],"version-history":[{"count":2,"href":"https:\/\/host-harbor.io\/de\/wp-json\/wp\/v2\/pages\/13\/revisions"}],"predecessor-version":[{"id":397,"href":"https:\/\/host-harbor.io\/de\/wp-json\/wp\/v2\/pages\/13\/revisions\/397"}],"wp:attachment":[{"href":"https:\/\/host-harbor.io\/de\/wp-json\/wp\/v2\/media?parent=13"}],"curies":[{"name":"wp","href":"https:\/\/api.w.org\/{rel}","templated":true}]}}