{"id":247,"date":"2023-10-31T14:33:08","date_gmt":"2023-10-31T14:33:08","guid":{"rendered":"https:\/\/host-harbor.io\/?page_id=247"},"modified":"2023-11-13T16:00:50","modified_gmt":"2023-11-13T16:00:50","slug":"terms-of-use","status":"publish","type":"page","link":"https:\/\/host-harbor.io\/de\/terms-of-use\/","title":{"rendered":"Bedingungen f\u00fcr die Nutzung"},"content":{"rendered":"<p>Willkommen bei <a href=\"http:\/\/host-harbor.io\/de\/\">host-harbor.io<\/a>!<\/p>\n\n\n\n<p><br>Diese Nutzungsbedingungen (\"Bedingungen\") enthalten die Regeln und Vorschriften f\u00fcr die Nutzung der Website der Activanta Group Kft. unter der Adresse <a href=\"http:\/\/host-harbor.io\/de\/\">https:\/\/host-harbor.io\/<\/a>.<\/p>\n\n\n\n<p><br>Diese Bedingungen regeln Ihren Zugang zu und Ihre Nutzung der Website <a href=\"http:\/\/host-harbor.io\/de\/\">host-harbor.io<\/a>. Indem Sie auf die Website zugreifen oder sie nutzen, erkl\u00e4ren Sie sich mit diesen Bedingungen einverstanden. Wenn Sie mit diesen Bedingungen nicht einverstanden sind, sollten Sie die Website nicht nutzen. Indem Sie auf die Website zugreifen oder sie nutzen, erkl\u00e4ren und garantieren Sie, dass Sie diese Bedingungen und alle geltenden Gesetze und Vorschriften gelesen und verstanden haben und damit einverstanden sind. Wenn Sie mit diesen Bedingungen nicht einverstanden sind, sind Sie nicht berechtigt, auf die Website zuzugreifen oder sie zu nutzen.<\/p>\n\n\n\n<h2 class=\"wp-block-heading\">Allgemeine Begriffe<\/h2>\n\n\n\n<p>Durch den Zugriff auf und die Bestellung bei Activanta Group Kft. (zusammenfassend \"Host Harbor\", \"wir\", \"uns\" und \"unser\"), best\u00e4tigen Sie, dass Sie mit diesen Nutzungsbedingungen einverstanden sind. Diese Bedingungen gelten f\u00fcr die gesamte Website und jede E-Mail oder andere Art der Kommunikation zwischen Ihnen und Host Harbor. Unter keinen Umst\u00e4nden haftet das Host Harbor Team f\u00fcr direkte, indirekte, besondere, zuf\u00e4llige oder Folgesch\u00e4den, einschlie\u00dflich, aber nicht beschr\u00e4nkt auf Daten- oder Gewinnverluste, die sich aus der Nutzung oder der Unm\u00f6glichkeit der Nutzung der Materialien dieser Website ergeben, selbst wenn das Host Harbor Team oder ein autorisierter Vertreter \u00fcber die M\u00f6glichkeit solcher Sch\u00e4den informiert wurde. Wenn Ihre Nutzung der Materialien dieser Website dazu f\u00fchrt, dass Ger\u00e4te oder Daten gewartet, repariert oder korrigiert werden m\u00fcssen, \u00fcbernehmen Sie die Kosten daf\u00fcr. Host Harbor ist nicht verantwortlich f\u00fcr die Folgen der Nutzung unserer Ressourcen. Wir behalten uns das Recht vor, die Preise zu \u00e4ndern und die Richtlinien zur Ressourcennutzung jederzeit zu \u00fcberarbeiten.<\/p>\n\n\n\n<h2 class=\"wp-block-heading\">Bedeutungen<\/h2>\n\n\n\n<p>F\u00fcr diese Nutzungsbedingungen:<br><\/p>\n\n\n\n<ul>\n<li><strong>Keks:<\/strong> kleine Daten, die von einer Website erzeugt und von Ihrem Webbrowser gespeichert werden. Sie werden verwendet, um Ihren Browser zu identifizieren, Analysen zu erstellen und Informationen \u00fcber Sie zu speichern, wie z. B. Ihre Spracheinstellung oder Ihre Anmeldeinformationen.<\/li>\n\n\n\n<li><strong>Unternehmen:<\/strong> Wenn in dieser Richtlinie von \"Host Harbor\", \"wir\", \"uns\" oder \"unser\" die Rede ist, bezieht sich dies auf die Activanta Group Kft. mit der eingetragenen Adresse: Kinizsi, u.20 foldszint 1, Budapest, Ungarn, 1203, Betriebsanschrift: Cs\u00e1nyi L\u00e1szl\u00f3 utca 34, 1043, Budapest, ist verantwortlich f\u00fcr Ihre Informationen im Rahmen dieser Nutzungsbedingungen.<\/li>\n\n\n\n<li><strong>Land: <\/strong>wo Host Harbor oder die Eigent\u00fcmer\/Gr\u00fcnder von Host Harbor ihren Sitz haben, in diesem Fall in Ungarn.<\/li>\n\n\n\n<li><strong>Ger\u00e4t: <\/strong>jedes mit dem Internet verbundene Ger\u00e4t, wie z. B. ein Telefon, ein Tablet, ein Computer oder ein anderes Ger\u00e4t, mit dem Host Harbor besucht und die Dienste genutzt werden k\u00f6nnen.<\/li>\n\n\n\n<li><strong>Dienst:<\/strong> bezieht sich auf die von Host Harbor erbrachte Dienstleistung, wie sie in den entsprechenden Bedingungen (falls vorhanden) und auf dieser Plattform beschrieben ist.<\/li>\n\n\n\n<li><strong>Dienst von Dritten: <\/strong>bezieht sich auf Werbetreibende, Sponsoren von Wettbewerben, Werbe- und Marketingpartner und andere, die unsere Inhalte bereitstellen oder deren Produkte oder Dienstleistungen unserer Meinung nach f\u00fcr Sie von Interesse sein k\u00f6nnten.<\/li>\n\n\n\n<li><strong>Website: <\/strong>Website der Activanta Group Kft., die \u00fcber diese URL zug\u00e4nglich ist: <a href=\"http:\/\/host-harbor.io\/de\/\">https:\/\/host-harbor.io\/<\/a>.<\/li>\n\n\n\n<li><strong>Sie: <\/strong>eine nat\u00fcrliche oder juristische Person, die bei Host Harbor zur Nutzung der Dienste registriert ist.<\/li>\n<\/ul>\n\n\n\n<h2 class=\"wp-block-heading\">Geltendes Recht und Gerichtsstand<\/h2>\n\n\n\n<p>Diese Bedingungen unterliegen den ungarischen Gesetzen und sind nach diesen auszulegen. Alle Streitigkeiten, die sich aus diesen Bedingungen ergeben, unterliegen der ausschlie\u00dflichen Zust\u00e4ndigkeit der Gerichte in Ungarn.<\/p>\n\n\n\n<h2 class=\"wp-block-heading\">Benutzerverhalten<\/h2>\n\n\n\n<p>Sie erkl\u00e4ren sich damit einverstanden, die Website nicht f\u00fcr ungesetzliche, missbr\u00e4uchliche oder unangemessene Zwecke zu nutzen. Insbesondere verpflichten Sie sich, Folgendes zu unterlassen:<br><\/p>\n\n\n\n<ul>\n<li>gegen geltende Gesetze oder Vorschriften versto\u00dfen;<\/li>\n\n\n\n<li>den Betrieb der Website oder ihrer Server zu st\u00f6ren oder zu unterbrechen;<\/li>\n\n\n\n<li>Sicherheitsma\u00dfnahmen zu umgehen oder zu versuchen, sie zu umgehen;<\/li>\n\n\n\n<li>Pers\u00f6nliche Informationen anderer Nutzer zu sammeln oder zu speichern;<\/li>\n\n\n\n<li>Inhalte zu ver\u00f6ffentlichen oder zu \u00fcbertragen, die sch\u00e4dlich, obsz\u00f6n, verleumderisch oder anderweitig anst\u00f6\u00dfig sind;<\/li>\n\n\n\n<li>die Website ohne vorherige schriftliche Zustimmung f\u00fcr kommerzielle Zwecke zu nutzen.<\/li>\n<\/ul>\n\n\n\n<h2 class=\"wp-block-heading\">Rechte an geistigem Eigentum<\/h2>\n\n\n\n<p>Die Webseite und ihr gesamter Inhalt, einschlie\u00dflich, aber nicht beschr\u00e4nkt auf Texte, Grafiken, Bilder, Logos, Icons und Software, sind das Eigentum der Activanta Group Kft. oder ihrer Lizenzgeber und sind durch geistige Eigentumsrechte gesch\u00fctzt. Ihnen wird eine begrenzte, nicht exklusive und nicht \u00fcbertragbare Lizenz f\u00fcr den Zugriff und die Nutzung der Webseite ausschlie\u00dflich f\u00fcr pers\u00f6nliche, nicht-kommerzielle Zwecke gew\u00e4hrt. Sie d\u00fcrfen die Webseite ohne vorherige schriftliche Zustimmung der Activanta Group Kft. nicht vervielf\u00e4ltigen, modifizieren, verbreiten oder abgeleitete Werke davon erstellen. Sie d\u00fcrfen nicht:<br><\/p>\n\n\n\n<ul>\n<li>Wiederver\u00f6ffentlichung von Material aus <a href=\"http:\/\/host-harbor.io\/de\/\">host-harbor.io<\/a>;<\/li>\n\n\n\n<li>Verkauf, Vermietung oder Unterlizenzierung von Material aus <a href=\"http:\/\/host-harbor.io\/de\/\">host-harbor.io<\/a>;<\/li>\n\n\n\n<li>Reproduzieren, Vervielf\u00e4ltigen oder Kopieren von Material aus <a href=\"http:\/\/host-harbor.io\/de\/\">host-harbor.io<\/a>;<\/li>\n\n\n\n<li>Weiterverbreitung von Inhalten aus <a href=\"http:\/\/host-harbor.io\/de\/\">host-harbor.io<\/a>.<\/li>\n<\/ul>\n\n\n\n<h2 class=\"wp-block-heading\">Inhalte von Drittanbietern<\/h2>\n\n\n\n<p>Die Website kann Links zu Websites, Dienstleistungen oder Werbung Dritter enthalten, die nicht im Besitz oder unter der Kontrolle von Host Harbor sind. Wir unterst\u00fctzen nicht und \u00fcbernehmen keine Verantwortung f\u00fcr die Inhalte Dritter. Ihre Interaktion mit Websites oder Dienstleistungen Dritter erfolgt ausschlie\u00dflich zwischen Ihnen und der jeweiligen dritten Partei, und Sie tun dies nach eigenem Ermessen und mit den Konsequenzen, die sich daraus ergeben k\u00f6nnen.<\/p>\n\n\n\n<h2 class=\"wp-block-heading\">Ausschluss von Garantien<\/h2>\n\n\n\n<p>Die Website wird auf einer \"as-is\"- und \"as-available\"-Basis bereitgestellt. Host Harbor gibt keine ausdr\u00fccklichen oder stillschweigenden Garantien oder Zusicherungen hinsichtlich der Genauigkeit, Zuverl\u00e4ssigkeit oder Eignung der Website f\u00fcr einen bestimmten Zweck. Wir \u00fcbernehmen keine Garantie f\u00fcr die Richtigkeit der Informationen auf dieser Website, noch f\u00fcr deren Vollst\u00e4ndigkeit oder Genauigkeit. Au\u00dferdem versprechen wir nicht, dass die Website st\u00e4ndig verf\u00fcgbar ist oder dass die Inhalte der Website immer auf dem neuesten Stand sind.<\/p>\n\n\n\n<h2 class=\"wp-block-heading\">Beschr\u00e4nkung der Haftung<\/h2>\n\n\n\n<p>In keinem Fall sind Host Harbor, seine Tochtergesellschaften, deren Mitarbeiter oder Vertreter f\u00fcr direkte, indirekte, zuf\u00e4llige, besondere oder Folgesch\u00e4den haftbar, die in irgendeiner Weise mit der Nutzung der Website oder ihres Inhalts zusammenh\u00e4ngen. Unsere Website und die Nutzung dieser Website unterliegen bestimmten Einschr\u00e4nkungen und Bedingungen. Die in diesem Abschnitt und im gesamten Haftungsausschluss dargelegten Bestimmungen zur Haftung gelten f\u00fcr alle Verbindlichkeiten, die sich aus der Nutzung unserer Website ergeben, einschlie\u00dflich derer, die sich aus Vertr\u00e4gen, unerlaubten Handlungen und der Verletzung gesetzlicher Pflichten ergeben. Auch wenn wir die Website und die darin enthaltenen Informationen und Dienstleistungen kostenlos zur Verf\u00fcgung stellen, k\u00f6nnen wir nicht f\u00fcr Verluste oder Sch\u00e4den haftbar gemacht werden.<\/p>\n\n\n\n<h2 class=\"wp-block-heading\">\u00c4nderungen der Bedingungen<\/h2>\n\n\n\n<p>Host Harbor beh\u00e4lt sich das Recht vor, diese Bedingungen jederzeit und ohne vorherige Ank\u00fcndigung zu aktualisieren oder zu \u00e4ndern. Es liegt in Ihrer Verantwortung, die Bedingungen regelm\u00e4\u00dfig auf eventuelle \u00c4nderungen zu \u00fcberpr\u00fcfen. Die fortgesetzte Nutzung der Website nach solchen \u00c4nderungen bedeutet Ihre Zustimmung zu den aktualisierten Bedingungen.<\/p>\n\n\n\n<h2 class=\"wp-block-heading\">Terminierung<\/h2>\n\n\n\n<p>Host Harbor kann nach eigenem Ermessen Ihren Zugang zur Website ohne Vorank\u00fcndigung und aus beliebigen Gr\u00fcnden aussetzen oder beenden, einschlie\u00dflich, aber nicht beschr\u00e4nkt auf die Verletzung dieser Bedingungen oder eines anwendbaren Gesetzes.<\/p>\n\n\n\n<h2 class=\"wp-block-heading\">Cookies<\/h2>\n\n\n\n<p>Wir verwenden Cookies. Beim Zugriff auf <a href=\"http:\/\/host-harbor.io\/de\/\">host-harbor.io<\/a> zum ersten Mal \u00fcber ein Cookiebot-Pop-up-Fenster aufgerufen haben, haben Sie das zul\u00e4ssige Ausma\u00df unserer Verwendung von Cookies festgelegt. Weitere Informationen \u00fcber Cookies und Tracking finden Sie auf der <a href=\"http:\/\/host-harbor.io\/de\/\">host-harbor.io<\/a> Website in der Datenschutzrichtlinie der Activanta Group Kft.<\/p>\n\n\n\n<h2 class=\"wp-block-heading\">Verlinkung zu unserem Inhalt<\/h2>\n\n\n\n<p>Einige Organisationen, wie z. B. Regierungsbeh\u00f6rden, Suchmaschinen, Nachrichten-\/Medienunternehmen und Online-Verzeichnisse, k\u00f6nnen ohne vorherige schriftliche Genehmigung auf unsere Website verlinken. Andere Unternehmen d\u00fcrfen auf unsere Website verlinken, solange die folgenden Bedingungen erf\u00fcllt sind:<br><\/p>\n\n\n\n<ul>\n<li>Der Link ist in keiner Weise irref\u00fchrend;&nbsp;<\/li>\n\n\n\n<li>Sie impliziert nicht f\u00e4lschlicherweise Sponsoring, Bef\u00fcrwortung oder Genehmigung der verlinkenden Partei und ihrer Produkte und\/oder Dienstleistungen;<\/li>\n\n\n\n<li>Sie f\u00fcgt sich in den Kontext der Website der verlinkenden Partei ein.<\/li>\n<\/ul>\n\n\n\n<p><br>Wir k\u00f6nnen andere Link-Antr\u00e4ge von anderen Organisationen in Betracht ziehen und genehmigen, wenn:<br>&nbsp;<\/p>\n\n\n\n<ul>\n<li>Die Verkn\u00fcpfung w\u00fcrde uns oder unsere akkreditierten Unternehmen nicht in ein schlechtes Licht r\u00fccken;<\/li>\n\n\n\n<li>Die Organisation hat keine negativen Eintr\u00e4ge bei uns;<\/li>\n\n\n\n<li>Der Link steht im Zusammenhang mit allgemeinen Ressourceninformationen.<\/li>\n<\/ul>\n\n\n\n<p><br>F\u00fcr Anfragen zur Verkn\u00fcpfung kontaktieren Sie uns bitte direkt unter <a href=\"http:\/\/host-harbor.io\/de\/\">support@host-harbor.io<\/a>. Ihre Anfrage muss enthalten:<br><\/p>\n\n\n\n<ul>\n<li>Ihr Name.<\/li>\n\n\n\n<li>Der Name Ihrer Organisation.<\/li>\n\n\n\n<li>Kontaktinformationen, sowie die URL Ihrer Website.<\/li>\n\n\n\n<li>Eine Liste von URLs, von denen Sie beabsichtigen, einen Link zu unserer Website zu erstellen.<\/li>\n\n\n\n<li>Eine Liste der URLs auf unserer Website, auf die Sie verlinken m\u00f6chten.&nbsp;<\/li>\n<\/ul>\n\n\n\n<h2 class=\"wp-block-heading\">Vorbehalt der Rechte<\/h2>\n\n\n\n<p>Wir behalten uns das Recht vor, die Entfernung einzelner oder aller Links zu unserer Website zu verlangen. Wenn Sie eine solche Aufforderung erhalten, sind Sie verpflichtet, alle Links zu unserer Website unverz\u00fcglich zu entfernen. Au\u00dferdem behalten wir uns das Recht vor, diese Bedingungen und unsere Linkpolitik jederzeit zu \u00e4ndern. Indem Sie kontinuierlich einen Link zu unserer Website herstellen, erkl\u00e4ren Sie sich mit diesen Bedingungen einverstanden.<\/p>\n\n\n\n<h2 class=\"wp-block-heading\">Trennbarkeit<\/h2>\n\n\n\n<p>Ungeachtet unseres Vers\u00e4umnisses, ein Recht im Rahmen dieser Nutzungsbedingungen auszu\u00fcben oder eine Bestimmung durchzusetzen, behalten wir uns das Recht vor, dies zu einem sp\u00e4teren Zeitpunkt zu tun, und eine solche Unt\u00e4tigkeit gilt nicht als Verzicht auf unsere Rechte oder schr\u00e4nkt unsere F\u00e4higkeit ein, diese Rechte in Zukunft auszu\u00fcben.<\/p>\n\n\n\n<p><br>Angenommen, ein Gericht oder eine andere zust\u00e4ndige Beh\u00f6rde erkl\u00e4rt eine Bestimmung der vorliegenden Nutzungsbedingungen f\u00fcr ung\u00fcltig. In diesem Fall erkennen Sie an und stimmen zu, dass das Gericht sich bem\u00fchen wird, die Absichten der Parteien, wie sie in dieser Bestimmung zum Ausdruck kommen, aufrechtzuerhalten. Im Gegensatz dazu bleiben alle anderen Bestimmungen dieser Nutzungsbedingungen vollst\u00e4ndig g\u00fcltig und wirksam.<\/p>\n\n\n\n<h2 class=\"wp-block-heading\">Entfernung von Links von unserer Website<\/h2>\n\n\n\n<p>Sollten Sie auf unserer Website auf Links sto\u00dfen, die Sie aus irgendeinem Grund als anst\u00f6\u00dfig empfinden, k\u00f6nnen Sie uns dies jederzeit mitteilen. Wir werden Anfragen zur Entfernung von Links zwar pr\u00fcfen, sind aber nicht verpflichtet, dies zu tun oder eine direkte Antwort zu geben.<\/p>\n\n\n\n<h2 class=\"wp-block-heading\">Kontaktinformationen<\/h2>\n\n\n\n<p>Wenn Sie Fragen oder Bedenken bez\u00fcglich dieser Bedingungen haben oder wenn Sie Probleme mit der Website oder einer ihrer Komponenten haben, wenden Sie sich bitte an uns unter <a href=\"http:\/\/host-harbor.io\/de\/\">support@host-harbor.io<\/a> oder <a href=\"https:\/\/host-harbor.io\/de\/contact-us\/\">https:\/\/host-harbor.io\/contact-us\/<\/a>.<\/p>","protected":false},"excerpt":{"rendered":"<p>Welcome to host-harbor.io! These Terms of Use (\u201cTerms\u201d) contain the rules and regulations for using Activanta Group Kft.\u2019s Website, located at https:\/\/host-harbor.io\/. These Terms regulate your access to and use of the Website host-harbor.io. By accessing or using the Website, you agree to abide by these Terms. If you do not agree with these Terms, [&hellip;]<\/p>","protected":false},"author":1,"featured_media":0,"parent":0,"menu_order":0,"comment_status":"closed","ping_status":"closed","template":"template-pages\/policy.php","meta":{"inline_featured_image":false,"footnotes":""},"yoast_head":"<!-- This site is optimized with the Yoast SEO plugin v21.5 - https:\/\/yoast.com\/wordpress\/plugins\/seo\/ -->\n<title>Terms of use - Host Harbor<\/title>\n<meta name=\"robots\" content=\"index, follow, max-snippet:-1, max-image-preview:large, max-video-preview:-1\" \/>\n<link rel=\"canonical\" href=\"https:\/\/host-harbor.io\/de\/terms-of-use\/\" \/>\n<meta property=\"og:locale\" content=\"de_DE\" \/>\n<meta property=\"og:type\" content=\"article\" \/>\n<meta property=\"og:title\" content=\"Terms of use - Host Harbor\" \/>\n<meta property=\"og:description\" content=\"Welcome to host-harbor.io! These Terms of Use (\u201cTerms\u201d) contain the rules and regulations for using Activanta Group Kft.\u2019s Website, located at https:\/\/host-harbor.io\/. These Terms regulate your access to and use of the Website host-harbor.io. By accessing or using the Website, you agree to abide by these Terms. If you do not agree with these Terms, [&hellip;]\" \/>\n<meta property=\"og:url\" content=\"https:\/\/host-harbor.io\/de\/terms-of-use\/\" \/>\n<meta property=\"og:site_name\" content=\"Host Harbor\" \/>\n<meta property=\"article:modified_time\" content=\"2023-11-13T16:00:50+00:00\" \/>\n<meta name=\"twitter:card\" content=\"summary_large_image\" \/>\n<script type=\"application\/ld+json\" class=\"yoast-schema-graph\">{\"@context\":\"https:\/\/schema.org\",\"@graph\":[{\"@type\":\"WebPage\",\"@id\":\"https:\/\/host-harbor.io\/terms-of-use\/\",\"url\":\"https:\/\/host-harbor.io\/terms-of-use\/\",\"name\":\"Terms of use - Host Harbor\",\"isPartOf\":{\"@id\":\"https:\/\/host-harbor.io\/#website\"},\"datePublished\":\"2023-10-31T14:33:08+00:00\",\"dateModified\":\"2023-11-13T16:00:50+00:00\",\"breadcrumb\":{\"@id\":\"https:\/\/host-harbor.io\/terms-of-use\/#breadcrumb\"},\"inLanguage\":\"de\",\"potentialAction\":[{\"@type\":\"ReadAction\",\"target\":[\"https:\/\/host-harbor.io\/terms-of-use\/\"]}]},{\"@type\":\"BreadcrumbList\",\"@id\":\"https:\/\/host-harbor.io\/terms-of-use\/#breadcrumb\",\"itemListElement\":[{\"@type\":\"ListItem\",\"position\":1,\"name\":\"Home\",\"item\":\"https:\/\/host-harbor.io\/\"},{\"@type\":\"ListItem\",\"position\":2,\"name\":\"Terms of use\"}]},{\"@type\":\"WebSite\",\"@id\":\"https:\/\/host-harbor.io\/#website\",\"url\":\"https:\/\/host-harbor.io\/\",\"name\":\"Host Harbor\",\"description\":\"\",\"publisher\":{\"@id\":\"https:\/\/host-harbor.io\/#organization\"},\"potentialAction\":[{\"@type\":\"SearchAction\",\"target\":{\"@type\":\"EntryPoint\",\"urlTemplate\":\"https:\/\/host-harbor.io\/?s={search_term_string}\"},\"query-input\":\"required name=search_term_string\"}],\"inLanguage\":\"de\"},{\"@type\":\"Organization\",\"@id\":\"https:\/\/host-harbor.io\/#organization\",\"name\":\"Host Harbor\",\"url\":\"https:\/\/host-harbor.io\/\",\"logo\":{\"@type\":\"ImageObject\",\"inLanguage\":\"de\",\"@id\":\"https:\/\/host-harbor.io\/#\/schema\/logo\/image\/\",\"url\":\"https:\/\/host-harbor.io\/wp-content\/uploads\/2023\/10\/Group-81048.svg\",\"contentUrl\":\"https:\/\/host-harbor.io\/wp-content\/uploads\/2023\/10\/Group-81048.svg\",\"width\":162,\"height\":22,\"caption\":\"Host Harbor\"},\"image\":{\"@id\":\"https:\/\/host-harbor.io\/#\/schema\/logo\/image\/\"}}]}<\/script>\n<!-- \/ Yoast SEO plugin. -->","yoast_head_json":{"title":"Terms of use - Host Harbor","robots":{"index":"index","follow":"follow","max-snippet":"max-snippet:-1","max-image-preview":"max-image-preview:large","max-video-preview":"max-video-preview:-1"},"canonical":"https:\/\/host-harbor.io\/de\/terms-of-use\/","og_locale":"de_DE","og_type":"article","og_title":"Terms of use - Host Harbor","og_description":"Welcome to host-harbor.io! These Terms of Use (\u201cTerms\u201d) contain the rules and regulations for using Activanta Group Kft.\u2019s Website, located at https:\/\/host-harbor.io\/. These Terms regulate your access to and use of the Website host-harbor.io. By accessing or using the Website, you agree to abide by these Terms. If you do not agree with these Terms, [&hellip;]","og_url":"https:\/\/host-harbor.io\/de\/terms-of-use\/","og_site_name":"Host Harbor","article_modified_time":"2023-11-13T16:00:50+00:00","twitter_card":"summary_large_image","schema":{"@context":"https:\/\/schema.org","@graph":[{"@type":"WebPage","@id":"https:\/\/host-harbor.io\/terms-of-use\/","url":"https:\/\/host-harbor.io\/terms-of-use\/","name":"Terms of use - Host Harbor","isPartOf":{"@id":"https:\/\/host-harbor.io\/#website"},"datePublished":"2023-10-31T14:33:08+00:00","dateModified":"2023-11-13T16:00:50+00:00","breadcrumb":{"@id":"https:\/\/host-harbor.io\/terms-of-use\/#breadcrumb"},"inLanguage":"de","potentialAction":[{"@type":"ReadAction","target":["https:\/\/host-harbor.io\/terms-of-use\/"]}]},{"@type":"BreadcrumbList","@id":"https:\/\/host-harbor.io\/terms-of-use\/#breadcrumb","itemListElement":[{"@type":"ListItem","position":1,"name":"Home","item":"https:\/\/host-harbor.io\/"},{"@type":"ListItem","position":2,"name":"Terms of use"}]},{"@type":"WebSite","@id":"https:\/\/host-harbor.io\/#website","url":"https:\/\/host-harbor.io\/","name":"Host Harbor","description":"","publisher":{"@id":"https:\/\/host-harbor.io\/#organization"},"potentialAction":[{"@type":"SearchAction","target":{"@type":"EntryPoint","urlTemplate":"https:\/\/host-harbor.io\/?s={search_term_string}"},"query-input":"required name=search_term_string"}],"inLanguage":"de"},{"@type":"Organization","@id":"https:\/\/host-harbor.io\/#organization","name":"Host Harbor","url":"https:\/\/host-harbor.io\/","logo":{"@type":"ImageObject","inLanguage":"de","@id":"https:\/\/host-harbor.io\/#\/schema\/logo\/image\/","url":"https:\/\/host-harbor.io\/wp-content\/uploads\/2023\/10\/Group-81048.svg","contentUrl":"https:\/\/host-harbor.io\/wp-content\/uploads\/2023\/10\/Group-81048.svg","width":162,"height":22,"caption":"Host Harbor"},"image":{"@id":"https:\/\/host-harbor.io\/#\/schema\/logo\/image\/"}}]}},"_links":{"self":[{"href":"https:\/\/host-harbor.io\/de\/wp-json\/wp\/v2\/pages\/247"}],"collection":[{"href":"https:\/\/host-harbor.io\/de\/wp-json\/wp\/v2\/pages"}],"about":[{"href":"https:\/\/host-harbor.io\/de\/wp-json\/wp\/v2\/types\/page"}],"author":[{"embeddable":true,"href":"https:\/\/host-harbor.io\/de\/wp-json\/wp\/v2\/users\/1"}],"replies":[{"embeddable":true,"href":"https:\/\/host-harbor.io\/de\/wp-json\/wp\/v2\/comments?post=247"}],"version-history":[{"count":10,"href":"https:\/\/host-harbor.io\/de\/wp-json\/wp\/v2\/pages\/247\/revisions"}],"predecessor-version":[{"id":428,"href":"https:\/\/host-harbor.io\/de\/wp-json\/wp\/v2\/pages\/247\/revisions\/428"}],"wp:attachment":[{"href":"https:\/\/host-harbor.io\/de\/wp-json\/wp\/v2\/media?parent=247"}],"curies":[{"name":"wp","href":"https:\/\/api.w.org\/{rel}","templated":true}]}}