{"id":398,"date":"2023-11-09T14:20:49","date_gmt":"2023-11-09T14:20:49","guid":{"rendered":"https:\/\/host-harbor.io\/?page_id=398"},"modified":"2023-11-10T11:57:16","modified_gmt":"2023-11-10T11:57:16","slug":"cookie-policy","status":"publish","type":"page","link":"https:\/\/host-harbor.io\/de\/cookie-policy\/","title":{"rendered":"Cookie-Politik"},"content":{"rendered":"<h1 class=\"wp-block-heading\">Einf\u00fchrung<\/h1>\n\n\n\n<p>Diese Cookie-Richtlinie (\"Richtlinie\") beschreibt, wie Host Harbor Cookies auf dieser Website verwendet.<\/p>\n\n\n\n<p>Diese Website (<a href=\"http:\/\/host-harbor.io\/de\/\">https:\/\/host-harbor.io\/<\/a>) wird verwaltet und betrieben von der Activanta Group Kft. mit eingetragener Anschrift: Kinizsi, u.20 foldszint 1, Budapest, Ungarn, 1203, Betriebsanschrift: Cs\u00e1nyi L\u00e1szl\u00f3 utca 34, 1043, Budapest.<\/p>\n\n\n\n<p><\/p>\n\n\n\n<p><br>Host Harbor beh\u00e4lt sich das Recht vor, diese Richtlinie (oder Teile davon) jederzeit und ohne Vorank\u00fcndigung zu \u00e4ndern. Es wird empfohlen, dass Sie diese Richtlinie regelm\u00e4\u00dfig auf \u00c4nderungen \u00fcberpr\u00fcfen.<\/p>\n\n\n\n<h2 class=\"wp-block-heading\">Was sind Cookies?<\/h2>\n\n\n\n<p>Host Harbor verwendet Cookies auf seiner Website. Ein Cookie ist eine kleine Textdatei, die an Ihren Internetbrowser gesendet wird. Ihr Internetbrowser (entweder \u00fcber Ihren Computer oder andere internetf\u00e4hige Ger\u00e4te wie Smartphones oder Tablets) speichert das Cookie. Ein Cookie ist in der Regel eine eindeutige Nummer, mit der Daten verkn\u00fcpft werden k\u00f6nnen.<\/p>\n\n\n\n<p><\/p>\n\n\n\n<p><br>Cookies k\u00f6nnen entweder \"dauerhafte\" Cookies oder \"Sitzungscookies\" sein. Ein dauerhafter Cookie besteht aus einer Textdatei, die von einem Webserver an einen Webbrowser gesendet wird, die vom Browser gespeichert wird und bis zu ihrem festgelegten Ablaufdatum g\u00fcltig bleibt (es sei denn, sie wird vom Besucher vor dem Ablaufdatum gel\u00f6scht). Ein Sitzungscookie hingegen l\u00e4uft am Ende der Besuchersitzung ab, wenn der Webbrowser geschlossen wird.<\/p>\n\n\n\n<h2 class=\"wp-block-heading\">Warum verwendet Host Harbor Cookies?<\/h2>\n\n\n\n<p>Host Harbor verwendet Cookies, um sicherzustellen, dass Sie die bestm\u00f6gliche Benutzererfahrung auf unserer Website haben und schnell und effizient auf der Website navigieren k\u00f6nnen. Host Harbor setzt auch Cookies ein, um festzustellen, wo Host Harbor die Website verbessern kann, damit Sie noch schneller und einfacher finden, was Sie suchen. Und schlie\u00dflich verwendet Host Harbor Cookies, um Ihnen relevante Informationen und Angebote zu unterbreiten.<\/p>\n\n\n\n<h2 class=\"wp-block-heading\">Welche Arten von Cookies werden von Host Harbor verwendet?<\/h2>\n\n\n\n<p>Host Harbor verwendet die folgenden Arten von Cookies auf seiner Website:<\/p>\n\n\n\n<p><br><strong>Funktionale Cookies: <\/strong>Diese Cookies sind f\u00fcr das ordnungsgem\u00e4\u00dfe Funktionieren dieser Website unerl\u00e4sslich. Sie werden verwendet, um Pr\u00e4ferenzen zu speichern, den Missbrauch unserer Website und Dienste zu erkennen und die Last auf unseren Servern zu verteilen, wodurch unsere Website verf\u00fcgbar bleibt. Bestimmte von Ihnen angeforderte Dienste k\u00f6nnen ohne diese Cookies nicht bereitgestellt werden.<\/p>\n\n\n\n<p><br><strong>Webstatistik-Cookies:<\/strong> Diese Cookies werden verwendet, um festzustellen, welche Teile dieser Website die Besucher am meisten interessieren. Dies erm\u00f6glicht es uns, die Struktur, die Navigation und den Inhalt unserer Website so benutzerfreundlich wie m\u00f6glich zu gestalten. Insbesondere werden diese Cookies verwendet, um (i) die Anzahl der Besucher auf unseren Webseiten zu verfolgen; (ii) die Zeit zu verfolgen, die jeder Benutzer auf unseren Webseiten verbringt; (iii) die Reihenfolge zu bestimmen, in der ein Besucher die verschiedenen Seiten unserer Website besucht; (iv) zu beurteilen, welche Teile der Website ge\u00e4ndert werden m\u00fcssen; und (v) die Website zu optimieren. Zu diesen Zwecken kann Software von Dritten (z. B. Google Analytics) verwendet werden.&nbsp;<\/p>\n\n\n\n<h2 class=\"wp-block-heading\">Was macht Host Harbor mit den Cookies?<\/h2>\n\n\n\n<p>Host Harbor verwendet die Cookies aus verschiedenen Gr\u00fcnden:<\/p>\n\n\n\n<ul>\n<li>um zu untersuchen, wie Benutzer oder Benutzergruppen die Website nutzen, damit Host Harbor die Website verbessern kann;<\/li>\n\n\n\n<li>um Sie besser \u00fcber die Dienstleistungen von Host Harbor informieren zu k\u00f6nnen;<\/li>\n\n\n\n<li>um Analysen f\u00fcr Forschung und Statistik zu erstellen;<\/li>\n\n\n\n<li>die Website zu verbessern, damit Sie leichter finden, was Sie suchen, und<\/li>\n\n\n\n<li>um Ihre Einstellungen und Pr\u00e4ferenzen zu speichern. Dies erleichtert Ihre sp\u00e4teren Besuche auf der Website.<\/li>\n<\/ul>\n\n\n\n<h2 class=\"wp-block-heading\">Wie kann ich Cookies akzeptieren?<\/h2>\n\n\n\n<p>Sie k\u00f6nnen Cookies akzeptieren, indem Sie auf dem Cookie-Pop-up auf der Startseite dieser Website auf die Schaltfl\u00e4che Akzeptieren und schlie\u00dfen klicken. Wenn Sie die Website das n\u00e4chste Mal besuchen, wird das Cookie-Pop-up nicht mehr angezeigt.<\/p>\n\n\n\n<h2 class=\"wp-block-heading\">Was akzeptiere ich, wenn ich Cookies akzeptiere?<\/h2>\n\n\n\n<p>Wenn Sie das Cookie-Pop-up akzeptieren, akzeptieren Sie alle auf dieser Website verwendeten Cookies und stimmen der Verwendung von Cookies wie in dieser Richtlinie beschrieben zu.<\/p>\n\n\n\n<h2 class=\"wp-block-heading\">Wie verwaltet man Cookies?<\/h2>\n\n\n\n<p>Wenn Sie nicht m\u00f6chten, dass unsere Website Cookies auf Ihrem Ger\u00e4t speichert, k\u00f6nnen Sie Ihre Browsereinstellungen so \u00e4ndern, dass Sie eine Warnung erhalten, bevor bestimmte Cookies gespeichert werden. Sie k\u00f6nnen Ihren Browser auch so einstellen, dass er die meisten unserer Cookies oder nur bestimmte Cookies von Drittanbietern ablehnt. Sie k\u00f6nnen Ihre Zustimmung zu Cookies auch widerrufen, indem Sie die bereits gespeicherten Cookies l\u00f6schen.<\/p>\n\n\n\n<p><br>Bitte beachten Sie, dass wir nicht garantieren k\u00f6nnen, dass unsere Website ordnungsgem\u00e4\u00df funktioniert, wenn Sie keine Cookies akzeptieren wollen. Es kann sein, dass Ihnen einige Funktionen nicht zur Verf\u00fcgung stehen oder dass Sie bestimmte Teile der Website gar nicht sehen k\u00f6nnen.<\/p>\n\n\n\n<p><br>Bitte beachten Sie, dass Sie Ihre Einstellungen f\u00fcr jeden Browser und jedes Ger\u00e4t \u00e4ndern m\u00fcssen. Au\u00dferdem funktionieren diese Methoden nicht bei bestimmten Online-Tracking-Technologien, die keine Cookies verwenden.<\/p>\n\n\n\n<p><br>Die Verfahren zur \u00c4nderung Ihrer Einstellungen und Cookies sind von Browser zu Browser unterschiedlich. Verwenden Sie gegebenenfalls die Hilfefunktion Ihres Browsers oder klicken Sie auf einen der unten stehenden Links, um direkt zum Benutzerhandbuch Ihres Browsers zu gelangen:<\/p>\n\n\n\n<p><br><a href=\"https:\/\/support.microsoft.com\/en-gb\/windows\/delete-and-manage-cookies-168dab11-0753-043d-7c16-ede5947fc64d\">Internet Explorer<\/a><\/p>\n\n\n\n<p><a href=\"https:\/\/support.mozilla.org\/en-US\/kb\/cookies-information-websites-store-on-your-computer?redirectslug=Cookies&amp;redirectlocale=en-US\">Mozilla Firefox<\/a><\/p>\n\n\n\n<p><a href=\"https:\/\/support.google.com\/chrome\/answer\/95647?hl=en\">Google Chrome<\/a><\/p>\n\n\n\n<p><a href=\"https:\/\/support.apple.com\/en-gb\/guide\/safari\/sfri11471\/mac\">Safari<\/a><\/p>\n\n\n\n<p><a href=\"https:\/\/security.opera.com\/en\/\">Oper<\/a><\/p>\n\n\n\n<p><br>Es gibt auch Softwareprodukte, die Cookies f\u00fcr Sie verwalten k\u00f6nnen. Sie k\u00f6nnen auch www.ghostery.com verwenden, um jedes Cookie auf unseren Websites zu akzeptieren oder abzulehnen.<\/p>\n\n\n\n<p><br>Wenn Sie mehr \u00fcber Cookies erfahren m\u00f6chten, einschlie\u00dflich ihrer Einstellung und wie Sie sie verwalten oder l\u00f6schen k\u00f6nnen, besuchen Sie <a href=\"http:\/\/www.allaboutcookies.org\">www.allaboutcookies.org<\/a>.<\/p>\n\n\n\n<h2 class=\"wp-block-heading\">Kontaktinformationen<\/h2>\n\n\n\n<p>Wenn Sie Fragen zur Cookie-Richtlinie von Host Harbor haben, senden Sie bitte eine E-Mail an <a href=\"http:\/\/host-harbor.io\/de\/\">support@host-harbor.io<\/a> und geben Sie unbedingt die Art Ihrer Anfrage an.<\/p>","protected":false},"excerpt":{"rendered":"<p>Introduction This Cookie Policy (\u201cPolicy\u201d) describes how Host Harbor uses cookies on this website. This website (https:\/\/host-harbor.io\/) is administered and operated by Activanta Group Kft. with registered address: Kinizsi, u.20 foldszint 1, Budapest, Hungary, 1203, operational address: Cs\u00e1nyi L\u00e1szl\u00f3 utca 34, 1043, Budapest. Host Harbor reserves the right to change (sections of) this Policy at [&hellip;]<\/p>","protected":false},"author":1,"featured_media":0,"parent":0,"menu_order":0,"comment_status":"closed","ping_status":"closed","template":"template-pages\/policy.php","meta":{"inline_featured_image":false,"footnotes":""},"yoast_head":"<!-- This site is optimized with the Yoast SEO plugin v21.5 - https:\/\/yoast.com\/wordpress\/plugins\/seo\/ -->\n<title>Cookie policy - Host Harbor<\/title>\n<meta name=\"robots\" content=\"index, follow, max-snippet:-1, max-image-preview:large, max-video-preview:-1\" \/>\n<link rel=\"canonical\" href=\"https:\/\/host-harbor.io\/de\/cookie-policy\/\" \/>\n<meta property=\"og:locale\" content=\"de_DE\" \/>\n<meta property=\"og:type\" content=\"article\" \/>\n<meta property=\"og:title\" content=\"Cookie policy - Host Harbor\" \/>\n<meta property=\"og:description\" content=\"Introduction This Cookie Policy (\u201cPolicy\u201d) describes how Host Harbor uses cookies on this website. This website (https:\/\/host-harbor.io\/) is administered and operated by Activanta Group Kft. with registered address: Kinizsi, u.20 foldszint 1, Budapest, Hungary, 1203, operational address: Cs\u00e1nyi L\u00e1szl\u00f3 utca 34, 1043, Budapest. Host Harbor reserves the right to change (sections of) this Policy at [&hellip;]\" \/>\n<meta property=\"og:url\" content=\"https:\/\/host-harbor.io\/de\/cookie-policy\/\" \/>\n<meta property=\"og:site_name\" content=\"Host Harbor\" \/>\n<meta property=\"article:modified_time\" content=\"2023-11-10T11:57:16+00:00\" \/>\n<meta name=\"twitter:card\" content=\"summary_large_image\" \/>\n<meta name=\"twitter:label1\" content=\"Gesch\u00e4tzte Lesezeit\" \/>\n\t<meta name=\"twitter:data1\" content=\"4\u00a0Minuten\" \/>\n<script type=\"application\/ld+json\" class=\"yoast-schema-graph\">{\"@context\":\"https:\/\/schema.org\",\"@graph\":[{\"@type\":\"WebPage\",\"@id\":\"https:\/\/host-harbor.io\/cookie-policy\/\",\"url\":\"https:\/\/host-harbor.io\/cookie-policy\/\",\"name\":\"Cookie policy - Host Harbor\",\"isPartOf\":{\"@id\":\"https:\/\/host-harbor.io\/#website\"},\"datePublished\":\"2023-11-09T14:20:49+00:00\",\"dateModified\":\"2023-11-10T11:57:16+00:00\",\"breadcrumb\":{\"@id\":\"https:\/\/host-harbor.io\/cookie-policy\/#breadcrumb\"},\"inLanguage\":\"de\",\"potentialAction\":[{\"@type\":\"ReadAction\",\"target\":[\"https:\/\/host-harbor.io\/cookie-policy\/\"]}]},{\"@type\":\"BreadcrumbList\",\"@id\":\"https:\/\/host-harbor.io\/cookie-policy\/#breadcrumb\",\"itemListElement\":[{\"@type\":\"ListItem\",\"position\":1,\"name\":\"Home\",\"item\":\"https:\/\/host-harbor.io\/\"},{\"@type\":\"ListItem\",\"position\":2,\"name\":\"Cookie policy\"}]},{\"@type\":\"WebSite\",\"@id\":\"https:\/\/host-harbor.io\/#website\",\"url\":\"https:\/\/host-harbor.io\/\",\"name\":\"Host Harbor\",\"description\":\"\",\"publisher\":{\"@id\":\"https:\/\/host-harbor.io\/#organization\"},\"potentialAction\":[{\"@type\":\"SearchAction\",\"target\":{\"@type\":\"EntryPoint\",\"urlTemplate\":\"https:\/\/host-harbor.io\/?s={search_term_string}\"},\"query-input\":\"required name=search_term_string\"}],\"inLanguage\":\"de\"},{\"@type\":\"Organization\",\"@id\":\"https:\/\/host-harbor.io\/#organization\",\"name\":\"Host Harbor\",\"url\":\"https:\/\/host-harbor.io\/\",\"logo\":{\"@type\":\"ImageObject\",\"inLanguage\":\"de\",\"@id\":\"https:\/\/host-harbor.io\/#\/schema\/logo\/image\/\",\"url\":\"https:\/\/host-harbor.io\/wp-content\/uploads\/2023\/10\/Group-81048.svg\",\"contentUrl\":\"https:\/\/host-harbor.io\/wp-content\/uploads\/2023\/10\/Group-81048.svg\",\"width\":162,\"height\":22,\"caption\":\"Host Harbor\"},\"image\":{\"@id\":\"https:\/\/host-harbor.io\/#\/schema\/logo\/image\/\"}}]}<\/script>\n<!-- \/ Yoast SEO plugin. -->","yoast_head_json":{"title":"Cookie policy - Host Harbor","robots":{"index":"index","follow":"follow","max-snippet":"max-snippet:-1","max-image-preview":"max-image-preview:large","max-video-preview":"max-video-preview:-1"},"canonical":"https:\/\/host-harbor.io\/de\/cookie-policy\/","og_locale":"de_DE","og_type":"article","og_title":"Cookie policy - Host Harbor","og_description":"Introduction This Cookie Policy (\u201cPolicy\u201d) describes how Host Harbor uses cookies on this website. This website (https:\/\/host-harbor.io\/) is administered and operated by Activanta Group Kft. with registered address: Kinizsi, u.20 foldszint 1, Budapest, Hungary, 1203, operational address: Cs\u00e1nyi L\u00e1szl\u00f3 utca 34, 1043, Budapest. Host Harbor reserves the right to change (sections of) this Policy at [&hellip;]","og_url":"https:\/\/host-harbor.io\/de\/cookie-policy\/","og_site_name":"Host Harbor","article_modified_time":"2023-11-10T11:57:16+00:00","twitter_card":"summary_large_image","twitter_misc":{"Gesch\u00e4tzte Lesezeit":"4\u00a0Minuten"},"schema":{"@context":"https:\/\/schema.org","@graph":[{"@type":"WebPage","@id":"https:\/\/host-harbor.io\/cookie-policy\/","url":"https:\/\/host-harbor.io\/cookie-policy\/","name":"Cookie policy - Host Harbor","isPartOf":{"@id":"https:\/\/host-harbor.io\/#website"},"datePublished":"2023-11-09T14:20:49+00:00","dateModified":"2023-11-10T11:57:16+00:00","breadcrumb":{"@id":"https:\/\/host-harbor.io\/cookie-policy\/#breadcrumb"},"inLanguage":"de","potentialAction":[{"@type":"ReadAction","target":["https:\/\/host-harbor.io\/cookie-policy\/"]}]},{"@type":"BreadcrumbList","@id":"https:\/\/host-harbor.io\/cookie-policy\/#breadcrumb","itemListElement":[{"@type":"ListItem","position":1,"name":"Home","item":"https:\/\/host-harbor.io\/"},{"@type":"ListItem","position":2,"name":"Cookie policy"}]},{"@type":"WebSite","@id":"https:\/\/host-harbor.io\/#website","url":"https:\/\/host-harbor.io\/","name":"Host Harbor","description":"","publisher":{"@id":"https:\/\/host-harbor.io\/#organization"},"potentialAction":[{"@type":"SearchAction","target":{"@type":"EntryPoint","urlTemplate":"https:\/\/host-harbor.io\/?s={search_term_string}"},"query-input":"required name=search_term_string"}],"inLanguage":"de"},{"@type":"Organization","@id":"https:\/\/host-harbor.io\/#organization","name":"Host Harbor","url":"https:\/\/host-harbor.io\/","logo":{"@type":"ImageObject","inLanguage":"de","@id":"https:\/\/host-harbor.io\/#\/schema\/logo\/image\/","url":"https:\/\/host-harbor.io\/wp-content\/uploads\/2023\/10\/Group-81048.svg","contentUrl":"https:\/\/host-harbor.io\/wp-content\/uploads\/2023\/10\/Group-81048.svg","width":162,"height":22,"caption":"Host Harbor"},"image":{"@id":"https:\/\/host-harbor.io\/#\/schema\/logo\/image\/"}}]}},"_links":{"self":[{"href":"https:\/\/host-harbor.io\/de\/wp-json\/wp\/v2\/pages\/398"}],"collection":[{"href":"https:\/\/host-harbor.io\/de\/wp-json\/wp\/v2\/pages"}],"about":[{"href":"https:\/\/host-harbor.io\/de\/wp-json\/wp\/v2\/types\/page"}],"author":[{"embeddable":true,"href":"https:\/\/host-harbor.io\/de\/wp-json\/wp\/v2\/users\/1"}],"replies":[{"embeddable":true,"href":"https:\/\/host-harbor.io\/de\/wp-json\/wp\/v2\/comments?post=398"}],"version-history":[{"count":5,"href":"https:\/\/host-harbor.io\/de\/wp-json\/wp\/v2\/pages\/398\/revisions"}],"predecessor-version":[{"id":415,"href":"https:\/\/host-harbor.io\/de\/wp-json\/wp\/v2\/pages\/398\/revisions\/415"}],"wp:attachment":[{"href":"https:\/\/host-harbor.io\/de\/wp-json\/wp\/v2\/media?parent=398"}],"curies":[{"name":"wp","href":"https:\/\/api.w.org\/{rel}","templated":true}]}}