{"id":247,"date":"2023-10-31T14:33:08","date_gmt":"2023-10-31T14:33:08","guid":{"rendered":"https:\/\/host-harbor.io\/?page_id=247"},"modified":"2023-11-13T16:00:50","modified_gmt":"2023-11-13T16:00:50","slug":"terms-of-use","status":"publish","type":"page","link":"https:\/\/host-harbor.io\/hu\/terms-of-use\/","title":{"rendered":"Haszn\u00e1lati felt\u00e9telek"},"content":{"rendered":"<p>\u00dcdv\u00f6z\u00f6lj\u00fck a <a href=\"http:\/\/host-harbor.io\/hu\/\">host-harbor.io<\/a>!<\/p>\n\n\n\n<p><br>A jelen Felhaszn\u00e1l\u00e1si Felt\u00e9telek (\"Felt\u00e9telek\") tartalmazz\u00e1k az Activanta Group Kft. weboldal\u00e1nak haszn\u00e1lat\u00e1ra vonatkoz\u00f3 szab\u00e1lyokat \u00e9s el\u0151\u00edr\u00e1sokat. <a href=\"http:\/\/host-harbor.io\/hu\/\">https:\/\/host-harbor.io\/<\/a>.<\/p>\n\n\n\n<p><br>A jelen Felt\u00e9telek szab\u00e1lyozz\u00e1k a Honlaphoz val\u00f3 hozz\u00e1f\u00e9r\u00e9st \u00e9s annak haszn\u00e1lat\u00e1t. <a href=\"http:\/\/host-harbor.io\/hu\/\">host-harbor.io<\/a>. A Honlaphoz val\u00f3 hozz\u00e1f\u00e9r\u00e9ssel vagy annak haszn\u00e1lat\u00e1val \u00d6n elfogadja a jelen Felt\u00e9telek betart\u00e1s\u00e1t. Ha nem \u00e9rt egyet a jelen Felt\u00e9telekkel, ne haszn\u00e1lja a Weboldalt. A Weboldalhoz val\u00f3 hozz\u00e1f\u00e9r\u00e9ssel vagy annak haszn\u00e1lat\u00e1val \u00d6n kijelenti \u00e9s garant\u00e1lja, hogy elolvasta, meg\u00e9rtette \u00e9s elfogadja a jelen Felt\u00e9teleket, valamint az \u00f6sszes vonatkoz\u00f3 t\u00f6rv\u00e9nyt \u00e9s rendeletet, \u00e9s elfogadja, hogy azok k\u00f6telez\u0151 \u00e9rv\u00e9ny\u0171ek. Ha nem \u00e9rt egyet a jelen Felt\u00e9telekkel, nem jogosult a Weboldalhoz hozz\u00e1f\u00e9rni vagy azt haszn\u00e1lni.<\/p>\n\n\n\n<h2 class=\"wp-block-heading\">\u00c1ltal\u00e1nos felt\u00e9telek<\/h2>\n\n\n\n<p>Az Activanta Group Kft. el\u00e9r\u00e9s\u00e9vel \u00e9s megrendel\u00e9s\u00e9nek lead\u00e1s\u00e1val. (egy\u00fcttesen \"Host Harbor\", \"mi\", \"minket\" \u00e9s \"mi\u00e9nk\"), \u00d6n meger\u0151s\u00edti, hogy elfogadja a jelen Felhaszn\u00e1l\u00e1si felt\u00e9teleket. A jelen Felt\u00e9telek a teljes weboldalra, valamint az \u00d6n \u00e9s a Host Harbor k\u00f6z\u00f6tti b\u00e1rmilyen e-mailre vagy m\u00e1s t\u00edpus\u00fa kommunik\u00e1ci\u00f3ra vonatkoznak. A Host Harbor csapata semmilyen k\u00f6r\u00fclm\u00e9nyek k\u00f6z\u00f6tt nem v\u00e1llal felel\u0151ss\u00e9get semmilyen k\u00f6zvetlen, k\u00f6zvetett, k\u00fcl\u00f6nleges, v\u00e9letlen vagy k\u00f6vetkezm\u00e9nyes k\u00e1r\u00e9rt, bele\u00e9rtve, de nem kiz\u00e1r\u00f3lagosan az adatok vagy nyeres\u00e9g elveszt\u00e9s\u00e9t, amely az ezen az oldalon tal\u00e1lhat\u00f3 anyagok haszn\u00e1lat\u00e1b\u00f3l vagy haszn\u00e1lat\u00e1nak lehetetlens\u00e9g\u00e9b\u0151l ered, m\u00e9g akkor sem, ha a Host Harbor csapata vagy meghatalmazott k\u00e9pvisel\u0151je t\u00e1j\u00e9koztat\u00e1st kapott az ilyen k\u00e1rok lehet\u0151s\u00e9g\u00e9r\u0151l. Ha az ezen az oldalon tal\u00e1lhat\u00f3 anyagok haszn\u00e1lata a berendez\u00e9sek vagy adatok szervizel\u00e9s\u00e9nek, jav\u00edt\u00e1s\u00e1nak vagy jav\u00edt\u00e1s\u00e1nak sz\u00fcks\u00e9gess\u00e9g\u00e9t eredm\u00e9nyezi, akkor ennek minden k\u00f6lts\u00e9g\u00e9t \u00d6n viseli. A Host Harbor nem v\u00e1llal felel\u0151ss\u00e9get az er\u0151forr\u00e1saink haszn\u00e1lata sor\u00e1n keletkezett eredm\u00e9nyek\u00e9rt. Fenntartjuk a jogot, hogy b\u00e1rmikor megv\u00e1ltoztassuk az \u00e1rakat \u00e9s fel\u00fclvizsg\u00e1ljuk az er\u0151forr\u00e1s-haszn\u00e1lati szab\u00e1lyzatot.<\/p>\n\n\n\n<h2 class=\"wp-block-heading\">Jelent\u00e9sek<\/h2>\n\n\n\n<p>A jelen felhaszn\u00e1l\u00e1si felt\u00e9telek:<br><\/p>\n\n\n\n<ul>\n<li><strong>S\u00fctem\u00e9ny:<\/strong> egy weboldal \u00e1ltal gener\u00e1lt \u00e9s a webb\u00f6ng\u00e9sz\u0151 \u00e1ltal elmentett kis adatok. A b\u00f6ng\u00e9sz\u0151 azonos\u00edt\u00e1s\u00e1ra, analitikai adatok szolg\u00e1ltat\u00e1s\u00e1ra \u00e9s az \u00d6nre vonatkoz\u00f3 inform\u00e1ci\u00f3k, p\u00e9ld\u00e1ul a nyelvi preferenci\u00e1k vagy a bejelentkez\u00e9si adatok megjegyz\u00e9s\u00e9re szolg\u00e1l.<\/li>\n\n\n\n<li><strong>C\u00e9g:<\/strong> Amikor ez a szab\u00e1lyzat \"Host Harbor\", \"mi\", \"minket\" vagy \"mi\u00e9nk\" kifejez\u00e9seket eml\u00edt, az Activanta Group Kft. bejegyzett c\u00edm\u00e9re utal: Kinizsi, u.20 foldszint 1, Budapest, Magyarorsz\u00e1g, 1203, m\u0171k\u00f6d\u00e9si c\u00edm: Cs\u00e1nyi L\u00e1szl\u00f3 utca 34, 1043, Budapest, felel\u0151s az \u00d6n adatai\u00e9rt a jelen Felhaszn\u00e1l\u00e1si felt\u00e9telek szerint.<\/li>\n\n\n\n<li><strong>Orsz\u00e1g: <\/strong>ahol a Host Harbor vagy a Host Harbor tulajdonosai\/alap\u00edt\u00f3i sz\u00e9khellyel rendelkeznek, jelen esetben Magyarorsz\u00e1gon.<\/li>\n\n\n\n<li><strong>Eszk\u00f6z: <\/strong>b\u00e1rmilyen internetkapcsolattal rendelkez\u0151 eszk\u00f6z, p\u00e9ld\u00e1ul telefon, t\u00e1blag\u00e9p, sz\u00e1m\u00edt\u00f3g\u00e9p vagy egy\u00e9b eszk\u00f6z, amely a Host Harbor megl\u00e1togat\u00e1s\u00e1ra \u00e9s a szolg\u00e1ltat\u00e1sok haszn\u00e1lat\u00e1ra haszn\u00e1lhat\u00f3.<\/li>\n\n\n\n<li><strong>Szolg\u00e1ltat\u00e1s:<\/strong> a Host Harbor \u00e1ltal ny\u00fajtott szolg\u00e1ltat\u00e1sra utal, a vonatkoz\u00f3 felt\u00e9telekben (ha van ilyen) \u00e9s ezen a platformon le\u00edrtak szerint.<\/li>\n\n\n\n<li><strong>Harmadik f\u00e9l szolg\u00e1ltat\u00e1sa: <\/strong>a hirdet\u0151kre, versenyek szponzoraira, prom\u00f3ci\u00f3s \u00e9s marketingpartnerekre \u00e9s m\u00e1sokra utal, akik tartalmat biztos\u00edtanak sz\u00e1munkra, vagy akiknek term\u00e9kei vagy szolg\u00e1ltat\u00e1sai szerint\u00fcnk \u00e9rdekelhetik \u00d6nt.<\/li>\n\n\n\n<li><strong>Weboldal: <\/strong>Activanta Group Kft. honlapja, amely ezen az URL c\u00edmen \u00e9rhet\u0151 el: <a href=\"http:\/\/host-harbor.io\/hu\/\">https:\/\/host-harbor.io\/<\/a>.<\/li>\n\n\n\n<li><strong>Te: <\/strong>a Host Harborn\u00e1l a Szolg\u00e1ltat\u00e1sok haszn\u00e1lat\u00e1ra regisztr\u00e1lt szem\u00e9ly vagy szervezet.<\/li>\n<\/ul>\n\n\n\n<h2 class=\"wp-block-heading\">Ir\u00e1nyad\u00f3 jog \u00e9s joghat\u00f3s\u00e1g<\/h2>\n\n\n\n<p>A jelen Felt\u00e9telekre Magyarorsz\u00e1g t\u00f6rv\u00e9nyei vonatkoznak, \u00e9s azokat Magyarorsz\u00e1g t\u00f6rv\u00e9nyei szerint kell \u00e9rtelmezni. A jelen Felt\u00e9telekb\u0151l ered\u0151 b\u00e1rmely jogvita a magyarorsz\u00e1gi b\u00edr\u00f3s\u00e1gok kiz\u00e1r\u00f3lagos joghat\u00f3s\u00e1ga al\u00e1 tartozik.<\/p>\n\n\n\n<h2 class=\"wp-block-heading\">Felhaszn\u00e1l\u00f3i magatart\u00e1s<\/h2>\n\n\n\n<p>\u00d6n beleegyezik, hogy a Weboldalt nem haszn\u00e1lja jogellenes, vissza\u00e9l\u00e9sszer\u0171 vagy nem megfelel\u0151 c\u00e9lokra. Konkr\u00e9tan, \u00d6n beleegyezik, hogy:<br><\/p>\n\n\n\n<ul>\n<li>Megs\u00e9rti az alkalmazand\u00f3 t\u00f6rv\u00e9nyeket vagy rendeleteket;<\/li>\n\n\n\n<li>zavarja vagy megzavarja a Weboldal vagy szervereinek m\u0171k\u00f6d\u00e9s\u00e9t;<\/li>\n\n\n\n<li>B\u00e1rmilyen biztons\u00e1gi int\u00e9zked\u00e9s megker\u00fcl\u00e9se vagy megk\u00eds\u00e9rl\u00e9se;<\/li>\n\n\n\n<li>M\u00e1s felhaszn\u00e1l\u00f3k szem\u00e9lyes adatainak gy\u0171jt\u00e9se vagy t\u00e1rol\u00e1sa;<\/li>\n\n\n\n<li>K\u00e1ros, obszc\u00e9n, becs\u00fclets\u00e9rt\u0151 vagy m\u00e1s m\u00f3don kifog\u00e1solhat\u00f3 tartalmak k\u00f6zz\u00e9t\u00e9tele vagy tov\u00e1bb\u00edt\u00e1sa;<\/li>\n\n\n\n<li>A Weboldal haszn\u00e1lata b\u00e1rmilyen kereskedelmi c\u00e9lra el\u0151zetes \u00edr\u00e1sbeli enged\u00e9ly n\u00e9lk\u00fcl.<\/li>\n<\/ul>\n\n\n\n<h2 class=\"wp-block-heading\">Szellemi tulajdonjogok<\/h2>\n\n\n\n<p>A Weboldal \u00e9s annak teljes tartalma, bele\u00e9rtve, de nem kiz\u00e1r\u00f3lagosan a sz\u00f6vegeket, grafik\u00e1kat, k\u00e9peket, log\u00f3kat, ikonokat \u00e9s szoftvereket, az Activanta Group Kft. vagy licencad\u00f3i tulajdon\u00e1t k\u00e9pezik, \u00e9s a szellemi tulajdonjogok v\u00e9delme alatt \u00e1llnak. \u00d6n korl\u00e1tozott, nem kiz\u00e1r\u00f3lagos \u00e9s nem \u00e1truh\u00e1zhat\u00f3 enged\u00e9lyt kap a Weboldalhoz val\u00f3 hozz\u00e1f\u00e9r\u00e9sre \u00e9s annak haszn\u00e1lat\u00e1ra kiz\u00e1r\u00f3lag szem\u00e9lyes, nem kereskedelmi c\u00e9lokra. Az Activanta Group Kft. el\u0151zetes \u00edr\u00e1sbeli enged\u00e9lye n\u00e9lk\u00fcl nem reproduk\u00e1lhatja, nem m\u00f3dos\u00edthatja, nem terjesztheti, \u00e9s nem hozhat l\u00e9tre a Weboldalb\u00f3l sz\u00e1rmaz\u00e9kos m\u0171veket. \u00d6n nem teheti meg:<br><\/p>\n\n\n\n<ul>\n<li>Anyagok \u00fajrak\u00f6zl\u00e9se a <a href=\"http:\/\/host-harbor.io\/hu\/\">host-harbor.io<\/a>;<\/li>\n\n\n\n<li>A k\u00f6vetkez\u0151 anyagok \u00e9rt\u00e9kes\u00edt\u00e9se, b\u00e9rbead\u00e1sa vagy allicencbe ad\u00e1sa <a href=\"http:\/\/host-harbor.io\/hu\/\">host-harbor.io<\/a>;<\/li>\n\n\n\n<li>A k\u00f6vetkez\u0151 anyagok reproduk\u00e1l\u00e1sa, sokszoros\u00edt\u00e1sa vagy m\u00e1sol\u00e1sa <a href=\"http:\/\/host-harbor.io\/hu\/\">host-harbor.io<\/a>;<\/li>\n\n\n\n<li>Tartalom \u00fajraeloszt\u00e1sa a <a href=\"http:\/\/host-harbor.io\/hu\/\">host-harbor.io<\/a>.<\/li>\n<\/ul>\n\n\n\n<h2 class=\"wp-block-heading\">Harmadik f\u00e9lt\u0151l sz\u00e1rmaz\u00f3 tartalom<\/h2>\n\n\n\n<p>A Weboldal tartalmazhat olyan harmadik f\u00e9l webhelyeire, szolg\u00e1ltat\u00e1saira vagy hirdet\u00e9seire mutat\u00f3 linkeket, amelyek nem a Host Harbor tulajdon\u00e1ban vagy ellen\u0151rz\u00e9se alatt \u00e1llnak. Nem t\u00e1mogatjuk \u00e9s nem v\u00e1llalunk felel\u0151ss\u00e9get harmadik f\u00e9l tartalm\u00e1\u00e9rt. A harmadik f\u00e9l webhelyeivel vagy szolg\u00e1ltat\u00e1saival val\u00f3 interakci\u00f3i kiz\u00e1r\u00f3lag \u00d6n \u00e9s az adott harmadik f\u00e9l k\u00f6z\u00f6tt zajlanak, \u00e9s ezt saj\u00e1t bel\u00e1t\u00e1sa szerint \u00e9s az esetlegesen felmer\u00fcl\u0151 k\u00f6vetkezm\u00e9nyekkel egy\u00fctt teszi.<\/p>\n\n\n\n<h2 class=\"wp-block-heading\">A garanci\u00e1kr\u00f3l val\u00f3 lemond\u00e1s<\/h2>\n\n\n\n<p>A Webhelyet \"ahogy van\" \u00e9s \"ahogy rendelkez\u00e9sre \u00e1ll\" alapon biztos\u00edtjuk. A Host Harbor nem v\u00e1llal semmilyen kifejezett vagy hallgat\u00f3lagos garanci\u00e1t vagy biztos\u00edt\u00e9kot a Weboldal pontoss\u00e1g\u00e1ra, megb\u00edzhat\u00f3s\u00e1g\u00e1ra vagy egy adott c\u00e9lra val\u00f3 alkalmass\u00e1g\u00e1ra vonatkoz\u00f3an. Nem garant\u00e1ljuk a weboldalon tal\u00e1lhat\u00f3 inform\u00e1ci\u00f3k helyess\u00e9g\u00e9t, sem azok teljess\u00e9g\u00e9t vagy pontoss\u00e1g\u00e1t. Tov\u00e1bb\u00e1 nem \u00edg\u00e9rj\u00fck a weboldal folyamatos el\u00e9rhet\u0151s\u00e9g\u00e9t, illetve azt sem, hogy a weboldal tartalma mindig naprak\u00e9sz lesz.<\/p>\n\n\n\n<h2 class=\"wp-block-heading\">A felel\u0151ss\u00e9g korl\u00e1toz\u00e1sa<\/h2>\n\n\n\n<p>A Host Harbor, annak le\u00e1nyv\u00e1llalatai, alkalmazottai vagy \u00fcgyn\u00f6kei semmilyen k\u00f6r\u00fclm\u00e9nyek k\u00f6z\u00f6tt nem v\u00e1llalnak felel\u0151ss\u00e9get semmilyen k\u00f6zvetlen, k\u00f6zvetett, v\u00e9letlen, k\u00fcl\u00f6nleges vagy k\u00f6vetkezm\u00e9nyes k\u00e1r\u00e9rt, amely b\u00e1rmilyen m\u00f3don kapcsol\u00f3dik a weboldal vagy annak tartalm\u00e1nak haszn\u00e1lat\u00e1hoz. Weboldalunk \u00e9s a weboldal haszn\u00e1lata bizonyos korl\u00e1toz\u00e1sok \u00e9s felt\u00e9telek hat\u00e1lya al\u00e1 tartozik. Az ebben a szakaszban \u00e9s az eg\u00e9sz jelen nyilatkozatban meghat\u00e1rozott felel\u0151ss\u00e9gre vonatkoz\u00f3 rendelkez\u00e9sek vonatkoznak a weboldalunk haszn\u00e1lat\u00e1b\u00f3l ered\u0151 valamennyi felel\u0151ss\u00e9gre, bele\u00e9rtve a szerz\u0151d\u00e9sb\u0151l, a jogellenes k\u00e1rokoz\u00e1sb\u00f3l \u00e9s a t\u00f6rv\u00e9nyes k\u00f6telezetts\u00e9g megszeg\u00e9s\u00e9b\u0151l ered\u0151 felel\u0151ss\u00e9get is. Tov\u00e1bb\u00e1, b\u00e1r a weboldalt, valamint a rajta tal\u00e1lhat\u00f3 inform\u00e1ci\u00f3kat \u00e9s szolg\u00e1ltat\u00e1sokat ingyenesen biztos\u00edtjuk, nem v\u00e1llalunk felel\u0151ss\u00e9get semmilyen vesztes\u00e9g\u00e9rt vagy k\u00e1r\u00e9rt.<\/p>\n\n\n\n<h2 class=\"wp-block-heading\">A felt\u00e9telek m\u00f3dos\u00edt\u00e1sa<\/h2>\n\n\n\n<p>A Host Harbor fenntartja a jogot, hogy a jelen Felt\u00e9teleket b\u00e1rmikor el\u0151zetes \u00e9rtes\u00edt\u00e9s n\u00e9lk\u00fcl friss\u00edtse vagy m\u00f3dos\u00edtsa. Az \u00d6n felel\u0151ss\u00e9ge, hogy rendszeresen fel\u00fclvizsg\u00e1lja a Felt\u00e9teleket az esetleges v\u00e1ltoz\u00e1sok miatt. A Webhely tov\u00e1bbi haszn\u00e1lata az ilyen m\u00f3dos\u00edt\u00e1sok ut\u00e1n a friss\u00edtett Felt\u00e9telek elfogad\u00e1s\u00e1t jelenti.<\/p>\n\n\n\n<h2 class=\"wp-block-heading\">Megsz\u00fcntet\u00e9s<\/h2>\n\n\n\n<p>A Host Harbor saj\u00e1t bel\u00e1t\u00e1sa szerint, el\u0151zetes \u00e9rtes\u00edt\u00e9s n\u00e9lk\u00fcl \u00e9s b\u00e1rmilyen okb\u00f3l, bele\u00e9rtve, de nem kiz\u00e1r\u00f3lagosan a jelen Felt\u00e9telek vagy b\u00e1rmely alkalmazand\u00f3 t\u00f6rv\u00e9ny megs\u00e9rt\u00e9s\u00e9t, felf\u00fcggesztheti vagy megsz\u00fcntetheti az \u00d6n hozz\u00e1f\u00e9r\u00e9s\u00e9t a Weboldalhoz.<\/p>\n\n\n\n<h2 class=\"wp-block-heading\">S\u00fctik<\/h2>\n\n\n\n<p>S\u00fctiket haszn\u00e1lunk. Bel\u00e9p\u00e9skor <a href=\"http:\/\/host-harbor.io\/hu\/\">host-harbor.io<\/a> el\u0151sz\u00f6r egy Cookiebot felugr\u00f3 ablakon kereszt\u00fcl, \u00d6n meghat\u00e1rozta a cookie-k haszn\u00e1lat\u00e1nak megengedett m\u00e9rt\u00e9k\u00e9t. A cookie-kr\u00f3l \u00e9s a nyomon k\u00f6vet\u00e9sr\u0151l t\u00f6bbet megtudhat a <a href=\"http:\/\/host-harbor.io\/hu\/\">host-harbor.io<\/a> weboldalon az Activanta Group Kft. adatv\u00e9delmi szab\u00e1lyzat\u00e1ban.<\/p>\n\n\n\n<h2 class=\"wp-block-heading\">Hiperhivatkoz\u00e1s a tartalmainkra<\/h2>\n\n\n\n<p>Egyes szervezetek, p\u00e9ld\u00e1ul korm\u00e1nyzati szervek, keres\u0151motorok, h\u00edr- \u00e9s m\u00e9diav\u00e1llalatok, valamint online k\u00f6nyvt\u00e1rak el\u0151zetes \u00edr\u00e1sbeli j\u00f3v\u00e1hagy\u00e1s n\u00e9lk\u00fcl is hivatkozhatnak a Weboldalunkra. M\u00e1s c\u00e9gek mindaddig hivatkozhatnak a Weboldalunkra, am\u00edg az al\u00e1bbi felt\u00e9telek teljes\u00fclnek:<br><\/p>\n\n\n\n<ul>\n<li>A link semmilyen m\u00f3don nem megt\u00e9veszt\u0151;&nbsp;<\/li>\n\n\n\n<li>Nem sugallja hamisan a linkel\u0151 f\u00e9l \u00e9s term\u00e9kei \u00e9s\/vagy szolg\u00e1ltat\u00e1sai szponzor\u00e1l\u00e1s\u00e1t, j\u00f3v\u00e1hagy\u00e1s\u00e1t vagy j\u00f3v\u00e1hagy\u00e1s\u00e1t;<\/li>\n\n\n\n<li>A linkel\u0151 f\u00e9l oldal\u00e1nak kontextus\u00e1ba illeszkedik.<\/li>\n<\/ul>\n\n\n\n<p><br>M\u00e1s szervezetekt\u0151l sz\u00e1rmaz\u00f3 egy\u00e9b linkk\u00e9relmeket is figyelembe vehet\u00fcnk \u00e9s j\u00f3v\u00e1hagyhatunk, amennyiben:<br>&nbsp;<\/p>\n\n\n\n<ul>\n<li>A kapcsolat nem vetne r\u00e1nk vagy akkredit\u00e1lt v\u00e1llalkoz\u00e1sainkra n\u00e9zve kedvez\u0151tlen f\u00e9nyt;<\/li>\n\n\n\n<li>A szervezetnek nincsenek negat\u00edv adatai n\u00e1lunk;<\/li>\n\n\n\n<li>A link az \u00e1ltal\u00e1nos forr\u00e1sinform\u00e1ci\u00f3kkal \u00f6sszef\u00fcgg\u00e9sben tal\u00e1lhat\u00f3.<\/li>\n<\/ul>\n\n\n\n<p><br>Kapcsol\u00f3d\u00e1si k\u00e9rd\u00e9sek eset\u00e9n k\u00e9rj\u00fck, forduljon hozz\u00e1nk k\u00f6zvetlen\u00fcl a k\u00f6vetkez\u0151 c\u00edmen <a href=\"http:\/\/host-harbor.io\/hu\/\">support@host-harbor.io<\/a>. A megkeres\u00e9snek tartalmaznia kell:<br><\/p>\n\n\n\n<ul>\n<li>Az \u00d6n neve.<\/li>\n\n\n\n<li>A szervezet neve.<\/li>\n\n\n\n<li>El\u00e9rhet\u0151s\u00e9gi adatok, valamint a webhely URL-c\u00edme.<\/li>\n\n\n\n<li>Azoknak az URL-c\u00edmeknek a list\u00e1ja, amelyekr\u0151l a Weboldalunkra k\u00edv\u00e1n hivatkozni.<\/li>\n\n\n\n<li>Azoknak az URL-c\u00edmeknek a list\u00e1ja, amelyekre hivatkozni szeretne.&nbsp;<\/li>\n<\/ul>\n\n\n\n<h2 class=\"wp-block-heading\">Jogfenntart\u00e1s<\/h2>\n\n\n\n<p>Fenntartjuk a jogot arra, hogy a weboldalunkra mutat\u00f3 b\u00e1rmely vagy valamennyi link elt\u00e1vol\u00edt\u00e1s\u00e1t k\u00e9rhess\u00fck. Ilyen k\u00e9r\u00e9s eset\u00e9n \u00d6n k\u00f6teles halad\u00e9ktalanul elt\u00e1vol\u00edtani a weboldalunkra mutat\u00f3 \u00f6sszes linket. Ezen k\u00edv\u00fcl fenntartjuk a jogot, hogy b\u00e1rmikor m\u00f3dos\u00edtsuk ezeket a felt\u00e9teleket \u00e9s a linkel\u00e9si politik\u00e1nkat. A weboldalunkra t\u00f6rt\u00e9n\u0151 folyamatos hivatkoz\u00e1ssal \u00d6n beleegyezik, hogy a jelen hivatkoz\u00e1si felt\u00e9telek \u00e9s kik\u00f6t\u00e9sek k\u00f6telez\u0151 \u00e9rv\u00e9ny\u0171ek \u00e9s betartja azokat.<\/p>\n\n\n\n<h2 class=\"wp-block-heading\">Elv\u00e1laszthat\u00f3s\u00e1g<\/h2>\n\n\n\n<p>Annak ellen\u00e9re, hogy nem gyakoroljuk a jelen Felhaszn\u00e1l\u00e1si felt\u00e9telek szerinti b\u00e1rmely jogunkat, vagy nem \u00e9rv\u00e9nyes\u00edtj\u00fck a jelen felt\u00e9telek b\u00e1rmely rendelkez\u00e9s\u00e9t, fenntartjuk a jogot, hogy ezt k\u00e9s\u0151bb is megtegy\u00fck, \u00e9s az ilyen t\u00e9tlens\u00e9g nem tekinthet\u0151 jogainkr\u00f3l val\u00f3 lemond\u00e1snak, \u00e9s nem korl\u00e1tozza a j\u00f6v\u0151beni jogaink gyakorl\u00e1s\u00e1t.<\/p>\n\n\n\n<p><br>Tegy\u00fck fel, hogy egy b\u00edr\u00f3s\u00e1g vagy m\u00e1s illet\u00e9kes hat\u00f3s\u00e1g a jelen Felhaszn\u00e1l\u00e1si felt\u00e9telek b\u00e1rmely rendelkez\u00e9s\u00e9t \u00e9rv\u00e9nytelennek nyilv\u00e1n\u00edtja. Ebben az esetben \u00d6n tudom\u00e1sul veszi \u00e9s elfogadja, hogy a b\u00edr\u00f3s\u00e1g er\u0151fesz\u00edt\u00e9seket tesz a felek adott rendelkez\u00e9sben kifejezett sz\u00e1nd\u00e9k\u00e1nak fenntart\u00e1s\u00e1ra. Ezzel szemben a jelen Felhaszn\u00e1l\u00e1si felt\u00e9telek minden m\u00e1s rendelkez\u00e9se teljes m\u00e9rt\u00e9kben \u00e9rv\u00e9nyes \u00e9s hat\u00e1lyos marad.<\/p>\n\n\n\n<h2 class=\"wp-block-heading\">Linkek elt\u00e1vol\u00edt\u00e1sa a weboldalunkr\u00f3l<\/h2>\n\n\n\n<p>Ha olyan linkekkel tal\u00e1lkozik a weboldalunkon, amelyeket b\u00e1rmilyen okb\u00f3l s\u00e9rt\u0151nek tal\u00e1l, k\u00e9rj\u00fck, hogy b\u00e1rmikor \u00e9rtes\u00edtsen minket. B\u00e1r megfontoljuk a linkek elt\u00e1vol\u00edt\u00e1s\u00e1ra vonatkoz\u00f3 k\u00e9r\u00e9seket, nem vagyunk k\u00f6telesek erre, illetve nem adunk k\u00f6zvetlen v\u00e1laszt.<\/p>\n\n\n\n<h2 class=\"wp-block-heading\">Kapcsolattart\u00e1si inform\u00e1ci\u00f3k<\/h2>\n\n\n\n<p>Ha b\u00e1rmilyen k\u00e9rd\u00e9se vagy agg\u00e1lya van a jelen Felt\u00e9telekkel kapcsolatban, vagy ha b\u00e1rmilyen probl\u00e9m\u00e1ja van a weboldallal vagy annak b\u00e1rmely \u00f6sszetev\u0151j\u00e9vel, k\u00e9rj\u00fck, l\u00e9pjen kapcsolatba vel\u00fcnk a k\u00f6vetkez\u0151 c\u00edmen <a href=\"http:\/\/host-harbor.io\/hu\/\">support@host-harbor.io<\/a> vagy <a href=\"https:\/\/host-harbor.io\/hu\/contact-us\/\">https:\/\/host-harbor.io\/contact-us\/<\/a>.<\/p>","protected":false},"excerpt":{"rendered":"<p>\u00dcdv\u00f6z\u00f6lj\u00fck a host-harbor.io-n! A jelen Felhaszn\u00e1l\u00e1si Felt\u00e9telek (\"Felt\u00e9telek\") tartalmazz\u00e1k az Activanta Group Kft. https:\/\/host-harbor.io\/ c\u00edmen tal\u00e1lhat\u00f3 weboldal\u00e1nak haszn\u00e1lat\u00e1ra vonatkoz\u00f3 szab\u00e1lyokat \u00e9s el\u0151\u00edr\u00e1sokat. A jelen Felt\u00e9telek szab\u00e1lyozz\u00e1k a host-harbor.io weboldalhoz val\u00f3 hozz\u00e1f\u00e9r\u00e9st \u00e9s annak haszn\u00e1lat\u00e1t. A Weboldalhoz val\u00f3 hozz\u00e1f\u00e9r\u00e9ssel vagy annak haszn\u00e1lat\u00e1val \u00d6n elfogadja a jelen Felt\u00e9telek betart\u00e1s\u00e1t. Ha nem \u00e9rt egyet a jelen Felt\u00e9telekkel, [...]<\/p>","protected":false},"author":1,"featured_media":0,"parent":0,"menu_order":0,"comment_status":"closed","ping_status":"closed","template":"template-pages\/policy.php","meta":{"inline_featured_image":false,"footnotes":""},"yoast_head":"<!-- This site is optimized with the Yoast SEO plugin v21.5 - https:\/\/yoast.com\/wordpress\/plugins\/seo\/ -->\n<title>Terms of use - Host Harbor<\/title>\n<meta name=\"robots\" content=\"index, follow, max-snippet:-1, max-image-preview:large, max-video-preview:-1\" \/>\n<link rel=\"canonical\" href=\"https:\/\/host-harbor.io\/hu\/terms-of-use\/\" \/>\n<meta property=\"og:locale\" content=\"hu_HU\" \/>\n<meta property=\"og:type\" content=\"article\" \/>\n<meta property=\"og:title\" content=\"Terms of use - Host Harbor\" \/>\n<meta property=\"og:description\" content=\"Welcome to host-harbor.io! These Terms of Use (\u201cTerms\u201d) contain the rules and regulations for using Activanta Group Kft.\u2019s Website, located at https:\/\/host-harbor.io\/. These Terms regulate your access to and use of the Website host-harbor.io. By accessing or using the Website, you agree to abide by these Terms. If you do not agree with these Terms, [&hellip;]\" \/>\n<meta property=\"og:url\" content=\"https:\/\/host-harbor.io\/hu\/terms-of-use\/\" \/>\n<meta property=\"og:site_name\" content=\"Host Harbor\" \/>\n<meta property=\"article:modified_time\" content=\"2023-11-13T16:00:50+00:00\" \/>\n<meta name=\"twitter:card\" content=\"summary_large_image\" \/>\n<script type=\"application\/ld+json\" class=\"yoast-schema-graph\">{\"@context\":\"https:\/\/schema.org\",\"@graph\":[{\"@type\":\"WebPage\",\"@id\":\"https:\/\/host-harbor.io\/terms-of-use\/\",\"url\":\"https:\/\/host-harbor.io\/terms-of-use\/\",\"name\":\"Terms of use - Host Harbor\",\"isPartOf\":{\"@id\":\"https:\/\/host-harbor.io\/#website\"},\"datePublished\":\"2023-10-31T14:33:08+00:00\",\"dateModified\":\"2023-11-13T16:00:50+00:00\",\"breadcrumb\":{\"@id\":\"https:\/\/host-harbor.io\/terms-of-use\/#breadcrumb\"},\"inLanguage\":\"hu\",\"potentialAction\":[{\"@type\":\"ReadAction\",\"target\":[\"https:\/\/host-harbor.io\/terms-of-use\/\"]}]},{\"@type\":\"BreadcrumbList\",\"@id\":\"https:\/\/host-harbor.io\/terms-of-use\/#breadcrumb\",\"itemListElement\":[{\"@type\":\"ListItem\",\"position\":1,\"name\":\"Home\",\"item\":\"https:\/\/host-harbor.io\/\"},{\"@type\":\"ListItem\",\"position\":2,\"name\":\"Terms of use\"}]},{\"@type\":\"WebSite\",\"@id\":\"https:\/\/host-harbor.io\/#website\",\"url\":\"https:\/\/host-harbor.io\/\",\"name\":\"Host Harbor\",\"description\":\"\",\"publisher\":{\"@id\":\"https:\/\/host-harbor.io\/#organization\"},\"potentialAction\":[{\"@type\":\"SearchAction\",\"target\":{\"@type\":\"EntryPoint\",\"urlTemplate\":\"https:\/\/host-harbor.io\/?s={search_term_string}\"},\"query-input\":\"required name=search_term_string\"}],\"inLanguage\":\"hu\"},{\"@type\":\"Organization\",\"@id\":\"https:\/\/host-harbor.io\/#organization\",\"name\":\"Host Harbor\",\"url\":\"https:\/\/host-harbor.io\/\",\"logo\":{\"@type\":\"ImageObject\",\"inLanguage\":\"hu\",\"@id\":\"https:\/\/host-harbor.io\/#\/schema\/logo\/image\/\",\"url\":\"https:\/\/host-harbor.io\/wp-content\/uploads\/2023\/10\/Group-81048.svg\",\"contentUrl\":\"https:\/\/host-harbor.io\/wp-content\/uploads\/2023\/10\/Group-81048.svg\",\"width\":162,\"height\":22,\"caption\":\"Host Harbor\"},\"image\":{\"@id\":\"https:\/\/host-harbor.io\/#\/schema\/logo\/image\/\"}}]}<\/script>\n<!-- \/ Yoast SEO plugin. -->","yoast_head_json":{"title":"Terms of use - Host Harbor","robots":{"index":"index","follow":"follow","max-snippet":"max-snippet:-1","max-image-preview":"max-image-preview:large","max-video-preview":"max-video-preview:-1"},"canonical":"https:\/\/host-harbor.io\/hu\/terms-of-use\/","og_locale":"hu_HU","og_type":"article","og_title":"Terms of use - Host Harbor","og_description":"Welcome to host-harbor.io! These Terms of Use (\u201cTerms\u201d) contain the rules and regulations for using Activanta Group Kft.\u2019s Website, located at https:\/\/host-harbor.io\/. These Terms regulate your access to and use of the Website host-harbor.io. By accessing or using the Website, you agree to abide by these Terms. If you do not agree with these Terms, [&hellip;]","og_url":"https:\/\/host-harbor.io\/hu\/terms-of-use\/","og_site_name":"Host Harbor","article_modified_time":"2023-11-13T16:00:50+00:00","twitter_card":"summary_large_image","schema":{"@context":"https:\/\/schema.org","@graph":[{"@type":"WebPage","@id":"https:\/\/host-harbor.io\/terms-of-use\/","url":"https:\/\/host-harbor.io\/terms-of-use\/","name":"Terms of use - Host Harbor","isPartOf":{"@id":"https:\/\/host-harbor.io\/#website"},"datePublished":"2023-10-31T14:33:08+00:00","dateModified":"2023-11-13T16:00:50+00:00","breadcrumb":{"@id":"https:\/\/host-harbor.io\/terms-of-use\/#breadcrumb"},"inLanguage":"hu","potentialAction":[{"@type":"ReadAction","target":["https:\/\/host-harbor.io\/terms-of-use\/"]}]},{"@type":"BreadcrumbList","@id":"https:\/\/host-harbor.io\/terms-of-use\/#breadcrumb","itemListElement":[{"@type":"ListItem","position":1,"name":"Home","item":"https:\/\/host-harbor.io\/"},{"@type":"ListItem","position":2,"name":"Terms of use"}]},{"@type":"WebSite","@id":"https:\/\/host-harbor.io\/#website","url":"https:\/\/host-harbor.io\/","name":"Host Harbor","description":"","publisher":{"@id":"https:\/\/host-harbor.io\/#organization"},"potentialAction":[{"@type":"SearchAction","target":{"@type":"EntryPoint","urlTemplate":"https:\/\/host-harbor.io\/?s={search_term_string}"},"query-input":"required name=search_term_string"}],"inLanguage":"hu"},{"@type":"Organization","@id":"https:\/\/host-harbor.io\/#organization","name":"Host Harbor","url":"https:\/\/host-harbor.io\/","logo":{"@type":"ImageObject","inLanguage":"hu","@id":"https:\/\/host-harbor.io\/#\/schema\/logo\/image\/","url":"https:\/\/host-harbor.io\/wp-content\/uploads\/2023\/10\/Group-81048.svg","contentUrl":"https:\/\/host-harbor.io\/wp-content\/uploads\/2023\/10\/Group-81048.svg","width":162,"height":22,"caption":"Host Harbor"},"image":{"@id":"https:\/\/host-harbor.io\/#\/schema\/logo\/image\/"}}]}},"_links":{"self":[{"href":"https:\/\/host-harbor.io\/hu\/wp-json\/wp\/v2\/pages\/247"}],"collection":[{"href":"https:\/\/host-harbor.io\/hu\/wp-json\/wp\/v2\/pages"}],"about":[{"href":"https:\/\/host-harbor.io\/hu\/wp-json\/wp\/v2\/types\/page"}],"author":[{"embeddable":true,"href":"https:\/\/host-harbor.io\/hu\/wp-json\/wp\/v2\/users\/1"}],"replies":[{"embeddable":true,"href":"https:\/\/host-harbor.io\/hu\/wp-json\/wp\/v2\/comments?post=247"}],"version-history":[{"count":10,"href":"https:\/\/host-harbor.io\/hu\/wp-json\/wp\/v2\/pages\/247\/revisions"}],"predecessor-version":[{"id":428,"href":"https:\/\/host-harbor.io\/hu\/wp-json\/wp\/v2\/pages\/247\/revisions\/428"}],"wp:attachment":[{"href":"https:\/\/host-harbor.io\/hu\/wp-json\/wp\/v2\/media?parent=247"}],"curies":[{"name":"wp","href":"https:\/\/api.w.org\/{rel}","templated":true}]}}