{"id":32,"date":"2023-10-26T12:54:21","date_gmt":"2023-10-26T12:54:21","guid":{"rendered":"https:\/\/host-harbor.io\/?page_id=32"},"modified":"2023-11-30T10:17:09","modified_gmt":"2023-11-30T10:17:09","slug":"refund-policy","status":"publish","type":"page","link":"https:\/\/host-harbor.io\/hu\/refund-policy\/","title":{"rendered":"Visszat\u00e9r\u00edt\u00e9si politika"},"content":{"rendered":"<h2 class=\"wp-block-heading\">Nincs visszat\u00e9r\u00edt\u00e9s<\/h2>\n\n\n\n<p>Nagyra \u00e9rt\u00e9kelj\u00fck, hogy a <a href=\"http:\/\/host-harbor.io\/hu\/\">https:\/\/host-harbor.io\/<\/a>, amelyet az Activanta Group Kft. \u00fczemeltet. Meg kell azonban jegyezn\u00fcnk, hogy a weboldalunkon v\u00e1s\u00e1rolt szolg\u00e1ltat\u00e1sok\u00e9rt \u00e9s term\u00e9kek\u00e9rt nem ny\u00fajtunk visszat\u00e9r\u00edt\u00e9st. Minden tranzakci\u00f3t v\u00e9glegesnek tekint\u00fcnk a teljes\u00edt\u00e9skor.<\/p>\n\n\n\n<h2 class=\"wp-block-heading\">\u00dcgyf\u00e9lfelel\u0151ss\u00e9g<\/h2>\n\n\n\n<p>A v\u00e1s\u00e1rl\u00f3k kiz\u00e1r\u00f3lagosan felel\u0151sek az oldalunkon hozott v\u00e1s\u00e1rl\u00e1si d\u00f6nt\u00e9seik\u00e9rt. B\u00e1rmilyen v\u00e1s\u00e1rl\u00e1s el\u0151tt arra \u00f6szt\u00f6n\u00f6zz\u00fck \u00fcgyfeleinket, hogy gondosan tekints\u00e9k \u00e1t a megv\u00e1s\u00e1rolni k\u00edv\u00e1nt szolg\u00e1ltat\u00e1sokkal vagy term\u00e9kekkel kapcsolatos \u00f6sszes inform\u00e1ci\u00f3t \u00e9s specifik\u00e1ci\u00f3t.<\/p>\n\n\n\n<h2 class=\"wp-block-heading\">Visszat\u00e9r\u00edt\u00e9si k\u00e9relem elb\u00edr\u00e1l\u00e1sa<\/h2>\n\n\n\n<p>Kiv\u00e9teles k\u00f6r\u00fclm\u00e9nyek k\u00f6z\u00f6tt fontol\u00f3ra vehetj\u00fck a visszat\u00e9r\u00edt\u00e9si k\u00e9relmeket. Ezek a k\u00f6r\u00fclm\u00e9nyek a k\u00f6vetkez\u0151k lehetnek:<\/p>\n\n\n\n<ul>\n<li><strong>Hib\u00e1s kifizet\u00e9sek:<\/strong> Ha v\u00e9letlen\u00fcl fizet vagy duplik\u00e1l egy kifizet\u00e9st.<\/li>\n\n\n\n<li><strong>Helytelen fizet\u00e9si \u00f6sszeg:<\/strong> Ha a mi r\u00e9sz\u00fcnkr\u0151l elk\u00f6vetett technikai vagy el\u00edr\u00e1si hiba miatt t\u00e9ves \u00f6sszeget sz\u00e1molnak fel \u00d6nnek.<\/li>\n\n\n\n<li><strong>Fizet\u00e9s a rossz adatokkal:<\/strong> Ha bizony\u00edtani tudja, hogy a fizet\u00e9s helytelen fizet\u00e9si adatokkal t\u00f6rt\u00e9nt, ami sikertelen tranzakci\u00f3hoz vezetett.<\/li>\n\n\n\n<li><strong>Nem teljes\u00edtett szolg\u00e1ltat\u00e1s vagy term\u00e9k:<\/strong> Ha a megv\u00e1s\u00e1rolt szolg\u00e1ltat\u00e1s vagy term\u00e9k nem a le\u00edr\u00e1snak megfelel\u0151en ker\u00fcl \u00e1tad\u00e1sra, a mi hat\u00e1sk\u00f6r\u00fcnkbe tartoz\u00f3 okok miatt.<\/li>\n<\/ul>\n\n\n\n<h2 class=\"wp-block-heading\">Visszat\u00e9r\u00edt\u00e9si k\u00e9relem beny\u00fajt\u00e1sa<\/h2>\n\n\n\n<p>Ha \u00fagy v\u00e9li, hogy az \u00d6n helyzete a fent eml\u00edtett kiv\u00e9teles k\u00f6r\u00fclm\u00e9nyek valamelyik\u00e9be tartozik, visszat\u00e9r\u00edt\u00e9si k\u00e9relmet ny\u00fajthat be \u00fcgyf\u00e9lszolg\u00e1lati csapatunkhoz a k\u00f6vetkez\u0151 c\u00edmen <a href=\"mailto:support@host-harbor.io\">support@host-harbor.io<\/a>. K\u00e9rj\u00fck, hogy visszat\u00e9r\u00edt\u00e9si k\u00e9relm\u00e9ben adja meg a k\u00f6vetkez\u0151 inform\u00e1ci\u00f3kat:<\/p>\n\n\n\n<ul>\n<li>Az \u00d6n teljes neve<\/li>\n\n\n\n<li>A v\u00e1s\u00e1rl\u00e1shoz haszn\u00e1lt e-mail c\u00edm<\/li>\n\n\n\n<li>Tranzakci\u00f3 d\u00e1tuma<\/li>\n\n\n\n<li>Tranzakci\u00f3azonos\u00edt\u00f3 vagy nyugta<\/li>\n\n\n\n<li>A k\u00e9rd\u00e9s r\u00e9szletes magyar\u00e1zata<\/li>\n<\/ul>\n\n\n\n<h2 class=\"wp-block-heading\">Fel\u00fclvizsg\u00e1lat \u00e9s hat\u00e1rozat<\/h2>\n\n\n\n<p>A visszat\u00e9r\u00edt\u00e9si k\u00e9relem be\u00e9rkez\u00e9s\u00e9t k\u00f6vet\u0151en csapatunk alaposan \u00e1tn\u00e9zi a megadott inform\u00e1ci\u00f3kat. C\u00e9lunk, hogy minden visszat\u00e9r\u00edt\u00e9si k\u00e9relmet 7 munkanapon bel\u00fcl megv\u00e1laszoljunk. A visszat\u00e9r\u00edt\u00e9si k\u00e9relemmel kapcsolatos d\u00f6nt\u00e9s\u00fcnk a bemutatott k\u00f6r\u00fclm\u00e9nyek \u00e9rv\u00e9nyess\u00e9g\u00e9n \u00e9s az ir\u00e1nyelveinken alapul.<\/p>\n\n\n\n<h2 class=\"wp-block-heading\">Kapcsolattart\u00e1si inform\u00e1ci\u00f3k<\/h2>\n\n\n\n<p>Ha b\u00e1rmilyen k\u00e9rd\u00e9se van, vagy tov\u00e1bbi felvil\u00e1gos\u00edt\u00e1sra van sz\u00fcks\u00e9ge a visszat\u00e9r\u00edt\u00e9si politik\u00e1nkkal kapcsolatban, k\u00e9rj\u00fck, forduljon \u00fcgyf\u00e9lszolg\u00e1lati csapatunkhoz a k\u00f6vetkez\u0151 c\u00edmen <a href=\"mailto:support@host-harbor.io\">support@host-harbor.io<\/a>.<\/p>\n\n\n\n<p>Felh\u00edvjuk figyelm\u00e9t, hogy ez a visszat\u00e9r\u00edt\u00e9si szab\u00e1lyzat el\u0151zetes \u00e9rtes\u00edt\u00e9s n\u00e9lk\u00fcl v\u00e1ltozhat. Az \u00d6n felel\u0151ss\u00e9ge, hogy rendszeresen fel\u00fclvizsg\u00e1lja ezt a szab\u00e1lyzatot a friss\u00edt\u00e9sek tekintet\u00e9ben.<\/p>\n\n\n\n<p>K\u00f6sz\u00f6nj\u00fck, hogy a Host Harbort v\u00e1lasztotta!<\/p>","protected":false},"excerpt":{"rendered":"<p>No Refunds We appreciate you choosing https:\/\/host-harbor.io\/, which is operated by Activanta Group Kft. However, we must note that we do not provide refunds for any services or products purchased on our website. All transactions are considered final upon completion. Customer Responsibility Customers are solely responsible for their purchasing decisions made on our site. Before [&hellip;]<\/p>","protected":false},"author":1,"featured_media":0,"parent":0,"menu_order":0,"comment_status":"closed","ping_status":"closed","template":"template-pages\/policy.php","meta":{"inline_featured_image":false,"footnotes":""},"yoast_head":"<!-- This site is optimized with the Yoast SEO plugin v21.5 - https:\/\/yoast.com\/wordpress\/plugins\/seo\/ -->\n<title>Refund policy - Host Harbor<\/title>\n<meta name=\"robots\" content=\"index, follow, max-snippet:-1, max-image-preview:large, max-video-preview:-1\" \/>\n<link rel=\"canonical\" href=\"https:\/\/host-harbor.io\/hu\/refund-policy\/\" \/>\n<meta property=\"og:locale\" content=\"hu_HU\" \/>\n<meta property=\"og:type\" content=\"article\" \/>\n<meta property=\"og:title\" content=\"Refund policy - Host Harbor\" \/>\n<meta property=\"og:description\" content=\"No Refunds We appreciate you choosing https:\/\/host-harbor.io\/, which is operated by Activanta Group Kft. However, we must note that we do not provide refunds for any services or products purchased on our website. All transactions are considered final upon completion. Customer Responsibility Customers are solely responsible for their purchasing decisions made on our site. Before [&hellip;]\" \/>\n<meta property=\"og:url\" content=\"https:\/\/host-harbor.io\/hu\/refund-policy\/\" \/>\n<meta property=\"og:site_name\" content=\"Host Harbor\" \/>\n<meta property=\"article:modified_time\" content=\"2023-11-30T10:17:09+00:00\" \/>\n<meta name=\"twitter:card\" content=\"summary_large_image\" \/>\n<meta name=\"twitter:label1\" content=\"Becs\u00fclt olvas\u00e1si id\u0151\" \/>\n\t<meta name=\"twitter:data1\" content=\"2 perc\" \/>\n<script type=\"application\/ld+json\" class=\"yoast-schema-graph\">{\"@context\":\"https:\/\/schema.org\",\"@graph\":[{\"@type\":\"WebPage\",\"@id\":\"https:\/\/host-harbor.io\/refund-policy\/\",\"url\":\"https:\/\/host-harbor.io\/refund-policy\/\",\"name\":\"Refund policy - Host Harbor\",\"isPartOf\":{\"@id\":\"https:\/\/host-harbor.io\/#website\"},\"datePublished\":\"2023-10-26T12:54:21+00:00\",\"dateModified\":\"2023-11-30T10:17:09+00:00\",\"breadcrumb\":{\"@id\":\"https:\/\/host-harbor.io\/refund-policy\/#breadcrumb\"},\"inLanguage\":\"hu\",\"potentialAction\":[{\"@type\":\"ReadAction\",\"target\":[\"https:\/\/host-harbor.io\/refund-policy\/\"]}]},{\"@type\":\"BreadcrumbList\",\"@id\":\"https:\/\/host-harbor.io\/refund-policy\/#breadcrumb\",\"itemListElement\":[{\"@type\":\"ListItem\",\"position\":1,\"name\":\"Home\",\"item\":\"https:\/\/host-harbor.io\/\"},{\"@type\":\"ListItem\",\"position\":2,\"name\":\"Refund policy\"}]},{\"@type\":\"WebSite\",\"@id\":\"https:\/\/host-harbor.io\/#website\",\"url\":\"https:\/\/host-harbor.io\/\",\"name\":\"Host Harbor\",\"description\":\"\",\"publisher\":{\"@id\":\"https:\/\/host-harbor.io\/#organization\"},\"potentialAction\":[{\"@type\":\"SearchAction\",\"target\":{\"@type\":\"EntryPoint\",\"urlTemplate\":\"https:\/\/host-harbor.io\/?s={search_term_string}\"},\"query-input\":\"required name=search_term_string\"}],\"inLanguage\":\"hu\"},{\"@type\":\"Organization\",\"@id\":\"https:\/\/host-harbor.io\/#organization\",\"name\":\"Host Harbor\",\"url\":\"https:\/\/host-harbor.io\/\",\"logo\":{\"@type\":\"ImageObject\",\"inLanguage\":\"hu\",\"@id\":\"https:\/\/host-harbor.io\/#\/schema\/logo\/image\/\",\"url\":\"https:\/\/host-harbor.io\/wp-content\/uploads\/2023\/10\/Group-81048.svg\",\"contentUrl\":\"https:\/\/host-harbor.io\/wp-content\/uploads\/2023\/10\/Group-81048.svg\",\"width\":162,\"height\":22,\"caption\":\"Host Harbor\"},\"image\":{\"@id\":\"https:\/\/host-harbor.io\/#\/schema\/logo\/image\/\"}}]}<\/script>\n<!-- \/ Yoast SEO plugin. -->","yoast_head_json":{"title":"Refund policy - Host Harbor","robots":{"index":"index","follow":"follow","max-snippet":"max-snippet:-1","max-image-preview":"max-image-preview:large","max-video-preview":"max-video-preview:-1"},"canonical":"https:\/\/host-harbor.io\/hu\/refund-policy\/","og_locale":"hu_HU","og_type":"article","og_title":"Refund policy - Host Harbor","og_description":"No Refunds We appreciate you choosing https:\/\/host-harbor.io\/, which is operated by Activanta Group Kft. However, we must note that we do not provide refunds for any services or products purchased on our website. All transactions are considered final upon completion. Customer Responsibility Customers are solely responsible for their purchasing decisions made on our site. Before [&hellip;]","og_url":"https:\/\/host-harbor.io\/hu\/refund-policy\/","og_site_name":"Host Harbor","article_modified_time":"2023-11-30T10:17:09+00:00","twitter_card":"summary_large_image","twitter_misc":{"Becs\u00fclt olvas\u00e1si id\u0151":"2 perc"},"schema":{"@context":"https:\/\/schema.org","@graph":[{"@type":"WebPage","@id":"https:\/\/host-harbor.io\/refund-policy\/","url":"https:\/\/host-harbor.io\/refund-policy\/","name":"Refund policy - Host Harbor","isPartOf":{"@id":"https:\/\/host-harbor.io\/#website"},"datePublished":"2023-10-26T12:54:21+00:00","dateModified":"2023-11-30T10:17:09+00:00","breadcrumb":{"@id":"https:\/\/host-harbor.io\/refund-policy\/#breadcrumb"},"inLanguage":"hu","potentialAction":[{"@type":"ReadAction","target":["https:\/\/host-harbor.io\/refund-policy\/"]}]},{"@type":"BreadcrumbList","@id":"https:\/\/host-harbor.io\/refund-policy\/#breadcrumb","itemListElement":[{"@type":"ListItem","position":1,"name":"Home","item":"https:\/\/host-harbor.io\/"},{"@type":"ListItem","position":2,"name":"Refund policy"}]},{"@type":"WebSite","@id":"https:\/\/host-harbor.io\/#website","url":"https:\/\/host-harbor.io\/","name":"Host Harbor","description":"","publisher":{"@id":"https:\/\/host-harbor.io\/#organization"},"potentialAction":[{"@type":"SearchAction","target":{"@type":"EntryPoint","urlTemplate":"https:\/\/host-harbor.io\/?s={search_term_string}"},"query-input":"required name=search_term_string"}],"inLanguage":"hu"},{"@type":"Organization","@id":"https:\/\/host-harbor.io\/#organization","name":"Host Harbor","url":"https:\/\/host-harbor.io\/","logo":{"@type":"ImageObject","inLanguage":"hu","@id":"https:\/\/host-harbor.io\/#\/schema\/logo\/image\/","url":"https:\/\/host-harbor.io\/wp-content\/uploads\/2023\/10\/Group-81048.svg","contentUrl":"https:\/\/host-harbor.io\/wp-content\/uploads\/2023\/10\/Group-81048.svg","width":162,"height":22,"caption":"Host Harbor"},"image":{"@id":"https:\/\/host-harbor.io\/#\/schema\/logo\/image\/"}}]}},"_links":{"self":[{"href":"https:\/\/host-harbor.io\/hu\/wp-json\/wp\/v2\/pages\/32"}],"collection":[{"href":"https:\/\/host-harbor.io\/hu\/wp-json\/wp\/v2\/pages"}],"about":[{"href":"https:\/\/host-harbor.io\/hu\/wp-json\/wp\/v2\/types\/page"}],"author":[{"embeddable":true,"href":"https:\/\/host-harbor.io\/hu\/wp-json\/wp\/v2\/users\/1"}],"replies":[{"embeddable":true,"href":"https:\/\/host-harbor.io\/hu\/wp-json\/wp\/v2\/comments?post=32"}],"version-history":[{"count":10,"href":"https:\/\/host-harbor.io\/hu\/wp-json\/wp\/v2\/pages\/32\/revisions"}],"predecessor-version":[{"id":437,"href":"https:\/\/host-harbor.io\/hu\/wp-json\/wp\/v2\/pages\/32\/revisions\/437"}],"wp:attachment":[{"href":"https:\/\/host-harbor.io\/hu\/wp-json\/wp\/v2\/media?parent=32"}],"curies":[{"name":"wp","href":"https:\/\/api.w.org\/{rel}","templated":true}]}}