{"id":398,"date":"2023-11-09T14:20:49","date_gmt":"2023-11-09T14:20:49","guid":{"rendered":"https:\/\/host-harbor.io\/?page_id=398"},"modified":"2023-11-10T11:57:16","modified_gmt":"2023-11-10T11:57:16","slug":"cookie-policy","status":"publish","type":"page","link":"https:\/\/host-harbor.io\/hu\/cookie-policy\/","title":{"rendered":"Cookie-szab\u00e1lyzat"},"content":{"rendered":"<h1 class=\"wp-block-heading\">Bevezet\u00e9s<\/h1>\n\n\n\n<p>Ez a Cookie-szab\u00e1lyzat (\"Szab\u00e1lyzat\") le\u00edrja, hogy a Host Harbor hogyan haszn\u00e1lja a cookie-kat ezen a weboldalon.<\/p>\n\n\n\n<p>Ez a weboldal (<a href=\"http:\/\/host-harbor.io\/hu\/\">https:\/\/host-harbor.io\/<\/a>) az Activanta Group Kft. kezeli \u00e9s \u00fczemelteti, sz\u00e9khelye: Activanta Group Kft: Kinizsi, u.20 foldszint 1, Budapest, Magyarorsz\u00e1g, 1203, m\u0171k\u00f6d\u00e9si c\u00edme: Budapest, Magyarorsz\u00e1g, 1203: Cs\u00e1nyi L\u00e1szl\u00f3 utca 34, 1043, Budapest.<\/p>\n\n\n\n<p><\/p>\n\n\n\n<p><br>A Host Harbor fenntartja a jogot, hogy b\u00e1rmikor \u00e9s el\u0151zetes \u00e9rtes\u00edt\u00e9s n\u00e9lk\u00fcl megv\u00e1ltoztassa a jelen Szab\u00e1lyzat (r\u00e9szeit). Javasoljuk, hogy rendszeresen tekintse \u00e1t a jelen Szab\u00e1lyzatot a v\u00e1ltoz\u00e1sokra vonatkoz\u00f3an.<\/p>\n\n\n\n<h2 class=\"wp-block-heading\">Mik azok a s\u00fctik?<\/h2>\n\n\n\n<p>A Host Harbor cookie-kat haszn\u00e1l a weboldal\u00e1n. A cookie egy kis sz\u00f6veges f\u00e1jl, amelyet az \u00d6n internetb\u00f6ng\u00e9sz\u0151j\u00e9hez k\u00fcldenek. Az \u00d6n internetb\u00f6ng\u00e9sz\u0151je (ak\u00e1r a sz\u00e1m\u00edt\u00f3g\u00e9p\u00e9n, ak\u00e1r m\u00e1s internetk\u00e9pes eszk\u00f6z\u00f6n, p\u00e9ld\u00e1ul okostelefonon vagy t\u00e1blag\u00e9pen kereszt\u00fcl) elmenti a s\u00fctit. A s\u00fcti \u00e1ltal\u00e1ban egy egyedi sz\u00e1m, amelyhez adatok t\u00e1rs\u00edthat\u00f3k.<\/p>\n\n\n\n<p><\/p>\n\n\n\n<p><br>A s\u00fctik lehetnek \"\u00e1lland\u00f3\" vagy \"munkamenet\" s\u00fctik. A tart\u00f3s cookie-k egy webszerver \u00e1ltal a webb\u00f6ng\u00e9sz\u0151nek k\u00fcld\u00f6tt sz\u00f6veges f\u00e1jlb\u00f3l \u00e1llnak, amelyet a b\u00f6ng\u00e9sz\u0151 t\u00e1rol, \u00e9s a be\u00e1ll\u00edtott lej\u00e1rati d\u00e1tumig \u00e9rv\u00e9nyes marad (kiv\u00e9ve, ha a l\u00e1togat\u00f3 a lej\u00e1rati d\u00e1tum el\u0151tt t\u00f6rli). Ezzel szemben a munkamenet-s\u00fcti a l\u00e1togat\u00f3 munkamenet\u00e9nek v\u00e9g\u00e9n, a webb\u00f6ng\u00e9sz\u0151 bez\u00e1r\u00e1sakor j\u00e1r le.<\/p>\n\n\n\n<h2 class=\"wp-block-heading\">Mi\u00e9rt haszn\u00e1l a Host Harbor s\u00fctiket?<\/h2>\n\n\n\n<p>A Host Harbor cookie-kat haszn\u00e1l, hogy a lehet\u0151 legjobb felhaszn\u00e1l\u00f3i \u00e9lm\u00e9nyt ny\u00fajtsa weboldalunkon, \u00e9s hogy gyorsan \u00e9s hat\u00e9konyan navig\u00e1lhasson a weboldalon. A Host Harbor cookie-kat alkalmaz annak meg\u00e1llap\u00edt\u00e1s\u00e1ra is, hogy a Host Harbor hol tudja jav\u00edtani a webhelyet, hogy m\u00e9g gyorsabban \u00e9s k\u00f6nnyebben megtal\u00e1lja, amit keres. V\u00e9g\u00fcl a Host Harbor cookie-kat haszn\u00e1l, hogy relev\u00e1ns inform\u00e1ci\u00f3kat \u00e9s aj\u00e1nlatokat ny\u00fajtson.<\/p>\n\n\n\n<h2 class=\"wp-block-heading\">Milyen t\u00edpus\u00fa s\u00fctiket haszn\u00e1l a Host Harbor?<\/h2>\n\n\n\n<p>A Host Harbor a k\u00f6vetkez\u0151 t\u00edpus\u00fa s\u00fctiket haszn\u00e1lja a weboldal\u00e1n:<\/p>\n\n\n\n<p><br><strong>Funkcion\u00e1lis s\u00fctik: <\/strong>Ezek a s\u00fctik elengedhetetlenek a weboldal megfelel\u0151 m\u0171k\u00f6d\u00e9s\u00e9hez. A be\u00e1ll\u00edt\u00e1sok ment\u00e9s\u00e9re, a weboldalunkkal \u00e9s szolg\u00e1ltat\u00e1sainkkal val\u00f3 vissza\u00e9l\u00e9sek felder\u00edt\u00e9s\u00e9re, valamint a szervereink terhel\u00e9s\u00e9nek eloszt\u00e1s\u00e1ra szolg\u00e1lnak, ami a weboldalunk el\u00e9rhet\u0151s\u00e9g\u00e9t biztos\u00edtja. Bizonyos, \u00d6n \u00e1ltal k\u00e9rt szolg\u00e1ltat\u00e1sokat nem tudunk biztos\u00edtani ezen s\u00fctik n\u00e9lk\u00fcl.<\/p>\n\n\n\n<p><br><strong>Webstatisztikai s\u00fctik:<\/strong> Ezeket a s\u00fctiket arra haszn\u00e1lj\u00e1k, hogy meghat\u00e1rozz\u00e1k, hogy a weboldal mely r\u00e9szei \u00e9rdeklik legink\u00e1bb a l\u00e1togat\u00f3kat. Ez lehet\u0151v\u00e9 teszi sz\u00e1munkra, hogy weboldalunk szerkezet\u00e9t, navig\u00e1ci\u00f3j\u00e1t \u00e9s tartalm\u00e1t a lehet\u0151 legfelhaszn\u00e1l\u00f3bar\u00e1tabb\u00e1 tegy\u00fck. Konkr\u00e9tan ezeket a cookie-kat arra haszn\u00e1ljuk, hogy (i) nyomon k\u00f6vess\u00fck a weboldalaink l\u00e1togat\u00f3inak sz\u00e1m\u00e1t; (ii) nyomon k\u00f6vess\u00fck, hogy az egyes felhaszn\u00e1l\u00f3k mennyi id\u0151t t\u00f6ltenek a weboldalainkon; (iii) meghat\u00e1rozzuk, hogy a l\u00e1togat\u00f3k milyen sorrendben l\u00e1togatj\u00e1k a weboldalunk k\u00fcl\u00f6nb\u00f6z\u0151 oldalait; (iv) felm\u00e9rj\u00fck, hogy a weboldal mely r\u00e9szein kell v\u00e1ltoztatni; \u00e9s (v) optimaliz\u00e1ljuk a weboldalt. E c\u00e9lokra harmadik f\u00e9lt\u0151l sz\u00e1rmaz\u00f3 szoftvereket (p\u00e9ld\u00e1ul Google Analytics) haszn\u00e1lhatunk.&nbsp;<\/p>\n\n\n\n<h2 class=\"wp-block-heading\">Mit csin\u00e1l a Host Harbor a s\u00fctikkel?<\/h2>\n\n\n\n<p>A Host Harbor k\u00fcl\u00f6nb\u00f6z\u0151 okokb\u00f3l haszn\u00e1lja a s\u00fctiket:<\/p>\n\n\n\n<ul>\n<li>annak tanulm\u00e1nyoz\u00e1sa, hogy a felhaszn\u00e1l\u00f3k vagy felhaszn\u00e1l\u00f3i csoportok hogyan haszn\u00e1lj\u00e1k a weboldalt, hogy a Host Harbor jav\u00edtani tudja a weboldalt;<\/li>\n\n\n\n<li>hogy jobban t\u00e1j\u00e9koztathassuk \u00d6nt a Host Harbor szolg\u00e1ltat\u00e1sair\u00f3l;<\/li>\n\n\n\n<li>kutat\u00e1si \u00e9s statisztikai c\u00e9l\u00fa elemz\u00e9sek k\u00e9sz\u00edt\u00e9se;<\/li>\n\n\n\n<li>a weboldal jav\u00edt\u00e1sa, hogy k\u00f6nnyebben megtal\u00e1lhassa, amit keres; \u00e9s<\/li>\n\n\n\n<li>hogy eml\u00e9kezzen a be\u00e1ll\u00edt\u00e1saira \u00e9s preferenci\u00e1ira. Ez megk\u00f6nny\u00edti a weboldal k\u00e9s\u0151bbi l\u00e1togat\u00e1sait.<\/li>\n<\/ul>\n\n\n\n<h2 class=\"wp-block-heading\">Hogyan fogadhatom el a s\u00fctiket?<\/h2>\n\n\n\n<p>A cookie-kat a weboldal f\u0151oldal\u00e1n megjelen\u0151 cookie-kat megjelen\u00edt\u0151 felugr\u00f3 ablakban az Elfogadom \u00e9s bez\u00e1rom gombra kattintva fogadhatja el. Amikor legk\u00f6zelebb megl\u00e1togatja a weboldalt, a cookie felugr\u00f3 ablak nem fog megjelenni.<\/p>\n\n\n\n<h2 class=\"wp-block-heading\">Mit fogadok el, ha elfogadom a s\u00fctiket?<\/h2>\n\n\n\n<p>Ha elfogadja a cookie-kat megjelen\u00edt\u0151 felugr\u00f3 ablakot, ezzel elfogadja a weboldalon haszn\u00e1lt \u00f6sszes cookie-t, \u00e9s hozz\u00e1j\u00e1rul a cookie-k jelen szab\u00e1lyzatban le\u00edrtak szerinti haszn\u00e1lat\u00e1hoz.<\/p>\n\n\n\n<h2 class=\"wp-block-heading\">Hogyan kezelhetem a s\u00fctiket?<\/h2>\n\n\n\n<p>Ha nem szeretn\u00e9, hogy weboldalunk cookie-kat t\u00e1roljon az eszk\u00f6z\u00e9n, m\u00f3dos\u00edthatja b\u00f6ng\u00e9sz\u0151je be\u00e1ll\u00edt\u00e1sait, hogy bizonyos cookie-k t\u00e1rol\u00e1sa el\u0151tt figyelmeztet\u00e9st kapjon. A be\u00e1ll\u00edt\u00e1sait \u00fagy is m\u00f3dos\u00edthatja, hogy a b\u00f6ng\u00e9sz\u0151je a legt\u00f6bb s\u00fctinket vagy csak bizonyos, harmadik f\u00e9lt\u0151l sz\u00e1rmaz\u00f3 s\u00fctiket utas\u00edtson el. A m\u00e1r t\u00e1rolt cookie-k t\u00f6rl\u00e9s\u00e9vel is visszavonhatja a cookie-khoz val\u00f3 hozz\u00e1j\u00e1rul\u00e1s\u00e1t.<\/p>\n\n\n\n<p><br>K\u00e9rj\u00fck, vegye figyelembe, hogy ha nem akarja elfogadni a s\u00fctiket, nem tudjuk garant\u00e1lni, hogy weboldalunk megfelel\u0151en fog m\u0171k\u00f6dni. El\u0151fordulhat, hogy t\u00f6bb funkci\u00f3 nem lesz el\u00e9rhet\u0151 az \u00d6n sz\u00e1m\u00e1ra, vagy a weboldal bizonyos r\u00e9szeit nem tudja majd megtekinteni.<\/p>\n\n\n\n<p><br>Felh\u00edvjuk figyelm\u00e9t, hogy a be\u00e1ll\u00edt\u00e1sokat minden egyes b\u00f6ng\u00e9sz\u0151 \u00e9s eszk\u00f6z eset\u00e9ben meg kell v\u00e1ltoztatnia. Ezen t\u00falmen\u0151en az ilyen m\u00f3dszerek nem m\u0171k\u00f6dnek bizonyos, nem cookie-kat tartalmaz\u00f3 online nyomk\u00f6vet\u0151 technol\u00f3gi\u00e1k eset\u00e9ben.<\/p>\n\n\n\n<p><br>A be\u00e1ll\u00edt\u00e1sok \u00e9s a s\u00fctik megv\u00e1ltoztat\u00e1s\u00e1ra szolg\u00e1l\u00f3 elj\u00e1r\u00e1sok b\u00f6ng\u00e9sz\u0151nk\u00e9nt elt\u00e9r\u0151ek. Sz\u00fcks\u00e9g eset\u00e9n haszn\u00e1lja a b\u00f6ng\u00e9sz\u0151je s\u00fag\u00f3 funkci\u00f3j\u00e1t, vagy kattintson az al\u00e1bbi linkek egyik\u00e9re, hogy k\u00f6zvetlen\u00fcl a b\u00f6ng\u00e9sz\u0151je felhaszn\u00e1l\u00f3i k\u00e9zik\u00f6nyv\u00e9hez l\u00e9pjen:<\/p>\n\n\n\n<p><br><a href=\"https:\/\/support.microsoft.com\/en-gb\/windows\/delete-and-manage-cookies-168dab11-0753-043d-7c16-ede5947fc64d\">Internet Explorer<\/a><\/p>\n\n\n\n<p><a href=\"https:\/\/support.mozilla.org\/en-US\/kb\/cookies-information-websites-store-on-your-computer?redirectslug=Cookies&amp;redirectlocale=en-US\">Mozilla Firefox<\/a><\/p>\n\n\n\n<p><a href=\"https:\/\/support.google.com\/chrome\/answer\/95647?hl=en\">Google Chrome<\/a><\/p>\n\n\n\n<p><a href=\"https:\/\/support.apple.com\/en-gb\/guide\/safari\/sfri11471\/mac\">Szafari<\/a><\/p>\n\n\n\n<p><a href=\"https:\/\/security.opera.com\/en\/\">Opera<\/a><\/p>\n\n\n\n<p><br>Vannak olyan szoftverek is, amelyek k\u00e9pesek kezelni a cookie-kat az \u00d6n sz\u00e1m\u00e1ra. Haszn\u00e1lhatja a www.ghostery.com weboldalt is, hogy elfogadja vagy elutas\u00edtsa az egyes cookie-kat a weboldalainkon.<\/p>\n\n\n\n<p><br>Ha t\u00f6bbet szeretne megtudni a s\u00fctikr\u0151l, bele\u00e9rtve azok be\u00e1ll\u00edt\u00e1s\u00e1t \u00e9s kezel\u00e9s\u00fcket vagy t\u00f6rl\u00e9s\u00fcket, l\u00e1togasson el a k\u00f6vetkez\u0151 weboldalra <a href=\"http:\/\/www.allaboutcookies.org\">www.allaboutcookies.org<\/a>.<\/p>\n\n\n\n<h2 class=\"wp-block-heading\">Kapcsolattart\u00e1si inform\u00e1ci\u00f3k<\/h2>\n\n\n\n<p>Ha b\u00e1rmilyen k\u00e9rd\u00e9se van a Host Harbor s\u00fctikre vonatkoz\u00f3 szab\u00e1lyzat\u00e1val kapcsolatban, k\u00e9rj\u00fck, k\u00fcldj\u00f6n e-mailt a k\u00f6vetkez\u0151 c\u00edmre <a href=\"http:\/\/host-harbor.io\/hu\/\">support@host-harbor.io<\/a> \u00e9s felt\u00e9tlen\u00fcl t\u00fcntesse fel a k\u00e9rd\u00e9s jelleg\u00e9t.<\/p>","protected":false},"excerpt":{"rendered":"<p>Introduction This Cookie Policy (\u201cPolicy\u201d) describes how Host Harbor uses cookies on this website. This website (https:\/\/host-harbor.io\/) is administered and operated by Activanta Group Kft. with registered address: Kinizsi, u.20 foldszint 1, Budapest, Hungary, 1203, operational address: Cs\u00e1nyi L\u00e1szl\u00f3 utca 34, 1043, Budapest. Host Harbor reserves the right to change (sections of) this Policy at [&hellip;]<\/p>","protected":false},"author":1,"featured_media":0,"parent":0,"menu_order":0,"comment_status":"closed","ping_status":"closed","template":"template-pages\/policy.php","meta":{"inline_featured_image":false,"footnotes":""},"yoast_head":"<!-- This site is optimized with the Yoast SEO plugin v21.5 - https:\/\/yoast.com\/wordpress\/plugins\/seo\/ -->\n<title>Cookie policy - Host Harbor<\/title>\n<meta name=\"robots\" content=\"index, follow, max-snippet:-1, max-image-preview:large, max-video-preview:-1\" \/>\n<link rel=\"canonical\" href=\"https:\/\/host-harbor.io\/hu\/cookie-policy\/\" \/>\n<meta property=\"og:locale\" content=\"hu_HU\" \/>\n<meta property=\"og:type\" content=\"article\" \/>\n<meta property=\"og:title\" content=\"Cookie policy - Host Harbor\" \/>\n<meta property=\"og:description\" content=\"Introduction This Cookie Policy (\u201cPolicy\u201d) describes how Host Harbor uses cookies on this website. This website (https:\/\/host-harbor.io\/) is administered and operated by Activanta Group Kft. with registered address: Kinizsi, u.20 foldszint 1, Budapest, Hungary, 1203, operational address: Cs\u00e1nyi L\u00e1szl\u00f3 utca 34, 1043, Budapest. Host Harbor reserves the right to change (sections of) this Policy at [&hellip;]\" \/>\n<meta property=\"og:url\" content=\"https:\/\/host-harbor.io\/hu\/cookie-policy\/\" \/>\n<meta property=\"og:site_name\" content=\"Host Harbor\" \/>\n<meta property=\"article:modified_time\" content=\"2023-11-10T11:57:16+00:00\" \/>\n<meta name=\"twitter:card\" content=\"summary_large_image\" \/>\n<meta name=\"twitter:label1\" content=\"Becs\u00fclt olvas\u00e1si id\u0151\" \/>\n\t<meta name=\"twitter:data1\" content=\"4 perc\" \/>\n<script type=\"application\/ld+json\" class=\"yoast-schema-graph\">{\"@context\":\"https:\/\/schema.org\",\"@graph\":[{\"@type\":\"WebPage\",\"@id\":\"https:\/\/host-harbor.io\/cookie-policy\/\",\"url\":\"https:\/\/host-harbor.io\/cookie-policy\/\",\"name\":\"Cookie policy - Host Harbor\",\"isPartOf\":{\"@id\":\"https:\/\/host-harbor.io\/#website\"},\"datePublished\":\"2023-11-09T14:20:49+00:00\",\"dateModified\":\"2023-11-10T11:57:16+00:00\",\"breadcrumb\":{\"@id\":\"https:\/\/host-harbor.io\/cookie-policy\/#breadcrumb\"},\"inLanguage\":\"hu\",\"potentialAction\":[{\"@type\":\"ReadAction\",\"target\":[\"https:\/\/host-harbor.io\/cookie-policy\/\"]}]},{\"@type\":\"BreadcrumbList\",\"@id\":\"https:\/\/host-harbor.io\/cookie-policy\/#breadcrumb\",\"itemListElement\":[{\"@type\":\"ListItem\",\"position\":1,\"name\":\"Home\",\"item\":\"https:\/\/host-harbor.io\/\"},{\"@type\":\"ListItem\",\"position\":2,\"name\":\"Cookie policy\"}]},{\"@type\":\"WebSite\",\"@id\":\"https:\/\/host-harbor.io\/#website\",\"url\":\"https:\/\/host-harbor.io\/\",\"name\":\"Host Harbor\",\"description\":\"\",\"publisher\":{\"@id\":\"https:\/\/host-harbor.io\/#organization\"},\"potentialAction\":[{\"@type\":\"SearchAction\",\"target\":{\"@type\":\"EntryPoint\",\"urlTemplate\":\"https:\/\/host-harbor.io\/?s={search_term_string}\"},\"query-input\":\"required name=search_term_string\"}],\"inLanguage\":\"hu\"},{\"@type\":\"Organization\",\"@id\":\"https:\/\/host-harbor.io\/#organization\",\"name\":\"Host Harbor\",\"url\":\"https:\/\/host-harbor.io\/\",\"logo\":{\"@type\":\"ImageObject\",\"inLanguage\":\"hu\",\"@id\":\"https:\/\/host-harbor.io\/#\/schema\/logo\/image\/\",\"url\":\"https:\/\/host-harbor.io\/wp-content\/uploads\/2023\/10\/Group-81048.svg\",\"contentUrl\":\"https:\/\/host-harbor.io\/wp-content\/uploads\/2023\/10\/Group-81048.svg\",\"width\":162,\"height\":22,\"caption\":\"Host Harbor\"},\"image\":{\"@id\":\"https:\/\/host-harbor.io\/#\/schema\/logo\/image\/\"}}]}<\/script>\n<!-- \/ Yoast SEO plugin. -->","yoast_head_json":{"title":"Cookie policy - Host Harbor","robots":{"index":"index","follow":"follow","max-snippet":"max-snippet:-1","max-image-preview":"max-image-preview:large","max-video-preview":"max-video-preview:-1"},"canonical":"https:\/\/host-harbor.io\/hu\/cookie-policy\/","og_locale":"hu_HU","og_type":"article","og_title":"Cookie policy - Host Harbor","og_description":"Introduction This Cookie Policy (\u201cPolicy\u201d) describes how Host Harbor uses cookies on this website. This website (https:\/\/host-harbor.io\/) is administered and operated by Activanta Group Kft. with registered address: Kinizsi, u.20 foldszint 1, Budapest, Hungary, 1203, operational address: Cs\u00e1nyi L\u00e1szl\u00f3 utca 34, 1043, Budapest. Host Harbor reserves the right to change (sections of) this Policy at [&hellip;]","og_url":"https:\/\/host-harbor.io\/hu\/cookie-policy\/","og_site_name":"Host Harbor","article_modified_time":"2023-11-10T11:57:16+00:00","twitter_card":"summary_large_image","twitter_misc":{"Becs\u00fclt olvas\u00e1si id\u0151":"4 perc"},"schema":{"@context":"https:\/\/schema.org","@graph":[{"@type":"WebPage","@id":"https:\/\/host-harbor.io\/cookie-policy\/","url":"https:\/\/host-harbor.io\/cookie-policy\/","name":"Cookie policy - Host Harbor","isPartOf":{"@id":"https:\/\/host-harbor.io\/#website"},"datePublished":"2023-11-09T14:20:49+00:00","dateModified":"2023-11-10T11:57:16+00:00","breadcrumb":{"@id":"https:\/\/host-harbor.io\/cookie-policy\/#breadcrumb"},"inLanguage":"hu","potentialAction":[{"@type":"ReadAction","target":["https:\/\/host-harbor.io\/cookie-policy\/"]}]},{"@type":"BreadcrumbList","@id":"https:\/\/host-harbor.io\/cookie-policy\/#breadcrumb","itemListElement":[{"@type":"ListItem","position":1,"name":"Home","item":"https:\/\/host-harbor.io\/"},{"@type":"ListItem","position":2,"name":"Cookie policy"}]},{"@type":"WebSite","@id":"https:\/\/host-harbor.io\/#website","url":"https:\/\/host-harbor.io\/","name":"Host Harbor","description":"","publisher":{"@id":"https:\/\/host-harbor.io\/#organization"},"potentialAction":[{"@type":"SearchAction","target":{"@type":"EntryPoint","urlTemplate":"https:\/\/host-harbor.io\/?s={search_term_string}"},"query-input":"required name=search_term_string"}],"inLanguage":"hu"},{"@type":"Organization","@id":"https:\/\/host-harbor.io\/#organization","name":"Host Harbor","url":"https:\/\/host-harbor.io\/","logo":{"@type":"ImageObject","inLanguage":"hu","@id":"https:\/\/host-harbor.io\/#\/schema\/logo\/image\/","url":"https:\/\/host-harbor.io\/wp-content\/uploads\/2023\/10\/Group-81048.svg","contentUrl":"https:\/\/host-harbor.io\/wp-content\/uploads\/2023\/10\/Group-81048.svg","width":162,"height":22,"caption":"Host Harbor"},"image":{"@id":"https:\/\/host-harbor.io\/#\/schema\/logo\/image\/"}}]}},"_links":{"self":[{"href":"https:\/\/host-harbor.io\/hu\/wp-json\/wp\/v2\/pages\/398"}],"collection":[{"href":"https:\/\/host-harbor.io\/hu\/wp-json\/wp\/v2\/pages"}],"about":[{"href":"https:\/\/host-harbor.io\/hu\/wp-json\/wp\/v2\/types\/page"}],"author":[{"embeddable":true,"href":"https:\/\/host-harbor.io\/hu\/wp-json\/wp\/v2\/users\/1"}],"replies":[{"embeddable":true,"href":"https:\/\/host-harbor.io\/hu\/wp-json\/wp\/v2\/comments?post=398"}],"version-history":[{"count":5,"href":"https:\/\/host-harbor.io\/hu\/wp-json\/wp\/v2\/pages\/398\/revisions"}],"predecessor-version":[{"id":415,"href":"https:\/\/host-harbor.io\/hu\/wp-json\/wp\/v2\/pages\/398\/revisions\/415"}],"wp:attachment":[{"href":"https:\/\/host-harbor.io\/hu\/wp-json\/wp\/v2\/media?parent=398"}],"curies":[{"name":"wp","href":"https:\/\/api.w.org\/{rel}","templated":true}]}}