{"id":462,"date":"2024-05-24T08:06:40","date_gmt":"2024-05-24T08:06:40","guid":{"rendered":"https:\/\/host-harbor.io\/?post_type=product&#038;p=462"},"modified":"2024-05-24T08:06:41","modified_gmt":"2024-05-24T08:06:41","slug":"user-interface-development","status":"publish","type":"product","link":"https:\/\/host-harbor.io\/hu\/termek\/user-interface-development\/","title":{"rendered":"Felhaszn\u00e1l\u00f3i fel\u00fclet fejleszt\u00e9se"},"content":{"rendered":"<p><span style=\"font-weight: 400;\">Olyan felhaszn\u00e1l\u00f3bar\u00e1t \u00e9s intuit\u00edv fel\u00fcletek l\u00e9trehoz\u00e1sa, amelyek fokozz\u00e1k a felhaszn\u00e1l\u00f3i interakci\u00f3t, \u00e9s ez\u00e1ltal nagyobb elk\u00f6telezetts\u00e9get \u00e9s el\u00e9gedetts\u00e9get eredm\u00e9nyeznek.<\/span><\/p>","protected":false},"excerpt":{"rendered":"<p>Olyan felhaszn\u00e1l\u00f3bar\u00e1t \u00e9s intuit\u00edv fel\u00fcletek l\u00e9trehoz\u00e1sa, amelyek fokozz\u00e1k a felhaszn\u00e1l\u00f3i interakci\u00f3t, \u00e9s ez\u00e1ltal nagyobb elk\u00f6telezetts\u00e9get \u00e9s el\u00e9gedetts\u00e9get eredm\u00e9nyeznek.<\/p>","protected":false},"featured_media":0,"comment_status":"open","ping_status":"closed","template":"","meta":{"inline_featured_image":false},"product_cat":[29],"product_tag":[],"yoast_head":"<!-- This site is optimized with the Yoast SEO plugin v21.5 - https:\/\/yoast.com\/wordpress\/plugins\/seo\/ -->\n<title>User Interface Development - Host Harbor<\/title>\n<meta name=\"robots\" content=\"index, follow, max-snippet:-1, max-image-preview:large, max-video-preview:-1\" \/>\n<link rel=\"canonical\" href=\"https:\/\/host-harbor.io\/hu\/termek\/user-interface-development\/\" \/>\n<meta property=\"og:locale\" content=\"hu_HU\" \/>\n<meta property=\"og:type\" content=\"article\" \/>\n<meta property=\"og:title\" content=\"User Interface Development - Host Harbor\" \/>\n<meta property=\"og:description\" content=\"Creating user-friendly and intuitive interfaces that enhance user interaction, resulting in higher engagement and satisfaction.\" \/>\n<meta property=\"og:url\" content=\"https:\/\/host-harbor.io\/hu\/termek\/user-interface-development\/\" \/>\n<meta property=\"og:site_name\" content=\"Host Harbor\" \/>\n<meta property=\"article:modified_time\" content=\"2024-05-24T08:06:41+00:00\" \/>\n<meta name=\"twitter:card\" content=\"summary_large_image\" \/>\n<meta name=\"twitter:label1\" content=\"Becs\u00fclt olvas\u00e1si id\u0151\" \/>\n\t<meta name=\"twitter:data1\" content=\"1 perc\" \/>\n<script type=\"application\/ld+json\" class=\"yoast-schema-graph\">{\"@context\":\"https:\/\/schema.org\",\"@graph\":[{\"@type\":\"WebPage\",\"@id\":\"https:\/\/host-harbor.io\/product\/user-interface-development\/\",\"url\":\"https:\/\/host-harbor.io\/product\/user-interface-development\/\",\"name\":\"User Interface Development - Host Harbor\",\"isPartOf\":{\"@id\":\"https:\/\/host-harbor.io\/#website\"},\"datePublished\":\"2024-05-24T08:06:40+00:00\",\"dateModified\":\"2024-05-24T08:06:41+00:00\",\"breadcrumb\":{\"@id\":\"https:\/\/host-harbor.io\/product\/user-interface-development\/#breadcrumb\"},\"inLanguage\":\"hu\",\"potentialAction\":[{\"@type\":\"ReadAction\",\"target\":[\"https:\/\/host-harbor.io\/product\/user-interface-development\/\"]}]},{\"@type\":\"BreadcrumbList\",\"@id\":\"https:\/\/host-harbor.io\/product\/user-interface-development\/#breadcrumb\",\"itemListElement\":[{\"@type\":\"ListItem\",\"position\":1,\"name\":\"Home\",\"item\":\"https:\/\/host-harbor.io\/\"},{\"@type\":\"ListItem\",\"position\":2,\"name\":\"User Interface Development\"}]},{\"@type\":\"WebSite\",\"@id\":\"https:\/\/host-harbor.io\/#website\",\"url\":\"https:\/\/host-harbor.io\/\",\"name\":\"Host Harbor\",\"description\":\"\",\"publisher\":{\"@id\":\"https:\/\/host-harbor.io\/#organization\"},\"potentialAction\":[{\"@type\":\"SearchAction\",\"target\":{\"@type\":\"EntryPoint\",\"urlTemplate\":\"https:\/\/host-harbor.io\/?s={search_term_string}\"},\"query-input\":\"required name=search_term_string\"}],\"inLanguage\":\"hu\"},{\"@type\":\"Organization\",\"@id\":\"https:\/\/host-harbor.io\/#organization\",\"name\":\"Host Harbor\",\"url\":\"https:\/\/host-harbor.io\/\",\"logo\":{\"@type\":\"ImageObject\",\"inLanguage\":\"hu\",\"@id\":\"https:\/\/host-harbor.io\/#\/schema\/logo\/image\/\",\"url\":\"https:\/\/host-harbor.io\/wp-content\/uploads\/2023\/10\/Group-81048.svg\",\"contentUrl\":\"https:\/\/host-harbor.io\/wp-content\/uploads\/2023\/10\/Group-81048.svg\",\"width\":162,\"height\":22,\"caption\":\"Host Harbor\"},\"image\":{\"@id\":\"https:\/\/host-harbor.io\/#\/schema\/logo\/image\/\"}}]}<\/script>\n<!-- \/ Yoast SEO plugin. -->","yoast_head_json":{"title":"User Interface Development - Host Harbor","robots":{"index":"index","follow":"follow","max-snippet":"max-snippet:-1","max-image-preview":"max-image-preview:large","max-video-preview":"max-video-preview:-1"},"canonical":"https:\/\/host-harbor.io\/hu\/termek\/user-interface-development\/","og_locale":"hu_HU","og_type":"article","og_title":"User Interface Development - Host Harbor","og_description":"Creating user-friendly and intuitive interfaces that enhance user interaction, resulting in higher engagement and satisfaction.","og_url":"https:\/\/host-harbor.io\/hu\/termek\/user-interface-development\/","og_site_name":"Host Harbor","article_modified_time":"2024-05-24T08:06:41+00:00","twitter_card":"summary_large_image","twitter_misc":{"Becs\u00fclt olvas\u00e1si id\u0151":"1 perc"},"schema":{"@context":"https:\/\/schema.org","@graph":[{"@type":"WebPage","@id":"https:\/\/host-harbor.io\/product\/user-interface-development\/","url":"https:\/\/host-harbor.io\/product\/user-interface-development\/","name":"User Interface Development - Host Harbor","isPartOf":{"@id":"https:\/\/host-harbor.io\/#website"},"datePublished":"2024-05-24T08:06:40+00:00","dateModified":"2024-05-24T08:06:41+00:00","breadcrumb":{"@id":"https:\/\/host-harbor.io\/product\/user-interface-development\/#breadcrumb"},"inLanguage":"hu","potentialAction":[{"@type":"ReadAction","target":["https:\/\/host-harbor.io\/product\/user-interface-development\/"]}]},{"@type":"BreadcrumbList","@id":"https:\/\/host-harbor.io\/product\/user-interface-development\/#breadcrumb","itemListElement":[{"@type":"ListItem","position":1,"name":"Home","item":"https:\/\/host-harbor.io\/"},{"@type":"ListItem","position":2,"name":"User Interface Development"}]},{"@type":"WebSite","@id":"https:\/\/host-harbor.io\/#website","url":"https:\/\/host-harbor.io\/","name":"Host Harbor","description":"","publisher":{"@id":"https:\/\/host-harbor.io\/#organization"},"potentialAction":[{"@type":"SearchAction","target":{"@type":"EntryPoint","urlTemplate":"https:\/\/host-harbor.io\/?s={search_term_string}"},"query-input":"required name=search_term_string"}],"inLanguage":"hu"},{"@type":"Organization","@id":"https:\/\/host-harbor.io\/#organization","name":"Host Harbor","url":"https:\/\/host-harbor.io\/","logo":{"@type":"ImageObject","inLanguage":"hu","@id":"https:\/\/host-harbor.io\/#\/schema\/logo\/image\/","url":"https:\/\/host-harbor.io\/wp-content\/uploads\/2023\/10\/Group-81048.svg","contentUrl":"https:\/\/host-harbor.io\/wp-content\/uploads\/2023\/10\/Group-81048.svg","width":162,"height":22,"caption":"Host Harbor"},"image":{"@id":"https:\/\/host-harbor.io\/#\/schema\/logo\/image\/"}}]}},"_links":{"self":[{"href":"https:\/\/host-harbor.io\/hu\/wp-json\/wp\/v2\/product\/462"}],"collection":[{"href":"https:\/\/host-harbor.io\/hu\/wp-json\/wp\/v2\/product"}],"about":[{"href":"https:\/\/host-harbor.io\/hu\/wp-json\/wp\/v2\/types\/product"}],"replies":[{"embeddable":true,"href":"https:\/\/host-harbor.io\/hu\/wp-json\/wp\/v2\/comments?post=462"}],"wp:attachment":[{"href":"https:\/\/host-harbor.io\/hu\/wp-json\/wp\/v2\/media?parent=462"}],"wp:term":[{"taxonomy":"product_cat","embeddable":true,"href":"https:\/\/host-harbor.io\/hu\/wp-json\/wp\/v2\/product_cat?post=462"},{"taxonomy":"product_tag","embeddable":true,"href":"https:\/\/host-harbor.io\/hu\/wp-json\/wp\/v2\/product_tag?post=462"}],"curies":[{"name":"wp","href":"https:\/\/api.w.org\/{rel}","templated":true}]}}