{"id":466,"date":"2024-05-24T08:08:05","date_gmt":"2024-05-24T08:08:05","guid":{"rendered":"https:\/\/host-harbor.io\/?post_type=product&#038;p=466"},"modified":"2024-05-24T08:08:06","modified_gmt":"2024-05-24T08:08:06","slug":"performance-optimization","status":"publish","type":"product","link":"https:\/\/host-harbor.io\/hu\/termek\/performance-optimization\/","title":{"rendered":"Teljes\u00edtm\u00e9ny optimaliz\u00e1l\u00e1s"},"content":{"rendered":"<p><span style=\"font-weight: 400;\">A frontend sebess\u00e9g\u00e9nek \u00e9s teljes\u00edtm\u00e9ny\u00e9nek n\u00f6vel\u00e9se a k\u00f3d, a k\u00e9pek \u00e9s egy\u00e9b eszk\u00f6z\u00f6k optimaliz\u00e1l\u00e1s\u00e1val, ami gyorsabb bet\u00f6lt\u00e9si id\u0151t \u00e9s jobb felhaszn\u00e1l\u00f3i \u00e9lm\u00e9nyt eredm\u00e9nyez.<\/span><\/p>","protected":false},"excerpt":{"rendered":"<p>A frontend sebess\u00e9g\u00e9nek \u00e9s teljes\u00edtm\u00e9ny\u00e9nek n\u00f6vel\u00e9se a k\u00f3d, a k\u00e9pek \u00e9s egy\u00e9b eszk\u00f6z\u00f6k optimaliz\u00e1l\u00e1s\u00e1val, ami gyorsabb bet\u00f6lt\u00e9si id\u0151t \u00e9s jobb felhaszn\u00e1l\u00f3i \u00e9lm\u00e9nyt eredm\u00e9nyez.<\/p>","protected":false},"featured_media":0,"comment_status":"open","ping_status":"closed","template":"","meta":{"inline_featured_image":false},"product_cat":[29],"product_tag":[],"yoast_head":"<!-- This site is optimized with the Yoast SEO plugin v21.5 - https:\/\/yoast.com\/wordpress\/plugins\/seo\/ -->\n<title>Performance Optimization - Host Harbor<\/title>\n<meta name=\"robots\" content=\"index, follow, max-snippet:-1, max-image-preview:large, max-video-preview:-1\" \/>\n<link rel=\"canonical\" href=\"https:\/\/host-harbor.io\/hu\/termek\/performance-optimization\/\" \/>\n<meta property=\"og:locale\" content=\"hu_HU\" \/>\n<meta property=\"og:type\" content=\"article\" \/>\n<meta property=\"og:title\" content=\"Performance Optimization - Host Harbor\" \/>\n<meta property=\"og:description\" content=\"Enhancing the speed and performance of the frontend by optimising code, images, and other assets, resulting in faster loading times and improved user experience.\" \/>\n<meta property=\"og:url\" content=\"https:\/\/host-harbor.io\/hu\/termek\/performance-optimization\/\" \/>\n<meta property=\"og:site_name\" content=\"Host Harbor\" \/>\n<meta property=\"article:modified_time\" content=\"2024-05-24T08:08:06+00:00\" \/>\n<meta name=\"twitter:card\" content=\"summary_large_image\" \/>\n<meta name=\"twitter:label1\" content=\"Becs\u00fclt olvas\u00e1si id\u0151\" \/>\n\t<meta name=\"twitter:data1\" content=\"1 perc\" \/>\n<script type=\"application\/ld+json\" class=\"yoast-schema-graph\">{\"@context\":\"https:\/\/schema.org\",\"@graph\":[{\"@type\":\"WebPage\",\"@id\":\"https:\/\/host-harbor.io\/product\/performance-optimization\/\",\"url\":\"https:\/\/host-harbor.io\/product\/performance-optimization\/\",\"name\":\"Performance Optimization - Host Harbor\",\"isPartOf\":{\"@id\":\"https:\/\/host-harbor.io\/#website\"},\"datePublished\":\"2024-05-24T08:08:05+00:00\",\"dateModified\":\"2024-05-24T08:08:06+00:00\",\"breadcrumb\":{\"@id\":\"https:\/\/host-harbor.io\/product\/performance-optimization\/#breadcrumb\"},\"inLanguage\":\"hu\",\"potentialAction\":[{\"@type\":\"ReadAction\",\"target\":[\"https:\/\/host-harbor.io\/product\/performance-optimization\/\"]}]},{\"@type\":\"BreadcrumbList\",\"@id\":\"https:\/\/host-harbor.io\/product\/performance-optimization\/#breadcrumb\",\"itemListElement\":[{\"@type\":\"ListItem\",\"position\":1,\"name\":\"Home\",\"item\":\"https:\/\/host-harbor.io\/\"},{\"@type\":\"ListItem\",\"position\":2,\"name\":\"Performance Optimization\"}]},{\"@type\":\"WebSite\",\"@id\":\"https:\/\/host-harbor.io\/#website\",\"url\":\"https:\/\/host-harbor.io\/\",\"name\":\"Host Harbor\",\"description\":\"\",\"publisher\":{\"@id\":\"https:\/\/host-harbor.io\/#organization\"},\"potentialAction\":[{\"@type\":\"SearchAction\",\"target\":{\"@type\":\"EntryPoint\",\"urlTemplate\":\"https:\/\/host-harbor.io\/?s={search_term_string}\"},\"query-input\":\"required name=search_term_string\"}],\"inLanguage\":\"hu\"},{\"@type\":\"Organization\",\"@id\":\"https:\/\/host-harbor.io\/#organization\",\"name\":\"Host Harbor\",\"url\":\"https:\/\/host-harbor.io\/\",\"logo\":{\"@type\":\"ImageObject\",\"inLanguage\":\"hu\",\"@id\":\"https:\/\/host-harbor.io\/#\/schema\/logo\/image\/\",\"url\":\"https:\/\/host-harbor.io\/wp-content\/uploads\/2023\/10\/Group-81048.svg\",\"contentUrl\":\"https:\/\/host-harbor.io\/wp-content\/uploads\/2023\/10\/Group-81048.svg\",\"width\":162,\"height\":22,\"caption\":\"Host Harbor\"},\"image\":{\"@id\":\"https:\/\/host-harbor.io\/#\/schema\/logo\/image\/\"}}]}<\/script>\n<!-- \/ Yoast SEO plugin. -->","yoast_head_json":{"title":"Performance Optimization - Host Harbor","robots":{"index":"index","follow":"follow","max-snippet":"max-snippet:-1","max-image-preview":"max-image-preview:large","max-video-preview":"max-video-preview:-1"},"canonical":"https:\/\/host-harbor.io\/hu\/termek\/performance-optimization\/","og_locale":"hu_HU","og_type":"article","og_title":"Performance Optimization - Host Harbor","og_description":"Enhancing the speed and performance of the frontend by optimising code, images, and other assets, resulting in faster loading times and improved user experience.","og_url":"https:\/\/host-harbor.io\/hu\/termek\/performance-optimization\/","og_site_name":"Host Harbor","article_modified_time":"2024-05-24T08:08:06+00:00","twitter_card":"summary_large_image","twitter_misc":{"Becs\u00fclt olvas\u00e1si id\u0151":"1 perc"},"schema":{"@context":"https:\/\/schema.org","@graph":[{"@type":"WebPage","@id":"https:\/\/host-harbor.io\/product\/performance-optimization\/","url":"https:\/\/host-harbor.io\/product\/performance-optimization\/","name":"Performance Optimization - Host Harbor","isPartOf":{"@id":"https:\/\/host-harbor.io\/#website"},"datePublished":"2024-05-24T08:08:05+00:00","dateModified":"2024-05-24T08:08:06+00:00","breadcrumb":{"@id":"https:\/\/host-harbor.io\/product\/performance-optimization\/#breadcrumb"},"inLanguage":"hu","potentialAction":[{"@type":"ReadAction","target":["https:\/\/host-harbor.io\/product\/performance-optimization\/"]}]},{"@type":"BreadcrumbList","@id":"https:\/\/host-harbor.io\/product\/performance-optimization\/#breadcrumb","itemListElement":[{"@type":"ListItem","position":1,"name":"Home","item":"https:\/\/host-harbor.io\/"},{"@type":"ListItem","position":2,"name":"Performance Optimization"}]},{"@type":"WebSite","@id":"https:\/\/host-harbor.io\/#website","url":"https:\/\/host-harbor.io\/","name":"Host Harbor","description":"","publisher":{"@id":"https:\/\/host-harbor.io\/#organization"},"potentialAction":[{"@type":"SearchAction","target":{"@type":"EntryPoint","urlTemplate":"https:\/\/host-harbor.io\/?s={search_term_string}"},"query-input":"required name=search_term_string"}],"inLanguage":"hu"},{"@type":"Organization","@id":"https:\/\/host-harbor.io\/#organization","name":"Host Harbor","url":"https:\/\/host-harbor.io\/","logo":{"@type":"ImageObject","inLanguage":"hu","@id":"https:\/\/host-harbor.io\/#\/schema\/logo\/image\/","url":"https:\/\/host-harbor.io\/wp-content\/uploads\/2023\/10\/Group-81048.svg","contentUrl":"https:\/\/host-harbor.io\/wp-content\/uploads\/2023\/10\/Group-81048.svg","width":162,"height":22,"caption":"Host Harbor"},"image":{"@id":"https:\/\/host-harbor.io\/#\/schema\/logo\/image\/"}}]}},"_links":{"self":[{"href":"https:\/\/host-harbor.io\/hu\/wp-json\/wp\/v2\/product\/466"}],"collection":[{"href":"https:\/\/host-harbor.io\/hu\/wp-json\/wp\/v2\/product"}],"about":[{"href":"https:\/\/host-harbor.io\/hu\/wp-json\/wp\/v2\/types\/product"}],"replies":[{"embeddable":true,"href":"https:\/\/host-harbor.io\/hu\/wp-json\/wp\/v2\/comments?post=466"}],"wp:attachment":[{"href":"https:\/\/host-harbor.io\/hu\/wp-json\/wp\/v2\/media?parent=466"}],"wp:term":[{"taxonomy":"product_cat","embeddable":true,"href":"https:\/\/host-harbor.io\/hu\/wp-json\/wp\/v2\/product_cat?post=466"},{"taxonomy":"product_tag","embeddable":true,"href":"https:\/\/host-harbor.io\/hu\/wp-json\/wp\/v2\/product_tag?post=466"}],"curies":[{"name":"wp","href":"https:\/\/api.w.org\/{rel}","templated":true}]}}