{"id":476,"date":"2024-05-24T08:12:30","date_gmt":"2024-05-24T08:12:30","guid":{"rendered":"https:\/\/host-harbor.io\/?post_type=product&#038;p=476"},"modified":"2024-05-24T08:12:31","modified_gmt":"2024-05-24T08:12:31","slug":"database-management","status":"publish","type":"product","link":"https:\/\/host-harbor.io\/hu\/termek\/database-management\/","title":{"rendered":"Adatb\u00e1zis-kezel\u00e9s"},"content":{"rendered":"<p><span style=\"font-weight: 400;\">Az adatok hat\u00e9kony rendszerez\u00e9se, t\u00e1rol\u00e1sa \u00e9s visszakeres\u00e9se az alkalmaz\u00e1s adatb\u00e1zis-rendszer\u00e9nek megb\u00edzhat\u00f3s\u00e1ga, teljes\u00edtm\u00e9nye \u00e9s sk\u00e1l\u00e1zhat\u00f3s\u00e1ga \u00e9rdek\u00e9ben.<\/span><\/p>","protected":false},"excerpt":{"rendered":"<p>Az adatok hat\u00e9kony rendszerez\u00e9se, t\u00e1rol\u00e1sa \u00e9s visszakeres\u00e9se az alkalmaz\u00e1s adatb\u00e1zis-rendszer\u00e9nek megb\u00edzhat\u00f3s\u00e1ga, teljes\u00edtm\u00e9nye \u00e9s sk\u00e1l\u00e1zhat\u00f3s\u00e1ga \u00e9rdek\u00e9ben.<\/p>","protected":false},"featured_media":0,"comment_status":"open","ping_status":"closed","template":"","meta":{"inline_featured_image":false},"product_cat":[30],"product_tag":[],"yoast_head":"<!-- This site is optimized with the Yoast SEO plugin v21.5 - https:\/\/yoast.com\/wordpress\/plugins\/seo\/ -->\n<title>Database Management - Host Harbor<\/title>\n<meta name=\"robots\" content=\"index, follow, max-snippet:-1, max-image-preview:large, max-video-preview:-1\" \/>\n<link rel=\"canonical\" href=\"https:\/\/host-harbor.io\/hu\/termek\/database-management\/\" \/>\n<meta property=\"og:locale\" content=\"hu_HU\" \/>\n<meta property=\"og:type\" content=\"article\" \/>\n<meta property=\"og:title\" content=\"Database Management - Host Harbor\" \/>\n<meta property=\"og:description\" content=\"Efficiently organise, store, and retrieve data to ensure the reliability, performance, and scalability of your application&#8217;s database system.\" \/>\n<meta property=\"og:url\" content=\"https:\/\/host-harbor.io\/hu\/termek\/database-management\/\" \/>\n<meta property=\"og:site_name\" content=\"Host Harbor\" \/>\n<meta property=\"article:modified_time\" content=\"2024-05-24T08:12:31+00:00\" \/>\n<meta name=\"twitter:card\" content=\"summary_large_image\" \/>\n<meta name=\"twitter:label1\" content=\"Becs\u00fclt olvas\u00e1si id\u0151\" \/>\n\t<meta name=\"twitter:data1\" content=\"1 perc\" \/>\n<script type=\"application\/ld+json\" class=\"yoast-schema-graph\">{\"@context\":\"https:\/\/schema.org\",\"@graph\":[{\"@type\":\"WebPage\",\"@id\":\"https:\/\/host-harbor.io\/product\/database-management\/\",\"url\":\"https:\/\/host-harbor.io\/product\/database-management\/\",\"name\":\"Database Management - Host Harbor\",\"isPartOf\":{\"@id\":\"https:\/\/host-harbor.io\/#website\"},\"datePublished\":\"2024-05-24T08:12:30+00:00\",\"dateModified\":\"2024-05-24T08:12:31+00:00\",\"breadcrumb\":{\"@id\":\"https:\/\/host-harbor.io\/product\/database-management\/#breadcrumb\"},\"inLanguage\":\"hu\",\"potentialAction\":[{\"@type\":\"ReadAction\",\"target\":[\"https:\/\/host-harbor.io\/product\/database-management\/\"]}]},{\"@type\":\"BreadcrumbList\",\"@id\":\"https:\/\/host-harbor.io\/product\/database-management\/#breadcrumb\",\"itemListElement\":[{\"@type\":\"ListItem\",\"position\":1,\"name\":\"Home\",\"item\":\"https:\/\/host-harbor.io\/\"},{\"@type\":\"ListItem\",\"position\":2,\"name\":\"Database Management\"}]},{\"@type\":\"WebSite\",\"@id\":\"https:\/\/host-harbor.io\/#website\",\"url\":\"https:\/\/host-harbor.io\/\",\"name\":\"Host Harbor\",\"description\":\"\",\"publisher\":{\"@id\":\"https:\/\/host-harbor.io\/#organization\"},\"potentialAction\":[{\"@type\":\"SearchAction\",\"target\":{\"@type\":\"EntryPoint\",\"urlTemplate\":\"https:\/\/host-harbor.io\/?s={search_term_string}\"},\"query-input\":\"required name=search_term_string\"}],\"inLanguage\":\"hu\"},{\"@type\":\"Organization\",\"@id\":\"https:\/\/host-harbor.io\/#organization\",\"name\":\"Host Harbor\",\"url\":\"https:\/\/host-harbor.io\/\",\"logo\":{\"@type\":\"ImageObject\",\"inLanguage\":\"hu\",\"@id\":\"https:\/\/host-harbor.io\/#\/schema\/logo\/image\/\",\"url\":\"https:\/\/host-harbor.io\/wp-content\/uploads\/2023\/10\/Group-81048.svg\",\"contentUrl\":\"https:\/\/host-harbor.io\/wp-content\/uploads\/2023\/10\/Group-81048.svg\",\"width\":162,\"height\":22,\"caption\":\"Host Harbor\"},\"image\":{\"@id\":\"https:\/\/host-harbor.io\/#\/schema\/logo\/image\/\"}}]}<\/script>\n<!-- \/ Yoast SEO plugin. -->","yoast_head_json":{"title":"Database Management - Host Harbor","robots":{"index":"index","follow":"follow","max-snippet":"max-snippet:-1","max-image-preview":"max-image-preview:large","max-video-preview":"max-video-preview:-1"},"canonical":"https:\/\/host-harbor.io\/hu\/termek\/database-management\/","og_locale":"hu_HU","og_type":"article","og_title":"Database Management - Host Harbor","og_description":"Efficiently organise, store, and retrieve data to ensure the reliability, performance, and scalability of your application&#8217;s database system.","og_url":"https:\/\/host-harbor.io\/hu\/termek\/database-management\/","og_site_name":"Host Harbor","article_modified_time":"2024-05-24T08:12:31+00:00","twitter_card":"summary_large_image","twitter_misc":{"Becs\u00fclt olvas\u00e1si id\u0151":"1 perc"},"schema":{"@context":"https:\/\/schema.org","@graph":[{"@type":"WebPage","@id":"https:\/\/host-harbor.io\/product\/database-management\/","url":"https:\/\/host-harbor.io\/product\/database-management\/","name":"Database Management - Host Harbor","isPartOf":{"@id":"https:\/\/host-harbor.io\/#website"},"datePublished":"2024-05-24T08:12:30+00:00","dateModified":"2024-05-24T08:12:31+00:00","breadcrumb":{"@id":"https:\/\/host-harbor.io\/product\/database-management\/#breadcrumb"},"inLanguage":"hu","potentialAction":[{"@type":"ReadAction","target":["https:\/\/host-harbor.io\/product\/database-management\/"]}]},{"@type":"BreadcrumbList","@id":"https:\/\/host-harbor.io\/product\/database-management\/#breadcrumb","itemListElement":[{"@type":"ListItem","position":1,"name":"Home","item":"https:\/\/host-harbor.io\/"},{"@type":"ListItem","position":2,"name":"Database Management"}]},{"@type":"WebSite","@id":"https:\/\/host-harbor.io\/#website","url":"https:\/\/host-harbor.io\/","name":"Host Harbor","description":"","publisher":{"@id":"https:\/\/host-harbor.io\/#organization"},"potentialAction":[{"@type":"SearchAction","target":{"@type":"EntryPoint","urlTemplate":"https:\/\/host-harbor.io\/?s={search_term_string}"},"query-input":"required name=search_term_string"}],"inLanguage":"hu"},{"@type":"Organization","@id":"https:\/\/host-harbor.io\/#organization","name":"Host Harbor","url":"https:\/\/host-harbor.io\/","logo":{"@type":"ImageObject","inLanguage":"hu","@id":"https:\/\/host-harbor.io\/#\/schema\/logo\/image\/","url":"https:\/\/host-harbor.io\/wp-content\/uploads\/2023\/10\/Group-81048.svg","contentUrl":"https:\/\/host-harbor.io\/wp-content\/uploads\/2023\/10\/Group-81048.svg","width":162,"height":22,"caption":"Host Harbor"},"image":{"@id":"https:\/\/host-harbor.io\/#\/schema\/logo\/image\/"}}]}},"_links":{"self":[{"href":"https:\/\/host-harbor.io\/hu\/wp-json\/wp\/v2\/product\/476"}],"collection":[{"href":"https:\/\/host-harbor.io\/hu\/wp-json\/wp\/v2\/product"}],"about":[{"href":"https:\/\/host-harbor.io\/hu\/wp-json\/wp\/v2\/types\/product"}],"replies":[{"embeddable":true,"href":"https:\/\/host-harbor.io\/hu\/wp-json\/wp\/v2\/comments?post=476"}],"wp:attachment":[{"href":"https:\/\/host-harbor.io\/hu\/wp-json\/wp\/v2\/media?parent=476"}],"wp:term":[{"taxonomy":"product_cat","embeddable":true,"href":"https:\/\/host-harbor.io\/hu\/wp-json\/wp\/v2\/product_cat?post=476"},{"taxonomy":"product_tag","embeddable":true,"href":"https:\/\/host-harbor.io\/hu\/wp-json\/wp\/v2\/product_tag?post=476"}],"curies":[{"name":"wp","href":"https:\/\/api.w.org\/{rel}","templated":true}]}}