{"id":481,"date":"2024-05-24T08:14:19","date_gmt":"2024-05-24T08:14:19","guid":{"rendered":"https:\/\/host-harbor.io\/?post_type=product&#038;p=481"},"modified":"2024-05-24T08:14:19","modified_gmt":"2024-05-24T08:14:19","slug":"infrastructure-optimization","status":"publish","type":"product","link":"https:\/\/host-harbor.io\/hu\/termek\/infrastructure-optimization\/","title":{"rendered":"Infrastrukt\u00fara optimaliz\u00e1l\u00e1s"},"content":{"rendered":"<p><span style=\"font-weight: 400;\">Optimaliz\u00e1lja informatikai infrastrukt\u00far\u00e1j\u00e1t a teljes\u00edtm\u00e9ny, a sk\u00e1l\u00e1zhat\u00f3s\u00e1g \u00e9s a k\u00f6lts\u00e9ghat\u00e9konys\u00e1g jav\u00edt\u00e1sa \u00e9rdek\u00e9ben, biztos\u00edtva a z\u00f6kken\u0151mentes m\u0171k\u00f6d\u00e9st \u00e9s a j\u00f6v\u0151beli sk\u00e1l\u00e1zhat\u00f3s\u00e1got.<\/span><\/p>","protected":false},"excerpt":{"rendered":"<p>Optimaliz\u00e1lja informatikai infrastrukt\u00far\u00e1j\u00e1t a teljes\u00edtm\u00e9ny, a sk\u00e1l\u00e1zhat\u00f3s\u00e1g \u00e9s a k\u00f6lts\u00e9ghat\u00e9konys\u00e1g jav\u00edt\u00e1sa \u00e9rdek\u00e9ben, biztos\u00edtva a z\u00f6kken\u0151mentes m\u0171k\u00f6d\u00e9st \u00e9s a j\u00f6v\u0151beli sk\u00e1l\u00e1zhat\u00f3s\u00e1got.<\/p>","protected":false},"featured_media":0,"comment_status":"open","ping_status":"closed","template":"","meta":{"inline_featured_image":false},"product_cat":[30],"product_tag":[],"yoast_head":"<!-- This site is optimized with the Yoast SEO plugin v21.5 - https:\/\/yoast.com\/wordpress\/plugins\/seo\/ -->\n<title>Infrastructure Optimization - Host Harbor<\/title>\n<meta name=\"robots\" content=\"index, follow, max-snippet:-1, max-image-preview:large, max-video-preview:-1\" \/>\n<link rel=\"canonical\" href=\"https:\/\/host-harbor.io\/hu\/termek\/infrastructure-optimization\/\" \/>\n<meta property=\"og:locale\" content=\"hu_HU\" \/>\n<meta property=\"og:type\" content=\"article\" \/>\n<meta property=\"og:title\" content=\"Infrastructure Optimization - Host Harbor\" \/>\n<meta property=\"og:description\" content=\"Optimise your IT infrastructure to improve performance, scalability, and cost-efficiency, ensuring smooth operation and future scalability.\" \/>\n<meta property=\"og:url\" content=\"https:\/\/host-harbor.io\/hu\/termek\/infrastructure-optimization\/\" \/>\n<meta property=\"og:site_name\" content=\"Host Harbor\" \/>\n<meta name=\"twitter:card\" content=\"summary_large_image\" \/>\n<meta name=\"twitter:label1\" content=\"Becs\u00fclt olvas\u00e1si id\u0151\" \/>\n\t<meta name=\"twitter:data1\" content=\"1 perc\" \/>\n<script type=\"application\/ld+json\" class=\"yoast-schema-graph\">{\"@context\":\"https:\/\/schema.org\",\"@graph\":[{\"@type\":\"WebPage\",\"@id\":\"https:\/\/host-harbor.io\/product\/infrastructure-optimization\/\",\"url\":\"https:\/\/host-harbor.io\/product\/infrastructure-optimization\/\",\"name\":\"Infrastructure Optimization - Host Harbor\",\"isPartOf\":{\"@id\":\"https:\/\/host-harbor.io\/#website\"},\"datePublished\":\"2024-05-24T08:14:19+00:00\",\"dateModified\":\"2024-05-24T08:14:19+00:00\",\"breadcrumb\":{\"@id\":\"https:\/\/host-harbor.io\/product\/infrastructure-optimization\/#breadcrumb\"},\"inLanguage\":\"hu\",\"potentialAction\":[{\"@type\":\"ReadAction\",\"target\":[\"https:\/\/host-harbor.io\/product\/infrastructure-optimization\/\"]}]},{\"@type\":\"BreadcrumbList\",\"@id\":\"https:\/\/host-harbor.io\/product\/infrastructure-optimization\/#breadcrumb\",\"itemListElement\":[{\"@type\":\"ListItem\",\"position\":1,\"name\":\"Home\",\"item\":\"https:\/\/host-harbor.io\/\"},{\"@type\":\"ListItem\",\"position\":2,\"name\":\"Infrastructure Optimization\"}]},{\"@type\":\"WebSite\",\"@id\":\"https:\/\/host-harbor.io\/#website\",\"url\":\"https:\/\/host-harbor.io\/\",\"name\":\"Host Harbor\",\"description\":\"\",\"publisher\":{\"@id\":\"https:\/\/host-harbor.io\/#organization\"},\"potentialAction\":[{\"@type\":\"SearchAction\",\"target\":{\"@type\":\"EntryPoint\",\"urlTemplate\":\"https:\/\/host-harbor.io\/?s={search_term_string}\"},\"query-input\":\"required name=search_term_string\"}],\"inLanguage\":\"hu\"},{\"@type\":\"Organization\",\"@id\":\"https:\/\/host-harbor.io\/#organization\",\"name\":\"Host Harbor\",\"url\":\"https:\/\/host-harbor.io\/\",\"logo\":{\"@type\":\"ImageObject\",\"inLanguage\":\"hu\",\"@id\":\"https:\/\/host-harbor.io\/#\/schema\/logo\/image\/\",\"url\":\"https:\/\/host-harbor.io\/wp-content\/uploads\/2023\/10\/Group-81048.svg\",\"contentUrl\":\"https:\/\/host-harbor.io\/wp-content\/uploads\/2023\/10\/Group-81048.svg\",\"width\":162,\"height\":22,\"caption\":\"Host Harbor\"},\"image\":{\"@id\":\"https:\/\/host-harbor.io\/#\/schema\/logo\/image\/\"}}]}<\/script>\n<!-- \/ Yoast SEO plugin. -->","yoast_head_json":{"title":"Infrastructure Optimization - Host Harbor","robots":{"index":"index","follow":"follow","max-snippet":"max-snippet:-1","max-image-preview":"max-image-preview:large","max-video-preview":"max-video-preview:-1"},"canonical":"https:\/\/host-harbor.io\/hu\/termek\/infrastructure-optimization\/","og_locale":"hu_HU","og_type":"article","og_title":"Infrastructure Optimization - Host Harbor","og_description":"Optimise your IT infrastructure to improve performance, scalability, and cost-efficiency, ensuring smooth operation and future scalability.","og_url":"https:\/\/host-harbor.io\/hu\/termek\/infrastructure-optimization\/","og_site_name":"Host Harbor","twitter_card":"summary_large_image","twitter_misc":{"Becs\u00fclt olvas\u00e1si id\u0151":"1 perc"},"schema":{"@context":"https:\/\/schema.org","@graph":[{"@type":"WebPage","@id":"https:\/\/host-harbor.io\/product\/infrastructure-optimization\/","url":"https:\/\/host-harbor.io\/product\/infrastructure-optimization\/","name":"Infrastructure Optimization - Host Harbor","isPartOf":{"@id":"https:\/\/host-harbor.io\/#website"},"datePublished":"2024-05-24T08:14:19+00:00","dateModified":"2024-05-24T08:14:19+00:00","breadcrumb":{"@id":"https:\/\/host-harbor.io\/product\/infrastructure-optimization\/#breadcrumb"},"inLanguage":"hu","potentialAction":[{"@type":"ReadAction","target":["https:\/\/host-harbor.io\/product\/infrastructure-optimization\/"]}]},{"@type":"BreadcrumbList","@id":"https:\/\/host-harbor.io\/product\/infrastructure-optimization\/#breadcrumb","itemListElement":[{"@type":"ListItem","position":1,"name":"Home","item":"https:\/\/host-harbor.io\/"},{"@type":"ListItem","position":2,"name":"Infrastructure Optimization"}]},{"@type":"WebSite","@id":"https:\/\/host-harbor.io\/#website","url":"https:\/\/host-harbor.io\/","name":"Host Harbor","description":"","publisher":{"@id":"https:\/\/host-harbor.io\/#organization"},"potentialAction":[{"@type":"SearchAction","target":{"@type":"EntryPoint","urlTemplate":"https:\/\/host-harbor.io\/?s={search_term_string}"},"query-input":"required name=search_term_string"}],"inLanguage":"hu"},{"@type":"Organization","@id":"https:\/\/host-harbor.io\/#organization","name":"Host Harbor","url":"https:\/\/host-harbor.io\/","logo":{"@type":"ImageObject","inLanguage":"hu","@id":"https:\/\/host-harbor.io\/#\/schema\/logo\/image\/","url":"https:\/\/host-harbor.io\/wp-content\/uploads\/2023\/10\/Group-81048.svg","contentUrl":"https:\/\/host-harbor.io\/wp-content\/uploads\/2023\/10\/Group-81048.svg","width":162,"height":22,"caption":"Host Harbor"},"image":{"@id":"https:\/\/host-harbor.io\/#\/schema\/logo\/image\/"}}]}},"_links":{"self":[{"href":"https:\/\/host-harbor.io\/hu\/wp-json\/wp\/v2\/product\/481"}],"collection":[{"href":"https:\/\/host-harbor.io\/hu\/wp-json\/wp\/v2\/product"}],"about":[{"href":"https:\/\/host-harbor.io\/hu\/wp-json\/wp\/v2\/types\/product"}],"replies":[{"embeddable":true,"href":"https:\/\/host-harbor.io\/hu\/wp-json\/wp\/v2\/comments?post=481"}],"wp:attachment":[{"href":"https:\/\/host-harbor.io\/hu\/wp-json\/wp\/v2\/media?parent=481"}],"wp:term":[{"taxonomy":"product_cat","embeddable":true,"href":"https:\/\/host-harbor.io\/hu\/wp-json\/wp\/v2\/product_cat?post=481"},{"taxonomy":"product_tag","embeddable":true,"href":"https:\/\/host-harbor.io\/hu\/wp-json\/wp\/v2\/product_tag?post=481"}],"curies":[{"name":"wp","href":"https:\/\/api.w.org\/{rel}","templated":true}]}}