{"id":483,"date":"2024-05-24T08:15:04","date_gmt":"2024-05-24T08:15:04","guid":{"rendered":"https:\/\/host-harbor.io\/?post_type=product&#038;p=483"},"modified":"2024-05-24T08:15:05","modified_gmt":"2024-05-24T08:15:05","slug":"mobile-ui-ux-design","status":"publish","type":"product","link":"https:\/\/host-harbor.io\/hu\/termek\/mobile-ui-ux-design\/","title":{"rendered":"Mobil UI\/UX tervez\u00e9s"},"content":{"rendered":"<p><span style=\"font-weight: 400;\">Intuit\u00edv \u00e9s vizu\u00e1lisan vonz\u00f3 felhaszn\u00e1l\u00f3i fel\u00fcletek kialak\u00edt\u00e1sa mobilalkalmaz\u00e1sokhoz, a kisebb k\u00e9perny\u0151k\u00f6n val\u00f3 haszn\u00e1lhat\u00f3s\u00e1g \u00e9s felhaszn\u00e1l\u00f3i \u00e9lm\u00e9ny el\u0151t\u00e9rbe helyez\u00e9s\u00e9vel.<\/span><\/p>","protected":false},"excerpt":{"rendered":"<p>Intuit\u00edv \u00e9s vizu\u00e1lisan vonz\u00f3 felhaszn\u00e1l\u00f3i fel\u00fcletek kialak\u00edt\u00e1sa mobilalkalmaz\u00e1sokhoz, a kisebb k\u00e9perny\u0151k\u00f6n val\u00f3 haszn\u00e1lhat\u00f3s\u00e1g \u00e9s felhaszn\u00e1l\u00f3i \u00e9lm\u00e9ny el\u0151t\u00e9rbe helyez\u00e9s\u00e9vel.<\/p>","protected":false},"featured_media":0,"comment_status":"open","ping_status":"closed","template":"","meta":{"inline_featured_image":false},"product_cat":[31],"product_tag":[],"yoast_head":"<!-- This site is optimized with the Yoast SEO plugin v21.5 - https:\/\/yoast.com\/wordpress\/plugins\/seo\/ -->\n<title>Mobile UI\/UX Design - Host Harbor<\/title>\n<meta name=\"robots\" content=\"index, follow, max-snippet:-1, max-image-preview:large, max-video-preview:-1\" \/>\n<link rel=\"canonical\" href=\"https:\/\/host-harbor.io\/hu\/termek\/mobile-ui-ux-design\/\" \/>\n<meta property=\"og:locale\" content=\"hu_HU\" \/>\n<meta property=\"og:type\" content=\"article\" \/>\n<meta property=\"og:title\" content=\"Mobile UI\/UX Design - Host Harbor\" \/>\n<meta property=\"og:description\" content=\"Craft intuitive and visually appealing user interfaces for mobile applications, prioritising usability and user experience on smaller screens.\" \/>\n<meta property=\"og:url\" content=\"https:\/\/host-harbor.io\/hu\/termek\/mobile-ui-ux-design\/\" \/>\n<meta property=\"og:site_name\" content=\"Host Harbor\" \/>\n<meta property=\"article:modified_time\" content=\"2024-05-24T08:15:05+00:00\" \/>\n<meta name=\"twitter:card\" content=\"summary_large_image\" \/>\n<meta name=\"twitter:label1\" content=\"Becs\u00fclt olvas\u00e1si id\u0151\" \/>\n\t<meta name=\"twitter:data1\" content=\"1 perc\" \/>\n<script type=\"application\/ld+json\" class=\"yoast-schema-graph\">{\"@context\":\"https:\/\/schema.org\",\"@graph\":[{\"@type\":\"WebPage\",\"@id\":\"https:\/\/host-harbor.io\/product\/mobile-ui-ux-design\/\",\"url\":\"https:\/\/host-harbor.io\/product\/mobile-ui-ux-design\/\",\"name\":\"Mobile UI\/UX Design - Host Harbor\",\"isPartOf\":{\"@id\":\"https:\/\/host-harbor.io\/#website\"},\"datePublished\":\"2024-05-24T08:15:04+00:00\",\"dateModified\":\"2024-05-24T08:15:05+00:00\",\"breadcrumb\":{\"@id\":\"https:\/\/host-harbor.io\/product\/mobile-ui-ux-design\/#breadcrumb\"},\"inLanguage\":\"hu\",\"potentialAction\":[{\"@type\":\"ReadAction\",\"target\":[\"https:\/\/host-harbor.io\/product\/mobile-ui-ux-design\/\"]}]},{\"@type\":\"BreadcrumbList\",\"@id\":\"https:\/\/host-harbor.io\/product\/mobile-ui-ux-design\/#breadcrumb\",\"itemListElement\":[{\"@type\":\"ListItem\",\"position\":1,\"name\":\"Home\",\"item\":\"https:\/\/host-harbor.io\/\"},{\"@type\":\"ListItem\",\"position\":2,\"name\":\"Mobile UI\/UX Design\"}]},{\"@type\":\"WebSite\",\"@id\":\"https:\/\/host-harbor.io\/#website\",\"url\":\"https:\/\/host-harbor.io\/\",\"name\":\"Host Harbor\",\"description\":\"\",\"publisher\":{\"@id\":\"https:\/\/host-harbor.io\/#organization\"},\"potentialAction\":[{\"@type\":\"SearchAction\",\"target\":{\"@type\":\"EntryPoint\",\"urlTemplate\":\"https:\/\/host-harbor.io\/?s={search_term_string}\"},\"query-input\":\"required name=search_term_string\"}],\"inLanguage\":\"hu\"},{\"@type\":\"Organization\",\"@id\":\"https:\/\/host-harbor.io\/#organization\",\"name\":\"Host Harbor\",\"url\":\"https:\/\/host-harbor.io\/\",\"logo\":{\"@type\":\"ImageObject\",\"inLanguage\":\"hu\",\"@id\":\"https:\/\/host-harbor.io\/#\/schema\/logo\/image\/\",\"url\":\"https:\/\/host-harbor.io\/wp-content\/uploads\/2023\/10\/Group-81048.svg\",\"contentUrl\":\"https:\/\/host-harbor.io\/wp-content\/uploads\/2023\/10\/Group-81048.svg\",\"width\":162,\"height\":22,\"caption\":\"Host Harbor\"},\"image\":{\"@id\":\"https:\/\/host-harbor.io\/#\/schema\/logo\/image\/\"}}]}<\/script>\n<!-- \/ Yoast SEO plugin. -->","yoast_head_json":{"title":"Mobile UI\/UX Design - Host Harbor","robots":{"index":"index","follow":"follow","max-snippet":"max-snippet:-1","max-image-preview":"max-image-preview:large","max-video-preview":"max-video-preview:-1"},"canonical":"https:\/\/host-harbor.io\/hu\/termek\/mobile-ui-ux-design\/","og_locale":"hu_HU","og_type":"article","og_title":"Mobile UI\/UX Design - Host Harbor","og_description":"Craft intuitive and visually appealing user interfaces for mobile applications, prioritising usability and user experience on smaller screens.","og_url":"https:\/\/host-harbor.io\/hu\/termek\/mobile-ui-ux-design\/","og_site_name":"Host Harbor","article_modified_time":"2024-05-24T08:15:05+00:00","twitter_card":"summary_large_image","twitter_misc":{"Becs\u00fclt olvas\u00e1si id\u0151":"1 perc"},"schema":{"@context":"https:\/\/schema.org","@graph":[{"@type":"WebPage","@id":"https:\/\/host-harbor.io\/product\/mobile-ui-ux-design\/","url":"https:\/\/host-harbor.io\/product\/mobile-ui-ux-design\/","name":"Mobile UI\/UX Design - Host Harbor","isPartOf":{"@id":"https:\/\/host-harbor.io\/#website"},"datePublished":"2024-05-24T08:15:04+00:00","dateModified":"2024-05-24T08:15:05+00:00","breadcrumb":{"@id":"https:\/\/host-harbor.io\/product\/mobile-ui-ux-design\/#breadcrumb"},"inLanguage":"hu","potentialAction":[{"@type":"ReadAction","target":["https:\/\/host-harbor.io\/product\/mobile-ui-ux-design\/"]}]},{"@type":"BreadcrumbList","@id":"https:\/\/host-harbor.io\/product\/mobile-ui-ux-design\/#breadcrumb","itemListElement":[{"@type":"ListItem","position":1,"name":"Home","item":"https:\/\/host-harbor.io\/"},{"@type":"ListItem","position":2,"name":"Mobile UI\/UX Design"}]},{"@type":"WebSite","@id":"https:\/\/host-harbor.io\/#website","url":"https:\/\/host-harbor.io\/","name":"Host Harbor","description":"","publisher":{"@id":"https:\/\/host-harbor.io\/#organization"},"potentialAction":[{"@type":"SearchAction","target":{"@type":"EntryPoint","urlTemplate":"https:\/\/host-harbor.io\/?s={search_term_string}"},"query-input":"required name=search_term_string"}],"inLanguage":"hu"},{"@type":"Organization","@id":"https:\/\/host-harbor.io\/#organization","name":"Host Harbor","url":"https:\/\/host-harbor.io\/","logo":{"@type":"ImageObject","inLanguage":"hu","@id":"https:\/\/host-harbor.io\/#\/schema\/logo\/image\/","url":"https:\/\/host-harbor.io\/wp-content\/uploads\/2023\/10\/Group-81048.svg","contentUrl":"https:\/\/host-harbor.io\/wp-content\/uploads\/2023\/10\/Group-81048.svg","width":162,"height":22,"caption":"Host Harbor"},"image":{"@id":"https:\/\/host-harbor.io\/#\/schema\/logo\/image\/"}}]}},"_links":{"self":[{"href":"https:\/\/host-harbor.io\/hu\/wp-json\/wp\/v2\/product\/483"}],"collection":[{"href":"https:\/\/host-harbor.io\/hu\/wp-json\/wp\/v2\/product"}],"about":[{"href":"https:\/\/host-harbor.io\/hu\/wp-json\/wp\/v2\/types\/product"}],"replies":[{"embeddable":true,"href":"https:\/\/host-harbor.io\/hu\/wp-json\/wp\/v2\/comments?post=483"}],"wp:attachment":[{"href":"https:\/\/host-harbor.io\/hu\/wp-json\/wp\/v2\/media?parent=483"}],"wp:term":[{"taxonomy":"product_cat","embeddable":true,"href":"https:\/\/host-harbor.io\/hu\/wp-json\/wp\/v2\/product_cat?post=483"},{"taxonomy":"product_tag","embeddable":true,"href":"https:\/\/host-harbor.io\/hu\/wp-json\/wp\/v2\/product_tag?post=483"}],"curies":[{"name":"wp","href":"https:\/\/api.w.org\/{rel}","templated":true}]}}