{"id":485,"date":"2024-05-24T08:15:45","date_gmt":"2024-05-24T08:15:45","guid":{"rendered":"https:\/\/host-harbor.io\/?post_type=product&#038;p=485"},"modified":"2024-05-24T08:15:45","modified_gmt":"2024-05-24T08:15:45","slug":"push-notifications","status":"publish","type":"product","link":"https:\/\/host-harbor.io\/hu\/termek\/push-notifications\/","title":{"rendered":"Push \u00e9rtes\u00edt\u00e9sek"},"content":{"rendered":"<p><span style=\"font-weight: 400;\">A push-\u00e9rtes\u00edt\u00e9si funkci\u00f3k bevezet\u00e9s\u00e9vel a felhaszn\u00e1l\u00f3k folyamatosan t\u00e1j\u00e9koztathat\u00f3k \u00e9s bevonhat\u00f3k, ami el\u0151seg\u00edti a felhaszn\u00e1l\u00f3k megtart\u00e1s\u00e1t \u00e9s a mobilalkalmaz\u00e1son bel\u00fcli interakci\u00f3t.<\/span><\/p>","protected":false},"excerpt":{"rendered":"<p>A push-\u00e9rtes\u00edt\u00e9si funkci\u00f3k bevezet\u00e9s\u00e9vel a felhaszn\u00e1l\u00f3k folyamatosan t\u00e1j\u00e9koztathat\u00f3k \u00e9s bevonhat\u00f3k, ami el\u0151seg\u00edti a felhaszn\u00e1l\u00f3k megtart\u00e1s\u00e1t \u00e9s a mobilalkalmaz\u00e1son bel\u00fcli interakci\u00f3t.<\/p>","protected":false},"featured_media":0,"comment_status":"open","ping_status":"closed","template":"","meta":{"inline_featured_image":false},"product_cat":[31],"product_tag":[],"yoast_head":"<!-- This site is optimized with the Yoast SEO plugin v21.5 - https:\/\/yoast.com\/wordpress\/plugins\/seo\/ -->\n<title>Push Notifications - Host Harbor<\/title>\n<meta name=\"robots\" content=\"index, follow, max-snippet:-1, max-image-preview:large, max-video-preview:-1\" \/>\n<link rel=\"canonical\" href=\"https:\/\/host-harbor.io\/hu\/termek\/push-notifications\/\" \/>\n<meta property=\"og:locale\" content=\"hu_HU\" \/>\n<meta property=\"og:type\" content=\"article\" \/>\n<meta property=\"og:title\" content=\"Push Notifications - Host Harbor\" \/>\n<meta property=\"og:description\" content=\"Implement push notification functionality to keep users engaged and informed, driving user retention and interaction within your mobile application.\" \/>\n<meta property=\"og:url\" content=\"https:\/\/host-harbor.io\/hu\/termek\/push-notifications\/\" \/>\n<meta property=\"og:site_name\" content=\"Host Harbor\" \/>\n<meta name=\"twitter:card\" content=\"summary_large_image\" \/>\n<meta name=\"twitter:label1\" content=\"Becs\u00fclt olvas\u00e1si id\u0151\" \/>\n\t<meta name=\"twitter:data1\" content=\"1 perc\" \/>\n<script type=\"application\/ld+json\" class=\"yoast-schema-graph\">{\"@context\":\"https:\/\/schema.org\",\"@graph\":[{\"@type\":\"WebPage\",\"@id\":\"https:\/\/host-harbor.io\/product\/push-notifications\/\",\"url\":\"https:\/\/host-harbor.io\/product\/push-notifications\/\",\"name\":\"Push Notifications - Host Harbor\",\"isPartOf\":{\"@id\":\"https:\/\/host-harbor.io\/#website\"},\"datePublished\":\"2024-05-24T08:15:45+00:00\",\"dateModified\":\"2024-05-24T08:15:45+00:00\",\"breadcrumb\":{\"@id\":\"https:\/\/host-harbor.io\/product\/push-notifications\/#breadcrumb\"},\"inLanguage\":\"hu\",\"potentialAction\":[{\"@type\":\"ReadAction\",\"target\":[\"https:\/\/host-harbor.io\/product\/push-notifications\/\"]}]},{\"@type\":\"BreadcrumbList\",\"@id\":\"https:\/\/host-harbor.io\/product\/push-notifications\/#breadcrumb\",\"itemListElement\":[{\"@type\":\"ListItem\",\"position\":1,\"name\":\"Home\",\"item\":\"https:\/\/host-harbor.io\/\"},{\"@type\":\"ListItem\",\"position\":2,\"name\":\"Push Notifications\"}]},{\"@type\":\"WebSite\",\"@id\":\"https:\/\/host-harbor.io\/#website\",\"url\":\"https:\/\/host-harbor.io\/\",\"name\":\"Host Harbor\",\"description\":\"\",\"publisher\":{\"@id\":\"https:\/\/host-harbor.io\/#organization\"},\"potentialAction\":[{\"@type\":\"SearchAction\",\"target\":{\"@type\":\"EntryPoint\",\"urlTemplate\":\"https:\/\/host-harbor.io\/?s={search_term_string}\"},\"query-input\":\"required name=search_term_string\"}],\"inLanguage\":\"hu\"},{\"@type\":\"Organization\",\"@id\":\"https:\/\/host-harbor.io\/#organization\",\"name\":\"Host Harbor\",\"url\":\"https:\/\/host-harbor.io\/\",\"logo\":{\"@type\":\"ImageObject\",\"inLanguage\":\"hu\",\"@id\":\"https:\/\/host-harbor.io\/#\/schema\/logo\/image\/\",\"url\":\"https:\/\/host-harbor.io\/wp-content\/uploads\/2023\/10\/Group-81048.svg\",\"contentUrl\":\"https:\/\/host-harbor.io\/wp-content\/uploads\/2023\/10\/Group-81048.svg\",\"width\":162,\"height\":22,\"caption\":\"Host Harbor\"},\"image\":{\"@id\":\"https:\/\/host-harbor.io\/#\/schema\/logo\/image\/\"}}]}<\/script>\n<!-- \/ Yoast SEO plugin. -->","yoast_head_json":{"title":"Push Notifications - Host Harbor","robots":{"index":"index","follow":"follow","max-snippet":"max-snippet:-1","max-image-preview":"max-image-preview:large","max-video-preview":"max-video-preview:-1"},"canonical":"https:\/\/host-harbor.io\/hu\/termek\/push-notifications\/","og_locale":"hu_HU","og_type":"article","og_title":"Push Notifications - Host Harbor","og_description":"Implement push notification functionality to keep users engaged and informed, driving user retention and interaction within your mobile application.","og_url":"https:\/\/host-harbor.io\/hu\/termek\/push-notifications\/","og_site_name":"Host Harbor","twitter_card":"summary_large_image","twitter_misc":{"Becs\u00fclt olvas\u00e1si id\u0151":"1 perc"},"schema":{"@context":"https:\/\/schema.org","@graph":[{"@type":"WebPage","@id":"https:\/\/host-harbor.io\/product\/push-notifications\/","url":"https:\/\/host-harbor.io\/product\/push-notifications\/","name":"Push Notifications - Host Harbor","isPartOf":{"@id":"https:\/\/host-harbor.io\/#website"},"datePublished":"2024-05-24T08:15:45+00:00","dateModified":"2024-05-24T08:15:45+00:00","breadcrumb":{"@id":"https:\/\/host-harbor.io\/product\/push-notifications\/#breadcrumb"},"inLanguage":"hu","potentialAction":[{"@type":"ReadAction","target":["https:\/\/host-harbor.io\/product\/push-notifications\/"]}]},{"@type":"BreadcrumbList","@id":"https:\/\/host-harbor.io\/product\/push-notifications\/#breadcrumb","itemListElement":[{"@type":"ListItem","position":1,"name":"Home","item":"https:\/\/host-harbor.io\/"},{"@type":"ListItem","position":2,"name":"Push Notifications"}]},{"@type":"WebSite","@id":"https:\/\/host-harbor.io\/#website","url":"https:\/\/host-harbor.io\/","name":"Host Harbor","description":"","publisher":{"@id":"https:\/\/host-harbor.io\/#organization"},"potentialAction":[{"@type":"SearchAction","target":{"@type":"EntryPoint","urlTemplate":"https:\/\/host-harbor.io\/?s={search_term_string}"},"query-input":"required name=search_term_string"}],"inLanguage":"hu"},{"@type":"Organization","@id":"https:\/\/host-harbor.io\/#organization","name":"Host Harbor","url":"https:\/\/host-harbor.io\/","logo":{"@type":"ImageObject","inLanguage":"hu","@id":"https:\/\/host-harbor.io\/#\/schema\/logo\/image\/","url":"https:\/\/host-harbor.io\/wp-content\/uploads\/2023\/10\/Group-81048.svg","contentUrl":"https:\/\/host-harbor.io\/wp-content\/uploads\/2023\/10\/Group-81048.svg","width":162,"height":22,"caption":"Host Harbor"},"image":{"@id":"https:\/\/host-harbor.io\/#\/schema\/logo\/image\/"}}]}},"_links":{"self":[{"href":"https:\/\/host-harbor.io\/hu\/wp-json\/wp\/v2\/product\/485"}],"collection":[{"href":"https:\/\/host-harbor.io\/hu\/wp-json\/wp\/v2\/product"}],"about":[{"href":"https:\/\/host-harbor.io\/hu\/wp-json\/wp\/v2\/types\/product"}],"replies":[{"embeddable":true,"href":"https:\/\/host-harbor.io\/hu\/wp-json\/wp\/v2\/comments?post=485"}],"wp:attachment":[{"href":"https:\/\/host-harbor.io\/hu\/wp-json\/wp\/v2\/media?parent=485"}],"wp:term":[{"taxonomy":"product_cat","embeddable":true,"href":"https:\/\/host-harbor.io\/hu\/wp-json\/wp\/v2\/product_cat?post=485"},{"taxonomy":"product_tag","embeddable":true,"href":"https:\/\/host-harbor.io\/hu\/wp-json\/wp\/v2\/product_tag?post=485"}],"curies":[{"name":"wp","href":"https:\/\/api.w.org\/{rel}","templated":true}]}}