{"id":13,"date":"2023-10-25T00:37:38","date_gmt":"2023-10-25T00:37:38","guid":{"rendered":"https:\/\/host-harbor.io\/?page_id=13"},"modified":"2023-11-09T14:20:17","modified_gmt":"2023-11-09T14:20:17","slug":"privacy-policy","status":"publish","type":"page","link":"https:\/\/host-harbor.io\/it\/privacy-policy\/","title":{"rendered":"Informativa sulla privacy"},"content":{"rendered":"<p>L'Informativa sulla privacy descrive le modalit\u00e0 con cui Activanta Group Kft. raccoglie, utilizza, conserva e divulga le informazioni raccolte dagli utenti (ciascuno, un \"Utente\") del sito web di Activanta. <a href=\"http:\/\/host-harbor.io\/it\/\">host-harbor.io<\/a> (\"Sito\"). La presente informativa sulla privacy si applica al Sito e a tutti i prodotti e servizi offerti da Activanta Group Kft. In caso di domande, si prega di scriverci a <a href=\"http:\/\/host-harbor.io\/it\/\">support@host-harbor.io<\/a> o chiamare il numero +3615507312. Inoltre, potete inviarci una mail a questo indirizzo: Cs\u00e1nyi L\u00e1szl\u00f3 utca 34, 1043, Budapest.<\/p>\n\n\n\n<h2 class=\"wp-block-heading\">Informazioni sull'identificazione personale<\/h2>\n\n\n\n<p>Possiamo raccogliere informazioni di identificazione personale dagli utenti in vari modi, tra cui, ma non solo, quando gli utenti visitano il nostro sito, si iscrivono alla newsletter, compilano un modulo e in relazione ad altre attivit\u00e0, servizi, funzioni o risorse che rendiamo disponibili sul nostro sito. Agli utenti possono essere richiesti, a seconda dei casi, nome, indirizzo e-mail e numero di telefono. Raccoglieremo informazioni di identificazione personale dagli utenti solo se questi ci forniranno volontariamente tali informazioni. Gli utenti possono sempre rifiutarsi di fornire informazioni di identificazione personale, salvo il fatto che ci\u00f2 potrebbe impedire loro di partecipare a determinate attivit\u00e0 legate al Sito.<\/p>\n\n\n\n<h2 class=\"wp-block-heading\">Informazioni commerciali e materiali allegati<\/h2>\n\n\n\n<p>Tutte le informazioni condivise saranno mantenute completamente riservate. Host Harbor garantisce che tutta la tecnologia, il codice, le informazioni o i materiali forniti dal Cliente a Host Harbor in relazione all'esecuzione del lavoro da parte di Host Harbor, compresi, a titolo esemplificativo, i materiali dei prodotti, le informazioni sui prodotti e sulle attivit\u00e0 commerciali del Cliente e i programmi software (collettivamente, \"Materiali del Cliente\"), insieme a tutti i diritti di propriet\u00e0 intellettuale in essi contenuti, sono di propriet\u00e0 del Cliente e saranno di sua sola ed esclusiva propriet\u00e0. Host Harbor far\u00e0 del suo meglio per non divulgare alcuna informazione sul Cliente a terzi senza aver ricevuto l'autorizzazione scritta del Cliente. Tutti gli episodi di violazione comporteranno un'adeguata azione disciplinare nei confronti dei responsabili, compreso il possibile licenziamento e sanzioni civili, penali e amministrative.<\/p>\n\n\n\n<h2 class=\"wp-block-heading\">Informazioni di identificazione non personali<\/h2>\n\n\n\n<p>Possiamo raccogliere informazioni di identificazione non personali sugli Utenti ogni volta che interagiscono con il nostro Sito. Le informazioni di identificazione non personale possono includere il nome del browser, il tipo di computer e le informazioni tecniche sul mezzo di connessione dell'Utente al nostro Sito, come il sistema operativo e i fornitori di servizi Internet utilizzati e altre informazioni simili.<\/p>\n\n\n\n<h2 class=\"wp-block-heading\">Cookie del browser web<\/h2>\n\n\n\n<p>Un cookie \u00e8 un piccolo pezzo di dati inviato al browser da un server Web e collocato sul suo disco rigido per scopi di registrazione e talvolta per tracciare informazioni sugli utenti. Gli utenti possono scegliere di impostare il proprio browser web in modo da rifiutare i cookie o da essere avvisati dell'invio di cookie. Per impostazione predefinita, il Sito non utilizza i cookie fino a quando l'Utente non lo consente attraverso il popup di consenso ai cookie che appare alla prima visita dell'Utente al sito. Se l'Utente sceglie di \"non accettare\", alcune parti del Sito potrebbero non funzionare correttamente e alcune caratteristiche potrebbero non funzionare come previsto.<\/p>\n\n\n\n<h2 class=\"wp-block-heading\">Google Analytics<\/h2>\n\n\n\n<p>Utilizziamo uno strumento chiamato \"Google Analytics\" per raccogliere informazioni sull'utilizzo di questo sito. Google Analytics raccoglie informazioni quali la frequenza con cui gli utenti visitano questo sito, le pagine che visitano e quali altri siti hanno utilizzato prima di arrivare a questo sito. Le informazioni ottenute da Google Analytics vengono utilizzate esclusivamente per migliorare questo sito. Google Analytics raccoglie solo l'indirizzo IP assegnato all'utente alla data di visita di questo sito e non il suo nome o altre informazioni identificative. Non combiniamo i dati raccolti con Google Analytics con informazioni di identificazione personale. Sebbene Google Analytics installi un cookie permanente sul vostro browser web per identificarvi come utente unico alla successiva visita di questo sito, il cookie non pu\u00f2 essere utilizzato da altri che da Google. La possibilit\u00e0 di Google di utilizzare e condividere le informazioni raccolte da Google Analytics sulle vostre visite a questo sito \u00e8 limitata dalle Condizioni d'uso di Google Analytics (come modificate per i siti web governativi) e dall'Informativa sulla privacy di Google. Potete impedire a Google Analytics di riconoscervi durante le visite successive a questo sito disabilitando i cookie sul vostro browser.<\/p>\n\n\n\n<h2 class=\"wp-block-heading\">Come utilizziamo le informazioni raccolte<\/h2>\n\n\n\n<p>Activanta Group Kft. pu\u00f2 raccogliere e utilizzare le informazioni personali degli utenti per i seguenti scopi:<\/p>\n\n\n\n<h4 class=\"wp-block-heading\">Per migliorare l'esperienza dell'utente<\/h4>\n\n\n\n<p>Possiamo utilizzare le informazioni in forma aggregata per capire come i nostri utenti, in quanto gruppo, utilizzano i servizi e le risorse fornite dal nostro Sito.<\/p>\n\n\n\n<h4 class=\"wp-block-heading\">Per migliorare il nostro sito<\/h4>\n\n\n\n<p>Ci impegniamo costantemente a migliorare le offerte del nostro sito web sulla base delle informazioni e dei feedback che riceviamo da voi.<\/p>\n\n\n\n<h4 class=\"wp-block-heading\">Migliorare il servizio clienti<\/h4>\n\n\n\n<p>I vostri dati ci aiutano a rispondere in modo pi\u00f9 efficace alle richieste di assistenza e supporto dei clienti.<\/p>\n\n\n\n<h4 class=\"wp-block-heading\">Per amministrare un contenuto, una promozione, un sondaggio o un'altra funzione del Sito<\/h4>\n\n\n\n<p>Per inviare agli utenti informazioni che hanno accettato di ricevere su argomenti che riteniamo di loro interesse.<\/p>\n\n\n\n<h4 class=\"wp-block-heading\">Per inviare e-mail periodiche<\/h4>\n\n\n\n<p>L'indirizzo e-mail fornito dagli utenti sar\u00e0 utilizzato esclusivamente per rispondere alle loro richieste e\/o ad altre domande. Se l'Utente decide di iscriversi alla nostra mailing list, ricever\u00e0 e-mail che possono includere notizie sull'azienda, aggiornamenti, informazioni su prodotti o servizi correlati, ecc. Se in qualsiasi momento l'Utente desidera annullare la ricezione di future e-mail, includiamo istruzioni dettagliate per l'annullamento dell'iscrizione in fondo a ogni e-mail.<\/p>\n\n\n\n<h2 class=\"wp-block-heading\">Come proteggiamo le vostre informazioni<\/h2>\n\n\n\n<p>Adottiamo appropriate pratiche di raccolta, archiviazione ed elaborazione dei dati e misure di sicurezza per proteggere dall'accesso non autorizzato, dall'alterazione, dalla divulgazione o dalla distruzione delle informazioni personali, del nome utente, della password, delle informazioni sulle transazioni e dei dati archiviati sul nostro Sito.<\/p>\n\n\n\n<h2 class=\"wp-block-heading\">Condivisione delle informazioni personali<\/h2>\n\n\n\n<p>Non vendiamo, scambiamo o affittiamo a terzi le informazioni di identificazione personale dell'utente.<\/p>\n\n\n\n<h2 class=\"wp-block-heading\">Modifiche alla presente Informativa sulla privacy<\/h2>\n\n\n\n<p>Activanta Group Kft. pu\u00f2 aggiornare questa politica sulla privacy in qualsiasi momento. Si consiglia vivamente di controllare questa pagina per eventuali modifiche al fine di rimanere informati su come stiamo contribuendo a proteggere le informazioni personali raccolte. L'utente riconosce e accetta che \u00e8 sua responsabilit\u00e0 rivedere periodicamente la presente informativa sulla privacy e venire a conoscenza delle modifiche apportate. In caso di modifiche significative, invieremo un'e-mail a tutti gli utenti registrati e forniremo loro i nuovi dettagli.<\/p>\n\n\n\n<h2 class=\"wp-block-heading\">Il vostro contenuto<\/h2>\n\n\n\n<p>Utilizzando il nostro sito, accettate la nostra politica sulla privacy. Se non si accetta questa politica, si prega di non utilizzare il nostro Sito. L'uso continuato del Sito dopo la pubblicazione di modifiche a questa politica sar\u00e0 considerato come l'accettazione di tali modifiche. L'Utente pu\u00f2 richiedere diverse azioni in merito al trattamento dei propri dati personali e aziendali inviando un'e-mail a <a href=\"http:\/\/host-harbor.io\/it\/\">support@host-harbor.io<\/a> contenente il nome della richiesta nell'oggetto. Entro 30 giorni dalla ricezione dell'e-mail, l'Utente ricever\u00e0 una risposta per confermare che la richiesta \u00e8 stata soddisfatta o per spiegare perch\u00e9 non \u00e8 stato possibile soddisfarla. Le richieste sono le seguenti:<\/p>\n\n\n\n<h2 class=\"wp-block-heading\">Diritto alla richiesta di accesso al soggetto<\/h2>\n\n\n\n<p>L'Utente pu\u00f2 chiedere al Sito di fornire un resoconto di tutti i luoghi in cui sono conservati i dati personali e aziendali dell'Utente.<\/p>\n\n\n\n<h3 class=\"wp-block-heading\">Diritto di rettifica<\/h3>\n\n\n\n<p>L'Utente pu\u00f2 richiedere l'aggiornamento dei dati inesatti.<\/p>\n\n\n\n<h3 class=\"wp-block-heading\">Diritto alla cancellazione<\/h3>\n\n\n\n<p>L'Utente pu\u00f2 richiedere la cancellazione di tutti i propri dati personali e aziendali in possesso del Sito.<\/p>\n\n\n\n<h3 class=\"wp-block-heading\">Diritto alla limitazione dei processi<\/h3>\n\n\n\n<p>L'Utente pu\u00f2 richiedere che il Sito non tratti i suoi dati personali e aziendali.<\/p>\n\n\n\n<h3 class=\"wp-block-heading\">Diritto di ricevere i dati personali e aziendali<\/h3>\n\n\n\n<p>L'Utente pu\u00f2 richiedere che i suoi dati vengano forniti in un formato strutturato, comunemente utilizzato e leggibile da una macchina per essere inviati a un'altra societ\u00e0 o per essere utilizzati in qualsiasi altro modo.<\/p>\n\n\n\n<h2 class=\"wp-block-heading\">Informazioni di contatto<\/h2>\n\n\n\n<p>Se avete domande o dubbi sulla nostra Informativa sulla privacy, o se avete problemi con il sito web o uno dei suoi componenti, contattateci all'indirizzo <a href=\"http:\/\/host-harbor.io\/it\/\">support@host-harbor.io<\/a> o <a href=\"https:\/\/host-harbor.io\/it\/contact-us\/\">https:\/\/host-harbor.io\/contact-us\/<\/a>.<\/p>","protected":false},"excerpt":{"rendered":"<p>Privacy Policy describes how Activanta Group Kft. collects, uses, maintains, and discloses information collected from users (each, a \u201cUser\u201d) of the host-harbor.io website (\u201cSite\u201d). This privacy policy applies to the Site and all products and services offered by Activanta Group Kft. If you have any questions, please write to us by support@host-harbor.io or call +3615507312. [&hellip;]<\/p>","protected":false},"author":1,"featured_media":0,"parent":0,"menu_order":0,"comment_status":"closed","ping_status":"closed","template":"template-pages\/policy.php","meta":{"inline_featured_image":false,"footnotes":""},"yoast_head":"<!-- This site is optimized with the Yoast SEO plugin v21.5 - https:\/\/yoast.com\/wordpress\/plugins\/seo\/ -->\n<title>Privacy policy - Host Harbor<\/title>\n<meta name=\"robots\" content=\"index, follow, max-snippet:-1, max-image-preview:large, max-video-preview:-1\" \/>\n<link rel=\"canonical\" href=\"https:\/\/host-harbor.io\/it\/privacy-policy\/\" \/>\n<meta property=\"og:locale\" content=\"it_IT\" \/>\n<meta property=\"og:type\" content=\"article\" \/>\n<meta property=\"og:title\" content=\"Privacy policy - Host Harbor\" \/>\n<meta property=\"og:description\" content=\"Privacy Policy describes how Activanta Group Kft. collects, uses, maintains, and discloses information collected from users (each, a \u201cUser\u201d) of the host-harbor.io website (\u201cSite\u201d). This privacy policy applies to the Site and all products and services offered by Activanta Group Kft. If you have any questions, please write to us by support@host-harbor.io or call +3615507312. [&hellip;]\" \/>\n<meta property=\"og:url\" content=\"https:\/\/host-harbor.io\/it\/privacy-policy\/\" \/>\n<meta property=\"og:site_name\" content=\"Host Harbor\" \/>\n<meta property=\"article:modified_time\" content=\"2023-11-09T14:20:17+00:00\" \/>\n<meta name=\"twitter:card\" content=\"summary_large_image\" \/>\n<script type=\"application\/ld+json\" class=\"yoast-schema-graph\">{\"@context\":\"https:\/\/schema.org\",\"@graph\":[{\"@type\":\"WebPage\",\"@id\":\"https:\/\/host-harbor.io\/privacy-policy\/\",\"url\":\"https:\/\/host-harbor.io\/privacy-policy\/\",\"name\":\"Privacy policy - Host Harbor\",\"isPartOf\":{\"@id\":\"https:\/\/host-harbor.io\/#website\"},\"datePublished\":\"2023-10-25T00:37:38+00:00\",\"dateModified\":\"2023-11-09T14:20:17+00:00\",\"breadcrumb\":{\"@id\":\"https:\/\/host-harbor.io\/privacy-policy\/#breadcrumb\"},\"inLanguage\":\"it-IT\",\"potentialAction\":[{\"@type\":\"ReadAction\",\"target\":[\"https:\/\/host-harbor.io\/privacy-policy\/\"]}]},{\"@type\":\"BreadcrumbList\",\"@id\":\"https:\/\/host-harbor.io\/privacy-policy\/#breadcrumb\",\"itemListElement\":[{\"@type\":\"ListItem\",\"position\":1,\"name\":\"Home\",\"item\":\"https:\/\/host-harbor.io\/\"},{\"@type\":\"ListItem\",\"position\":2,\"name\":\"Privacy policy\"}]},{\"@type\":\"WebSite\",\"@id\":\"https:\/\/host-harbor.io\/#website\",\"url\":\"https:\/\/host-harbor.io\/\",\"name\":\"Host Harbor\",\"description\":\"\",\"publisher\":{\"@id\":\"https:\/\/host-harbor.io\/#organization\"},\"potentialAction\":[{\"@type\":\"SearchAction\",\"target\":{\"@type\":\"EntryPoint\",\"urlTemplate\":\"https:\/\/host-harbor.io\/?s={search_term_string}\"},\"query-input\":\"required name=search_term_string\"}],\"inLanguage\":\"it-IT\"},{\"@type\":\"Organization\",\"@id\":\"https:\/\/host-harbor.io\/#organization\",\"name\":\"Host Harbor\",\"url\":\"https:\/\/host-harbor.io\/\",\"logo\":{\"@type\":\"ImageObject\",\"inLanguage\":\"it-IT\",\"@id\":\"https:\/\/host-harbor.io\/#\/schema\/logo\/image\/\",\"url\":\"https:\/\/host-harbor.io\/wp-content\/uploads\/2023\/10\/Group-81048.svg\",\"contentUrl\":\"https:\/\/host-harbor.io\/wp-content\/uploads\/2023\/10\/Group-81048.svg\",\"width\":162,\"height\":22,\"caption\":\"Host Harbor\"},\"image\":{\"@id\":\"https:\/\/host-harbor.io\/#\/schema\/logo\/image\/\"}}]}<\/script>\n<!-- \/ Yoast SEO plugin. -->","yoast_head_json":{"title":"Privacy policy - Host Harbor","robots":{"index":"index","follow":"follow","max-snippet":"max-snippet:-1","max-image-preview":"max-image-preview:large","max-video-preview":"max-video-preview:-1"},"canonical":"https:\/\/host-harbor.io\/it\/privacy-policy\/","og_locale":"it_IT","og_type":"article","og_title":"Privacy policy - Host Harbor","og_description":"Privacy Policy describes how Activanta Group Kft. collects, uses, maintains, and discloses information collected from users (each, a \u201cUser\u201d) of the host-harbor.io website (\u201cSite\u201d). This privacy policy applies to the Site and all products and services offered by Activanta Group Kft. If you have any questions, please write to us by support@host-harbor.io or call +3615507312. [&hellip;]","og_url":"https:\/\/host-harbor.io\/it\/privacy-policy\/","og_site_name":"Host Harbor","article_modified_time":"2023-11-09T14:20:17+00:00","twitter_card":"summary_large_image","schema":{"@context":"https:\/\/schema.org","@graph":[{"@type":"WebPage","@id":"https:\/\/host-harbor.io\/privacy-policy\/","url":"https:\/\/host-harbor.io\/privacy-policy\/","name":"Privacy policy - Host Harbor","isPartOf":{"@id":"https:\/\/host-harbor.io\/#website"},"datePublished":"2023-10-25T00:37:38+00:00","dateModified":"2023-11-09T14:20:17+00:00","breadcrumb":{"@id":"https:\/\/host-harbor.io\/privacy-policy\/#breadcrumb"},"inLanguage":"it-IT","potentialAction":[{"@type":"ReadAction","target":["https:\/\/host-harbor.io\/privacy-policy\/"]}]},{"@type":"BreadcrumbList","@id":"https:\/\/host-harbor.io\/privacy-policy\/#breadcrumb","itemListElement":[{"@type":"ListItem","position":1,"name":"Home","item":"https:\/\/host-harbor.io\/"},{"@type":"ListItem","position":2,"name":"Privacy policy"}]},{"@type":"WebSite","@id":"https:\/\/host-harbor.io\/#website","url":"https:\/\/host-harbor.io\/","name":"Host Harbor","description":"","publisher":{"@id":"https:\/\/host-harbor.io\/#organization"},"potentialAction":[{"@type":"SearchAction","target":{"@type":"EntryPoint","urlTemplate":"https:\/\/host-harbor.io\/?s={search_term_string}"},"query-input":"required name=search_term_string"}],"inLanguage":"it-IT"},{"@type":"Organization","@id":"https:\/\/host-harbor.io\/#organization","name":"Host Harbor","url":"https:\/\/host-harbor.io\/","logo":{"@type":"ImageObject","inLanguage":"it-IT","@id":"https:\/\/host-harbor.io\/#\/schema\/logo\/image\/","url":"https:\/\/host-harbor.io\/wp-content\/uploads\/2023\/10\/Group-81048.svg","contentUrl":"https:\/\/host-harbor.io\/wp-content\/uploads\/2023\/10\/Group-81048.svg","width":162,"height":22,"caption":"Host Harbor"},"image":{"@id":"https:\/\/host-harbor.io\/#\/schema\/logo\/image\/"}}]}},"_links":{"self":[{"href":"https:\/\/host-harbor.io\/it\/wp-json\/wp\/v2\/pages\/13"}],"collection":[{"href":"https:\/\/host-harbor.io\/it\/wp-json\/wp\/v2\/pages"}],"about":[{"href":"https:\/\/host-harbor.io\/it\/wp-json\/wp\/v2\/types\/page"}],"author":[{"embeddable":true,"href":"https:\/\/host-harbor.io\/it\/wp-json\/wp\/v2\/users\/1"}],"replies":[{"embeddable":true,"href":"https:\/\/host-harbor.io\/it\/wp-json\/wp\/v2\/comments?post=13"}],"version-history":[{"count":2,"href":"https:\/\/host-harbor.io\/it\/wp-json\/wp\/v2\/pages\/13\/revisions"}],"predecessor-version":[{"id":397,"href":"https:\/\/host-harbor.io\/it\/wp-json\/wp\/v2\/pages\/13\/revisions\/397"}],"wp:attachment":[{"href":"https:\/\/host-harbor.io\/it\/wp-json\/wp\/v2\/media?parent=13"}],"curies":[{"name":"wp","href":"https:\/\/api.w.org\/{rel}","templated":true}]}}