{"id":247,"date":"2023-10-31T14:33:08","date_gmt":"2023-10-31T14:33:08","guid":{"rendered":"https:\/\/host-harbor.io\/?page_id=247"},"modified":"2023-11-13T16:00:50","modified_gmt":"2023-11-13T16:00:50","slug":"terms-of-use","status":"publish","type":"page","link":"https:\/\/host-harbor.io\/it\/terms-of-use\/","title":{"rendered":"Condizioni di utilizzo"},"content":{"rendered":"<p>Benvenuti a <a href=\"http:\/\/host-harbor.io\/it\/\">host-harbor.io<\/a>!<\/p>\n\n\n\n<p><br>Le presenti Condizioni d'uso (\"Condizioni\") contengono le norme e i regolamenti per l'utilizzo del sito web di Activanta Group Kft., all'indirizzo <a href=\"http:\/\/host-harbor.io\/it\/\">https:\/\/host-harbor.io\/<\/a>.<\/p>\n\n\n\n<p><br>Le presenti Condizioni regolano l'accesso e l'utilizzo del Sito web da parte dell'utente. <a href=\"http:\/\/host-harbor.io\/it\/\">host-harbor.io<\/a>. Accedendo o utilizzando il sito web, l'utente accetta di rispettare le presenti Condizioni. Se l'utente non \u00e8 d'accordo con le presenti Condizioni, non deve utilizzare il Sito web. Accedendo o utilizzando il Sito, l'utente dichiara e garantisce di aver letto, compreso e accettato di essere vincolato dai presenti Termini e da tutte le leggi e i regolamenti applicabili. Se l'utente non \u00e8 d'accordo con i presenti Termini, non \u00e8 autorizzato ad accedere o utilizzare il Sito web.<\/p>\n\n\n\n<h2 class=\"wp-block-heading\">Condizioni generali<\/h2>\n\n\n\n<p>Accedendo e inoltrando un ordine ad Activanta Group Kft. (collettivamente \"Host Harbor\", \"noi\" e \"nostro\"), l'utente conferma di essere d'accordo con le presenti Condizioni d'uso. Le presenti Condizioni si applicano all'intero sito web e a qualsiasi e-mail o altro tipo di comunicazione tra l'utente e Host Harbor. In nessun caso il team di Host Harbor sar\u00e0 responsabile per danni diretti, indiretti, speciali, incidentali o consequenziali, compresi, ma non solo, la perdita di dati o profitti derivanti dall'uso, o dall'impossibilit\u00e0 di usare, i materiali di questo sito, anche se il team di Host Harbor o un rappresentante autorizzato \u00e8 stato avvisato della possibilit\u00e0 di tali danni. Se l'uso dei materiali di questo sito comporta la necessit\u00e0 di manutenzione, riparazione o correzione di apparecchiature o dati, l'utente si assume i relativi costi. Host Harbor non sar\u00e0 responsabile di alcun risultato derivante dall'utilizzo delle nostre risorse. Ci riserviamo il diritto di modificare i prezzi e di rivedere la politica di utilizzo delle risorse in qualsiasi momento.<\/p>\n\n\n\n<h2 class=\"wp-block-heading\">Significati<\/h2>\n\n\n\n<p>Per queste Condizioni d'uso:<br><\/p>\n\n\n\n<ul>\n<li><strong>Biscotto:<\/strong> piccoli dati generati da un sito web e salvati dal browser. Vengono utilizzati per identificare il browser, fornire analisi e ricordare informazioni sull'utente, come la lingua preferita o le informazioni di accesso.<\/li>\n\n\n\n<li><strong>Azienda:<\/strong> Quando nella presente informativa si parla di \"Porto ospitante\", \"noi\", \"ci\" o \"nostro\", ci si riferisce ad Activanta Group Kft, indirizzo registrato: Kinizsi, u.20 foldszint 1, Budapest, Ungheria, 1203, indirizzo operativo: Cs\u00e1nyi L\u00e1szl\u00f3 utca 34, 1043, Budapest, \u00e8 responsabile delle informazioni dell'utente ai sensi delle presenti Condizioni d'uso.<\/li>\n\n\n\n<li><strong>Paese: <\/strong>dove Host Harbor o i proprietari\/fondatori di Host Harbor hanno sede, in questo caso in Ungheria.<\/li>\n\n\n\n<li><strong>Dispositivo: <\/strong>qualsiasi dispositivo connesso a Internet come un telefono, un tablet, un computer o altri dispositivi che possono essere utilizzati per visitare Host Harbor e utilizzare i servizi.<\/li>\n\n\n\n<li><strong>Servizio:<\/strong> si riferisce al servizio fornito da Host Harbor come descritto nelle relative condizioni (se disponibili) e su questa piattaforma.<\/li>\n\n\n\n<li><strong>Servizio di terze parti: <\/strong>si riferisce a inserzionisti, sponsor di concorsi, partner promozionali e di marketing e altri soggetti che forniscono i nostri contenuti o i cui prodotti o servizi riteniamo possano interessarvi.<\/li>\n\n\n\n<li><strong>Sito web: <\/strong>Sito di Activanta Group Kft. accessibile tramite questo URL: <a href=\"http:\/\/host-harbor.io\/it\/\">https:\/\/host-harbor.io\/<\/a>.<\/li>\n\n\n\n<li><strong>Tu: <\/strong>una persona o un'entit\u00e0 registrata presso Host Harbor per utilizzare i Servizi.<\/li>\n<\/ul>\n\n\n\n<h2 class=\"wp-block-heading\">Legge applicabile e giurisdizione<\/h2>\n\n\n\n<p>Le presenti Condizioni sono disciplinate e interpretate in conformit\u00e0 alle leggi dell'Ungheria. Qualsiasi controversia derivante dalle presenti Condizioni sar\u00e0 soggetta alla giurisdizione esclusiva dei tribunali dell'Ungheria.<\/p>\n\n\n\n<h2 class=\"wp-block-heading\">Comportamento dell'utente<\/h2>\n\n\n\n<p>L'utente accetta di non utilizzare il sito web per scopi illegali, abusivi o inappropriati. In particolare, l'utente accetta di non:<br><\/p>\n\n\n\n<ul>\n<li>Violare qualsiasi legge o regolamento applicabile;<\/li>\n\n\n\n<li>Interferire o interrompere il funzionamento del Sito Web o dei suoi server;<\/li>\n\n\n\n<li>eludere o tentare di eludere qualsiasi misura di sicurezza;<\/li>\n\n\n\n<li>Raccogliere o memorizzare informazioni personali di altri utenti;<\/li>\n\n\n\n<li>Pubblicare o trasmettere contenuti dannosi, osceni, diffamatori o altrimenti discutibili;<\/li>\n\n\n\n<li>Utilizzare il sito web per scopi commerciali senza previo consenso scritto.<\/li>\n<\/ul>\n\n\n\n<h2 class=\"wp-block-heading\">Diritti di propriet\u00e0 intellettuale<\/h2>\n\n\n\n<p>Il Sito e tutti i suoi contenuti, inclusi, a titolo esemplificativo ma non esaustivo, testi, grafici, immagini, loghi, icone e software, sono di propriet\u00e0 di Activanta Group Kft. o dei suoi licenziatari e sono protetti dalle leggi sulla propriet\u00e0 intellettuale. All'utente viene concessa una licenza limitata, non esclusiva e non trasferibile per l'accesso e l'utilizzo del sito web esclusivamente per scopi personali e non commerciali. Non \u00e8 consentito riprodurre, modificare, distribuire o creare opere derivate dal sito Web senza il previo consenso scritto di Activanta Group Kft. L'utente non deve:<br><\/p>\n\n\n\n<ul>\n<li>Ripubblicare materiale da <a href=\"http:\/\/host-harbor.io\/it\/\">host-harbor.io<\/a>;<\/li>\n\n\n\n<li>Vendere, affittare o concedere in sub-licenza materiale proveniente da <a href=\"http:\/\/host-harbor.io\/it\/\">host-harbor.io<\/a>;<\/li>\n\n\n\n<li>Riprodurre, duplicare o copiare materiale da <a href=\"http:\/\/host-harbor.io\/it\/\">host-harbor.io<\/a>;<\/li>\n\n\n\n<li>Ridistribuire i contenuti di <a href=\"http:\/\/host-harbor.io\/it\/\">host-harbor.io<\/a>.<\/li>\n<\/ul>\n\n\n\n<h2 class=\"wp-block-heading\">Contenuti di terze parti<\/h2>\n\n\n\n<p>Il sito web pu\u00f2 contenere link a siti web, servizi o pubblicit\u00e0 di terzi non posseduti o controllati da Host Harbor. Host Harbor non approva n\u00e9 si assume alcuna responsabilit\u00e0 per i contenuti di terzi. Le interazioni dell'utente con siti web o servizi di terze parti sono esclusivamente tra l'utente e la rispettiva terza parte e avvengono a sua discrezione e con le conseguenze che ne possono derivare.<\/p>\n\n\n\n<h2 class=\"wp-block-heading\">Esclusione di garanzia<\/h2>\n\n\n\n<p>Il sito web viene fornito \"cos\u00ec com'\u00e8\" e \"come disponibile\". Host Harbor non fornisce alcuna garanzia o dichiarazione, espressa o implicita, in merito all'accuratezza, all'affidabilit\u00e0 o all'idoneit\u00e0 del sito web per uno scopo particolare. Non garantiamo la correttezza delle informazioni contenute in questo sito web, n\u00e9 la loro completezza o accuratezza. Inoltre, non promettiamo la disponibilit\u00e0 continua del sito web o che il contenuto del sito web sia sempre aggiornato.<\/p>\n\n\n\n<h2 class=\"wp-block-heading\">Limitazione di responsabilit\u00e0<\/h2>\n\n\n\n<p>In nessun caso Host Harbor, le sue affiliate, i loro dipendenti o agenti saranno responsabili per danni diretti, indiretti, incidentali, speciali o consequenziali in qualsiasi modo connessi all'uso del sito web o del suo contenuto. Il nostro sito web e il suo utilizzo sono soggetti a determinate limitazioni e condizioni. Le disposizioni in materia di responsabilit\u00e0 di cui alla presente sezione e a tutta la presente clausola di esclusione della responsabilit\u00e0 si applicano a tutte le responsabilit\u00e0 derivanti dall'uso del nostro sito web, comprese quelle derivanti da contratto, illecito e violazione di obblighi di legge. Inoltre, pur fornendo il sito web e le relative informazioni e servizi a titolo gratuito, non saremo ritenuti responsabili per eventuali perdite o danni.<\/p>\n\n\n\n<h2 class=\"wp-block-heading\">Modifiche ai Termini<\/h2>\n\n\n\n<p>Host Harbor si riserva il diritto di aggiornare o modificare le presenti Condizioni in qualsiasi momento senza preavviso. \u00c8 responsabilit\u00e0 dell'utente rivedere periodicamente i Termini per eventuali modifiche. L'uso continuato del sito Web dopo tali modifiche implica l'accettazione dei Termini aggiornati.<\/p>\n\n\n\n<h2 class=\"wp-block-heading\">Terminazione<\/h2>\n\n\n\n<p>Host Harbor pu\u00f2, a sua esclusiva discrezione, sospendere o interrompere l'accesso dell'utente al sito web senza preavviso e per qualsiasi motivo, inclusa, a titolo esemplificativo, la violazione dei presenti Termini o di qualsiasi legge applicabile.<\/p>\n\n\n\n<h2 class=\"wp-block-heading\">Biscotti<\/h2>\n\n\n\n<p>Utilizziamo i cookie. Al momento dell'accesso <a href=\"http:\/\/host-harbor.io\/it\/\">host-harbor.io<\/a> per la prima volta attraverso una finestra pop-up di Cookiebot, avete specificato la portata consentita del nostro utilizzo dei cookie. Per ulteriori informazioni sui cookie e sul tracciamento \u00e8 possibile consultare il sito web <a href=\"http:\/\/host-harbor.io\/it\/\">host-harbor.io<\/a> sito web nell'Informativa sulla privacy di Activanta Group Kft.<\/p>\n\n\n\n<h2 class=\"wp-block-heading\">Collegamento ipertestuale ai nostri contenuti<\/h2>\n\n\n\n<p>Alcune organizzazioni, quali agenzie governative, motori di ricerca, societ\u00e0 di news\/media e directory online, possono collegarsi al nostro sito web senza previa approvazione scritta. Altre aziende possono collegarsi al nostro sito web a condizione che siano soddisfatte le seguenti condizioni:<br><\/p>\n\n\n\n<ul>\n<li>Il link non \u00e8 in alcun modo ingannevole;&nbsp;<\/li>\n\n\n\n<li>Non implica falsamente la sponsorizzazione, l'avallo o l'approvazione del linkante e dei suoi prodotti e\/o servizi;<\/li>\n\n\n\n<li>Si inserisce nel contesto del sito del linkante.<\/li>\n<\/ul>\n\n\n\n<p><br>Possiamo prendere in considerazione e approvare altre richieste di collegamento da parte di altre organizzazioni nei casi in cui:<br>&nbsp;<\/p>\n\n\n\n<ul>\n<li>Il collegamento non ci farebbe apparire sfavorevoli a noi stessi o alle nostre aziende accreditate;<\/li>\n\n\n\n<li>L'organizzazione non ha alcun record negativo con noi;<\/li>\n\n\n\n<li>Il link \u00e8 nel contesto delle informazioni generali sulle risorse.<\/li>\n<\/ul>\n\n\n\n<p><br>Per le richieste di collegamento, contattateci direttamente a <a href=\"http:\/\/host-harbor.io\/it\/\">support@host-harbor.io<\/a>. La richiesta deve contenere:<br><\/p>\n\n\n\n<ul>\n<li>Il tuo nome.<\/li>\n\n\n\n<li>Il nome della vostra organizzazione.<\/li>\n\n\n\n<li>Informazioni di contatto e l'URL del vostro sito.<\/li>\n\n\n\n<li>Un elenco di URL da cui intendete collegarvi al nostro sito web.<\/li>\n\n\n\n<li>Un elenco degli URL del nostro sito a cui desiderate collegarvi.&nbsp;<\/li>\n<\/ul>\n\n\n\n<h2 class=\"wp-block-heading\">Riserva di diritti<\/h2>\n\n\n\n<p>Ci riserviamo il diritto di richiedere la rimozione di uno o pi\u00f9 link al nostro sito web. Una volta ricevuta tale richiesta, l'utente \u00e8 tenuto a rimuovere tempestivamente tutti i link al nostro sito web. Inoltre, ci riserviamo il diritto di modificare i presenti termini e condizioni e la nostra politica di collegamento in qualsiasi momento. Collegandovi continuamente al nostro sito web, accettate di essere vincolati e di rispettare i presenti termini e condizioni di collegamento.<\/p>\n\n\n\n<h2 class=\"wp-block-heading\">Severit\u00e0<\/h2>\n\n\n\n<p>Nonostante il mancato esercizio da parte nostra di qualsiasi diritto ai sensi delle presenti Condizioni d'uso o dell'applicazione di qualsiasi disposizione delle stesse, ci riserviamo il diritto di farlo in un secondo momento e tale inazione non sar\u00e0 considerata una rinuncia ai nostri diritti n\u00e9 limiter\u00e0 la nostra capacit\u00e0 di esercitare tali diritti in futuro.<\/p>\n\n\n\n<p><br>Qualora un tribunale o un'altra autorit\u00e0 competente dichiari non valida una qualsiasi disposizione delle presenti Condizioni d'uso. In tal caso, l'utente riconosce e accetta che il tribunale si adoperer\u00e0 per mantenere le intenzioni delle parti espresse in tale disposizione. Per contro, tutte le altre disposizioni delle presenti Condizioni d'uso rimarranno pienamente valide ed efficaci.<\/p>\n\n\n\n<h2 class=\"wp-block-heading\">Rimozione di link dal nostro sito web<\/h2>\n\n\n\n<p>Se nel nostro sito web vi imbattete in link che ritenete offensivi per qualsiasi motivo, siete invitati a informarci in qualsiasi momento. Pur prendendo in considerazione le richieste di rimozione dei link, non siamo obbligati a farlo o a fornire una risposta diretta.<\/p>\n\n\n\n<h2 class=\"wp-block-heading\">Informazioni di contatto<\/h2>\n\n\n\n<p>Se avete domande o dubbi su questi Termini, o se avete problemi con il sito web o con uno qualsiasi dei suoi componenti, contattateci all'indirizzo <a href=\"http:\/\/host-harbor.io\/it\/\">support@host-harbor.io<\/a> o <a href=\"https:\/\/host-harbor.io\/it\/contact-us\/\">https:\/\/host-harbor.io\/contact-us\/<\/a>.<\/p>","protected":false},"excerpt":{"rendered":"<p>Welcome to host-harbor.io! These Terms of Use (\u201cTerms\u201d) contain the rules and regulations for using Activanta Group Kft.\u2019s Website, located at https:\/\/host-harbor.io\/. These Terms regulate your access to and use of the Website host-harbor.io. By accessing or using the Website, you agree to abide by these Terms. If you do not agree with these Terms, [&hellip;]<\/p>","protected":false},"author":1,"featured_media":0,"parent":0,"menu_order":0,"comment_status":"closed","ping_status":"closed","template":"template-pages\/policy.php","meta":{"inline_featured_image":false,"footnotes":""},"yoast_head":"<!-- This site is optimized with the Yoast SEO plugin v21.5 - https:\/\/yoast.com\/wordpress\/plugins\/seo\/ -->\n<title>Terms of use - Host Harbor<\/title>\n<meta name=\"robots\" content=\"index, follow, max-snippet:-1, max-image-preview:large, max-video-preview:-1\" \/>\n<link rel=\"canonical\" href=\"https:\/\/host-harbor.io\/it\/terms-of-use\/\" \/>\n<meta property=\"og:locale\" content=\"it_IT\" \/>\n<meta property=\"og:type\" content=\"article\" \/>\n<meta property=\"og:title\" content=\"Terms of use - Host Harbor\" \/>\n<meta property=\"og:description\" content=\"Welcome to host-harbor.io! These Terms of Use (\u201cTerms\u201d) contain the rules and regulations for using Activanta Group Kft.\u2019s Website, located at https:\/\/host-harbor.io\/. These Terms regulate your access to and use of the Website host-harbor.io. By accessing or using the Website, you agree to abide by these Terms. If you do not agree with these Terms, [&hellip;]\" \/>\n<meta property=\"og:url\" content=\"https:\/\/host-harbor.io\/it\/terms-of-use\/\" \/>\n<meta property=\"og:site_name\" content=\"Host Harbor\" \/>\n<meta property=\"article:modified_time\" content=\"2023-11-13T16:00:50+00:00\" \/>\n<meta name=\"twitter:card\" content=\"summary_large_image\" \/>\n<script type=\"application\/ld+json\" class=\"yoast-schema-graph\">{\"@context\":\"https:\/\/schema.org\",\"@graph\":[{\"@type\":\"WebPage\",\"@id\":\"https:\/\/host-harbor.io\/terms-of-use\/\",\"url\":\"https:\/\/host-harbor.io\/terms-of-use\/\",\"name\":\"Terms of use - Host Harbor\",\"isPartOf\":{\"@id\":\"https:\/\/host-harbor.io\/#website\"},\"datePublished\":\"2023-10-31T14:33:08+00:00\",\"dateModified\":\"2023-11-13T16:00:50+00:00\",\"breadcrumb\":{\"@id\":\"https:\/\/host-harbor.io\/terms-of-use\/#breadcrumb\"},\"inLanguage\":\"it-IT\",\"potentialAction\":[{\"@type\":\"ReadAction\",\"target\":[\"https:\/\/host-harbor.io\/terms-of-use\/\"]}]},{\"@type\":\"BreadcrumbList\",\"@id\":\"https:\/\/host-harbor.io\/terms-of-use\/#breadcrumb\",\"itemListElement\":[{\"@type\":\"ListItem\",\"position\":1,\"name\":\"Home\",\"item\":\"https:\/\/host-harbor.io\/\"},{\"@type\":\"ListItem\",\"position\":2,\"name\":\"Terms of use\"}]},{\"@type\":\"WebSite\",\"@id\":\"https:\/\/host-harbor.io\/#website\",\"url\":\"https:\/\/host-harbor.io\/\",\"name\":\"Host Harbor\",\"description\":\"\",\"publisher\":{\"@id\":\"https:\/\/host-harbor.io\/#organization\"},\"potentialAction\":[{\"@type\":\"SearchAction\",\"target\":{\"@type\":\"EntryPoint\",\"urlTemplate\":\"https:\/\/host-harbor.io\/?s={search_term_string}\"},\"query-input\":\"required name=search_term_string\"}],\"inLanguage\":\"it-IT\"},{\"@type\":\"Organization\",\"@id\":\"https:\/\/host-harbor.io\/#organization\",\"name\":\"Host Harbor\",\"url\":\"https:\/\/host-harbor.io\/\",\"logo\":{\"@type\":\"ImageObject\",\"inLanguage\":\"it-IT\",\"@id\":\"https:\/\/host-harbor.io\/#\/schema\/logo\/image\/\",\"url\":\"https:\/\/host-harbor.io\/wp-content\/uploads\/2023\/10\/Group-81048.svg\",\"contentUrl\":\"https:\/\/host-harbor.io\/wp-content\/uploads\/2023\/10\/Group-81048.svg\",\"width\":162,\"height\":22,\"caption\":\"Host Harbor\"},\"image\":{\"@id\":\"https:\/\/host-harbor.io\/#\/schema\/logo\/image\/\"}}]}<\/script>\n<!-- \/ Yoast SEO plugin. -->","yoast_head_json":{"title":"Terms of use - Host Harbor","robots":{"index":"index","follow":"follow","max-snippet":"max-snippet:-1","max-image-preview":"max-image-preview:large","max-video-preview":"max-video-preview:-1"},"canonical":"https:\/\/host-harbor.io\/it\/terms-of-use\/","og_locale":"it_IT","og_type":"article","og_title":"Terms of use - Host Harbor","og_description":"Welcome to host-harbor.io! These Terms of Use (\u201cTerms\u201d) contain the rules and regulations for using Activanta Group Kft.\u2019s Website, located at https:\/\/host-harbor.io\/. These Terms regulate your access to and use of the Website host-harbor.io. By accessing or using the Website, you agree to abide by these Terms. If you do not agree with these Terms, [&hellip;]","og_url":"https:\/\/host-harbor.io\/it\/terms-of-use\/","og_site_name":"Host Harbor","article_modified_time":"2023-11-13T16:00:50+00:00","twitter_card":"summary_large_image","schema":{"@context":"https:\/\/schema.org","@graph":[{"@type":"WebPage","@id":"https:\/\/host-harbor.io\/terms-of-use\/","url":"https:\/\/host-harbor.io\/terms-of-use\/","name":"Terms of use - Host Harbor","isPartOf":{"@id":"https:\/\/host-harbor.io\/#website"},"datePublished":"2023-10-31T14:33:08+00:00","dateModified":"2023-11-13T16:00:50+00:00","breadcrumb":{"@id":"https:\/\/host-harbor.io\/terms-of-use\/#breadcrumb"},"inLanguage":"it-IT","potentialAction":[{"@type":"ReadAction","target":["https:\/\/host-harbor.io\/terms-of-use\/"]}]},{"@type":"BreadcrumbList","@id":"https:\/\/host-harbor.io\/terms-of-use\/#breadcrumb","itemListElement":[{"@type":"ListItem","position":1,"name":"Home","item":"https:\/\/host-harbor.io\/"},{"@type":"ListItem","position":2,"name":"Terms of use"}]},{"@type":"WebSite","@id":"https:\/\/host-harbor.io\/#website","url":"https:\/\/host-harbor.io\/","name":"Host Harbor","description":"","publisher":{"@id":"https:\/\/host-harbor.io\/#organization"},"potentialAction":[{"@type":"SearchAction","target":{"@type":"EntryPoint","urlTemplate":"https:\/\/host-harbor.io\/?s={search_term_string}"},"query-input":"required name=search_term_string"}],"inLanguage":"it-IT"},{"@type":"Organization","@id":"https:\/\/host-harbor.io\/#organization","name":"Host Harbor","url":"https:\/\/host-harbor.io\/","logo":{"@type":"ImageObject","inLanguage":"it-IT","@id":"https:\/\/host-harbor.io\/#\/schema\/logo\/image\/","url":"https:\/\/host-harbor.io\/wp-content\/uploads\/2023\/10\/Group-81048.svg","contentUrl":"https:\/\/host-harbor.io\/wp-content\/uploads\/2023\/10\/Group-81048.svg","width":162,"height":22,"caption":"Host Harbor"},"image":{"@id":"https:\/\/host-harbor.io\/#\/schema\/logo\/image\/"}}]}},"_links":{"self":[{"href":"https:\/\/host-harbor.io\/it\/wp-json\/wp\/v2\/pages\/247"}],"collection":[{"href":"https:\/\/host-harbor.io\/it\/wp-json\/wp\/v2\/pages"}],"about":[{"href":"https:\/\/host-harbor.io\/it\/wp-json\/wp\/v2\/types\/page"}],"author":[{"embeddable":true,"href":"https:\/\/host-harbor.io\/it\/wp-json\/wp\/v2\/users\/1"}],"replies":[{"embeddable":true,"href":"https:\/\/host-harbor.io\/it\/wp-json\/wp\/v2\/comments?post=247"}],"version-history":[{"count":10,"href":"https:\/\/host-harbor.io\/it\/wp-json\/wp\/v2\/pages\/247\/revisions"}],"predecessor-version":[{"id":428,"href":"https:\/\/host-harbor.io\/it\/wp-json\/wp\/v2\/pages\/247\/revisions\/428"}],"wp:attachment":[{"href":"https:\/\/host-harbor.io\/it\/wp-json\/wp\/v2\/media?parent=247"}],"curies":[{"name":"wp","href":"https:\/\/api.w.org\/{rel}","templated":true}]}}