{"id":32,"date":"2023-10-26T12:54:21","date_gmt":"2023-10-26T12:54:21","guid":{"rendered":"https:\/\/host-harbor.io\/?page_id=32"},"modified":"2023-11-30T10:17:09","modified_gmt":"2023-11-30T10:17:09","slug":"refund-policy","status":"publish","type":"page","link":"https:\/\/host-harbor.io\/it\/refund-policy\/","title":{"rendered":"Politica di rimborso"},"content":{"rendered":"<h2 class=\"wp-block-heading\">Nessun rimborso<\/h2>\n\n\n\n<p>Vi ringraziamo per aver scelto <a href=\"http:\/\/host-harbor.io\/it\/\">https:\/\/host-harbor.io\/<\/a>, gestito da Activanta Group Kft. Tuttavia, dobbiamo notare che non forniamo rimborsi per i servizi o i prodotti acquistati sul nostro sito web. Tutte le transazioni sono considerate definitive al momento del completamento.<\/p>\n\n\n\n<h2 class=\"wp-block-heading\">Responsabilit\u00e0 del cliente<\/h2>\n\n\n\n<p>I clienti sono gli unici responsabili delle decisioni di acquisto prese sul nostro sito. Prima di effettuare qualsiasi acquisto, invitiamo i clienti a esaminare attentamente tutte le informazioni e le specifiche relative ai servizi o ai prodotti che intendono acquistare.<\/p>\n\n\n\n<h2 class=\"wp-block-heading\">Considerazione della richiesta di rimborso<\/h2>\n\n\n\n<p>In circostanze eccezionali, possiamo prendere in considerazione richieste di rimborso. Tali circostanze possono includere:<\/p>\n\n\n\n<ul>\n<li><strong>Pagamenti errati:<\/strong> Se si effettua per sbaglio un pagamento o si duplica un pagamento.<\/li>\n\n\n\n<li><strong>Importo di pagamento errato:<\/strong> Se vi viene addebitato un importo errato a causa di un errore tecnico o di trascrizione da parte nostra.<\/li>\n\n\n\n<li><strong>Pagamento con i dati sbagliati:<\/strong> Se \u00e8 possibile fornire la prova di un pagamento effettuato con dati di pagamento errati, che ha portato a una transazione non andata a buon fine.<\/li>\n\n\n\n<li><strong>Servizio o Prodotto non consegnato:<\/strong> Se il servizio o il prodotto acquistato non viene consegnato come descritto per motivi che rientrano nel nostro controllo.<\/li>\n<\/ul>\n\n\n\n<h2 class=\"wp-block-heading\">Invio di una richiesta di rimborso<\/h2>\n\n\n\n<p>Se ritenete che la vostra situazione rientri in una delle circostanze eccezionali di cui sopra, potete inoltrare una richiesta di rimborso al nostro team di assistenza clienti all'indirizzo <a href=\"mailto:support@host-harbor.io\">support@host-harbor.io<\/a>. La richiesta di rimborso deve contenere le seguenti informazioni:<\/p>\n\n\n\n<ul>\n<li>Nome e cognome<\/li>\n\n\n\n<li>Indirizzo e-mail utilizzato per l'acquisto<\/li>\n\n\n\n<li>Data della transazione<\/li>\n\n\n\n<li>ID transazione o ricevuta<\/li>\n\n\n\n<li>Spiegazione dettagliata del problema<\/li>\n<\/ul>\n\n\n\n<h2 class=\"wp-block-heading\">Revisione e decisione<\/h2>\n\n\n\n<p>Una volta ricevuta la richiesta di rimborso, il nostro team esaminer\u00e0 attentamente le informazioni fornite. Il nostro obiettivo \u00e8 quello di rispondere a tutte le richieste di rimborso entro 7 giorni lavorativi. La nostra decisione in merito alla richiesta di rimborso si baser\u00e0 sulla validit\u00e0 delle circostanze presentate e sulle nostre politiche.<\/p>\n\n\n\n<h2 class=\"wp-block-heading\">Informazioni di contatto<\/h2>\n\n\n\n<p>In caso di domande o ulteriori chiarimenti sulla nostra politica di rimborso, non esitate a contattare il nostro team di assistenza clienti all'indirizzo <a href=\"mailto:support@host-harbor.io\">support@host-harbor.io<\/a>.<\/p>\n\n\n\n<p>Si prega di notare che la presente Politica dei rimborsi \u00e8 soggetta a modifiche senza preavviso. \u00c8 responsabilit\u00e0 dell'utente rivedere periodicamente questa politica per eventuali aggiornamenti.<\/p>\n\n\n\n<p>Grazie per aver scelto Host Harbor!<\/p>","protected":false},"excerpt":{"rendered":"<p>No Refunds We appreciate you choosing https:\/\/host-harbor.io\/, which is operated by Activanta Group Kft. However, we must note that we do not provide refunds for any services or products purchased on our website. All transactions are considered final upon completion. Customer Responsibility Customers are solely responsible for their purchasing decisions made on our site. Before [&hellip;]<\/p>","protected":false},"author":1,"featured_media":0,"parent":0,"menu_order":0,"comment_status":"closed","ping_status":"closed","template":"template-pages\/policy.php","meta":{"inline_featured_image":false,"footnotes":""},"yoast_head":"<!-- This site is optimized with the Yoast SEO plugin v21.5 - https:\/\/yoast.com\/wordpress\/plugins\/seo\/ -->\n<title>Refund policy - Host Harbor<\/title>\n<meta name=\"robots\" content=\"index, follow, max-snippet:-1, max-image-preview:large, max-video-preview:-1\" \/>\n<link rel=\"canonical\" href=\"https:\/\/host-harbor.io\/it\/refund-policy\/\" \/>\n<meta property=\"og:locale\" content=\"it_IT\" \/>\n<meta property=\"og:type\" content=\"article\" \/>\n<meta property=\"og:title\" content=\"Refund policy - Host Harbor\" \/>\n<meta property=\"og:description\" content=\"No Refunds We appreciate you choosing https:\/\/host-harbor.io\/, which is operated by Activanta Group Kft. However, we must note that we do not provide refunds for any services or products purchased on our website. All transactions are considered final upon completion. Customer Responsibility Customers are solely responsible for their purchasing decisions made on our site. Before [&hellip;]\" \/>\n<meta property=\"og:url\" content=\"https:\/\/host-harbor.io\/it\/refund-policy\/\" \/>\n<meta property=\"og:site_name\" content=\"Host Harbor\" \/>\n<meta property=\"article:modified_time\" content=\"2023-11-30T10:17:09+00:00\" \/>\n<meta name=\"twitter:card\" content=\"summary_large_image\" \/>\n<meta name=\"twitter:label1\" content=\"Tempo di lettura stimato\" \/>\n\t<meta name=\"twitter:data1\" content=\"2 minuti\" \/>\n<script type=\"application\/ld+json\" class=\"yoast-schema-graph\">{\"@context\":\"https:\/\/schema.org\",\"@graph\":[{\"@type\":\"WebPage\",\"@id\":\"https:\/\/host-harbor.io\/refund-policy\/\",\"url\":\"https:\/\/host-harbor.io\/refund-policy\/\",\"name\":\"Refund policy - Host Harbor\",\"isPartOf\":{\"@id\":\"https:\/\/host-harbor.io\/#website\"},\"datePublished\":\"2023-10-26T12:54:21+00:00\",\"dateModified\":\"2023-11-30T10:17:09+00:00\",\"breadcrumb\":{\"@id\":\"https:\/\/host-harbor.io\/refund-policy\/#breadcrumb\"},\"inLanguage\":\"it-IT\",\"potentialAction\":[{\"@type\":\"ReadAction\",\"target\":[\"https:\/\/host-harbor.io\/refund-policy\/\"]}]},{\"@type\":\"BreadcrumbList\",\"@id\":\"https:\/\/host-harbor.io\/refund-policy\/#breadcrumb\",\"itemListElement\":[{\"@type\":\"ListItem\",\"position\":1,\"name\":\"Home\",\"item\":\"https:\/\/host-harbor.io\/\"},{\"@type\":\"ListItem\",\"position\":2,\"name\":\"Refund policy\"}]},{\"@type\":\"WebSite\",\"@id\":\"https:\/\/host-harbor.io\/#website\",\"url\":\"https:\/\/host-harbor.io\/\",\"name\":\"Host Harbor\",\"description\":\"\",\"publisher\":{\"@id\":\"https:\/\/host-harbor.io\/#organization\"},\"potentialAction\":[{\"@type\":\"SearchAction\",\"target\":{\"@type\":\"EntryPoint\",\"urlTemplate\":\"https:\/\/host-harbor.io\/?s={search_term_string}\"},\"query-input\":\"required name=search_term_string\"}],\"inLanguage\":\"it-IT\"},{\"@type\":\"Organization\",\"@id\":\"https:\/\/host-harbor.io\/#organization\",\"name\":\"Host Harbor\",\"url\":\"https:\/\/host-harbor.io\/\",\"logo\":{\"@type\":\"ImageObject\",\"inLanguage\":\"it-IT\",\"@id\":\"https:\/\/host-harbor.io\/#\/schema\/logo\/image\/\",\"url\":\"https:\/\/host-harbor.io\/wp-content\/uploads\/2023\/10\/Group-81048.svg\",\"contentUrl\":\"https:\/\/host-harbor.io\/wp-content\/uploads\/2023\/10\/Group-81048.svg\",\"width\":162,\"height\":22,\"caption\":\"Host Harbor\"},\"image\":{\"@id\":\"https:\/\/host-harbor.io\/#\/schema\/logo\/image\/\"}}]}<\/script>\n<!-- \/ Yoast SEO plugin. -->","yoast_head_json":{"title":"Refund policy - Host Harbor","robots":{"index":"index","follow":"follow","max-snippet":"max-snippet:-1","max-image-preview":"max-image-preview:large","max-video-preview":"max-video-preview:-1"},"canonical":"https:\/\/host-harbor.io\/it\/refund-policy\/","og_locale":"it_IT","og_type":"article","og_title":"Refund policy - Host Harbor","og_description":"No Refunds We appreciate you choosing https:\/\/host-harbor.io\/, which is operated by Activanta Group Kft. However, we must note that we do not provide refunds for any services or products purchased on our website. All transactions are considered final upon completion. Customer Responsibility Customers are solely responsible for their purchasing decisions made on our site. Before [&hellip;]","og_url":"https:\/\/host-harbor.io\/it\/refund-policy\/","og_site_name":"Host Harbor","article_modified_time":"2023-11-30T10:17:09+00:00","twitter_card":"summary_large_image","twitter_misc":{"Tempo di lettura stimato":"2 minuti"},"schema":{"@context":"https:\/\/schema.org","@graph":[{"@type":"WebPage","@id":"https:\/\/host-harbor.io\/refund-policy\/","url":"https:\/\/host-harbor.io\/refund-policy\/","name":"Refund policy - Host Harbor","isPartOf":{"@id":"https:\/\/host-harbor.io\/#website"},"datePublished":"2023-10-26T12:54:21+00:00","dateModified":"2023-11-30T10:17:09+00:00","breadcrumb":{"@id":"https:\/\/host-harbor.io\/refund-policy\/#breadcrumb"},"inLanguage":"it-IT","potentialAction":[{"@type":"ReadAction","target":["https:\/\/host-harbor.io\/refund-policy\/"]}]},{"@type":"BreadcrumbList","@id":"https:\/\/host-harbor.io\/refund-policy\/#breadcrumb","itemListElement":[{"@type":"ListItem","position":1,"name":"Home","item":"https:\/\/host-harbor.io\/"},{"@type":"ListItem","position":2,"name":"Refund policy"}]},{"@type":"WebSite","@id":"https:\/\/host-harbor.io\/#website","url":"https:\/\/host-harbor.io\/","name":"Host Harbor","description":"","publisher":{"@id":"https:\/\/host-harbor.io\/#organization"},"potentialAction":[{"@type":"SearchAction","target":{"@type":"EntryPoint","urlTemplate":"https:\/\/host-harbor.io\/?s={search_term_string}"},"query-input":"required name=search_term_string"}],"inLanguage":"it-IT"},{"@type":"Organization","@id":"https:\/\/host-harbor.io\/#organization","name":"Host Harbor","url":"https:\/\/host-harbor.io\/","logo":{"@type":"ImageObject","inLanguage":"it-IT","@id":"https:\/\/host-harbor.io\/#\/schema\/logo\/image\/","url":"https:\/\/host-harbor.io\/wp-content\/uploads\/2023\/10\/Group-81048.svg","contentUrl":"https:\/\/host-harbor.io\/wp-content\/uploads\/2023\/10\/Group-81048.svg","width":162,"height":22,"caption":"Host Harbor"},"image":{"@id":"https:\/\/host-harbor.io\/#\/schema\/logo\/image\/"}}]}},"_links":{"self":[{"href":"https:\/\/host-harbor.io\/it\/wp-json\/wp\/v2\/pages\/32"}],"collection":[{"href":"https:\/\/host-harbor.io\/it\/wp-json\/wp\/v2\/pages"}],"about":[{"href":"https:\/\/host-harbor.io\/it\/wp-json\/wp\/v2\/types\/page"}],"author":[{"embeddable":true,"href":"https:\/\/host-harbor.io\/it\/wp-json\/wp\/v2\/users\/1"}],"replies":[{"embeddable":true,"href":"https:\/\/host-harbor.io\/it\/wp-json\/wp\/v2\/comments?post=32"}],"version-history":[{"count":10,"href":"https:\/\/host-harbor.io\/it\/wp-json\/wp\/v2\/pages\/32\/revisions"}],"predecessor-version":[{"id":437,"href":"https:\/\/host-harbor.io\/it\/wp-json\/wp\/v2\/pages\/32\/revisions\/437"}],"wp:attachment":[{"href":"https:\/\/host-harbor.io\/it\/wp-json\/wp\/v2\/media?parent=32"}],"curies":[{"name":"wp","href":"https:\/\/api.w.org\/{rel}","templated":true}]}}